{"id":51932,"date":"2025-01-26T02:34:00","date_gmt":"2025-01-26T02:34:00","guid":{"rendered":"https:\/\/nexgendecors.com\/product\/coleman-camping-tent-with-instant-setup-4-6-8-10-person-weatherproof-tent-with-weathertec-technology-double-thick-fabric-and-included-carry-bag-sets-up-in-60-seconds1706340206357\/"},"modified":"2025-04-06T08:23:24","modified_gmt":"2025-04-06T08:23:24","slug":"tienda-de-campana-coleman-de-instalacion-instantanea-para-4-6-8-y-10-personas-resistente-a-la-intemperie-con-tecnologia-weathertec-tela-de-doble-grosor-y-bolsa-de-transporte-incluida-se-instala","status":"publish","type":"product","link":"https:\/\/nexgendecors.com\/es\/product\/tienda-de-campana-coleman-de-instalacion-instantanea-para-4-6-8-y-10-personas-resistente-a-la-intemperie-con-tecnologia-weathertec-tela-de-doble-grosor-y-bolsa-de-transporte-incluida-se-instala\/","title":{"rendered":"Tienda de campa\u00f1a Coleman de instalaci\u00f3n instant\u00e1nea para 4 personas, resistente a la intemperie"},"content":{"rendered":"<p>\ud83c\udfd5\ufe0f <strong>Hola, mira la tienda de campa\u00f1a Coleman para 4 personas: \u00a1est\u00e1 genial!<\/strong><\/p>\n<p>\u00a1Atenci\u00f3n, amigos! Estamos a punto de compartir informaci\u00f3n valiosa sobre esta fant\u00e1stica tienda de campa\u00f1a. Es totalmente impermeable y tiene un aire de amplitud incre\u00edble, perfecta para todas tus aventuras de camping. \u00bfY lo mejor? \u00a1Se monta al instante! Nadie tiene tiempo que perder en complicados montajes. Con la tienda de campa\u00f1a Coleman para 4 personas, vivir\u00e1s la vida al m\u00e1ximo.<\/p>\n<p>\ud83c\udf27\ufe0f <strong>A prueba de la intemperie:<\/strong><\/p>\n<ul>\n<li>No tienes que preocuparte por la lluvia o el viento que arruinan tu viaje de camping. Esta tienda de campa\u00f1a Coleman est\u00e1 dise\u00f1ada para mantenerte seco y c\u00f3modo en cualquier clima.<\/li>\n<\/ul>\n<p>\ud83d\udecf\ufe0f <strong>Espacioso:<\/strong><\/p>\n<ul>\n<li>\u00a1Esta tienda de campa\u00f1a est\u00e1 iluminada! Tiene espacio de sobra para que t\u00fa y tu equipo se relajen. Se acabaron los espacios reducidos y las camas inc\u00f3modas.<\/li>\n<\/ul>\n<p>\u26a1 <strong>Configuraci\u00f3n r\u00e1pida:<\/strong><\/p>\n<ul>\n<li>Nadie tiene tiempo para complicarse con el montaje de una tienda de campa\u00f1a. Esta se monta al instante, como por arte de magia. Solo tienes que abrirla y listo.<\/li>\n<\/ul>\n<p>\ud83d\udcaa <strong>Materiales duraderos:<\/strong><\/p>\n<ul>\n<li>No escatimamos en calidad. Esta tienda est\u00e1 hecha con materiales de primera calidad que resisten cualquier adversidad. Est\u00e1 hecha para durar, amigo.<\/li>\n<\/ul>\n<p>\ud83c\udf92 <strong>Almacenamiento port\u00e1til y f\u00e1cil:<\/strong><\/p>\n<ul>\n<li>Esta tienda de campa\u00f1a incluye una bolsa de almacenamiento que la hace muy f\u00e1cil de transportar y guardar. Ll\u00e9vala contigo en todas tus aventuras sin ning\u00fan problema.<\/li>\n<\/ul>\n<p>\ud83d\udccf <strong>Presupuesto:<\/strong><\/p>\n<ul>\n<li>\n<strong>Dimensiones del paquete del art\u00edculo:<\/strong> 38,4 x 9 x 8,4 pulgadas<\/li>\n<li>\n<strong>Peso del paquete:<\/strong> 9,14 kilogramos<\/li>\n<li>\n<strong>Dimensiones del art\u00edculo:<\/strong> 39,95 x 8,38 x 9,38 pulgadas\u00a0<\/li>\n<li>\n<strong>Peso del art\u00edculo:<\/strong> 19,1 libras<\/li>\n<li>\n<strong>Color:<\/strong> Marr\u00f3n\/Negro<\/li>\n<li>\n<strong>Material:<\/strong> Poli\u00e9ster, polietileno, acero aleado, tela<\/li>\n<li>\n<strong>Estilo:<\/strong> 4 personas<\/li>\n<li>\n<strong>Componentes incluidos:<\/strong> Estacas de tierra, PDF, bolsa de almacenamiento<\/li>\n<\/ul>\n<p>Mejora tu experiencia de campamento con la carpa de caba\u00f1a Coleman para 4 personas y \u00a1vive tu mejor vida al aire libre! \ud83c\udf32<\/p>\n<p>\u00a0<\/p>","protected":false},"excerpt":{"rendered":"<p>\u00a1Echa un vistazo a la tienda de campa\u00f1a Coleman para 4 personas! \u00a1Est\u00e1 genial! \u00a1Atenci\u00f3n, amigos! \u00a1Estamos a punto de lanzarla!<\/p>","protected":false},"featured_media":109726,"comment_status":"open","ping_status":"closed","template":"","meta":[],"product_brand":[],"product_cat":[30971,30876],"product_tag":[],"class_list":{"0":"post-51932","1":"product","2":"type-product","3":"status-publish","4":"has-post-thumbnail","6":"product_cat-hp","7":"product_cat-tents-and-shelter","9":"first","10":"outofstock","11":"sale","12":"taxable","13":"shipping-taxable","14":"purchasable","15":"product-type-simple"},"_links":{"self":[{"href":"https:\/\/nexgendecors.com\/es\/wp-json\/wp\/v2\/product\/51932","targetHints":{"allow":["GET"]}}],"collection":[{"href":"https:\/\/nexgendecors.com\/es\/wp-json\/wp\/v2\/product"}],"about":[{"href":"https:\/\/nexgendecors.com\/es\/wp-json\/wp\/v2\/types\/product"}],"replies":[{"embeddable":true,"href":"https:\/\/nexgendecors.com\/es\/wp-json\/wp\/v2\/comments?post=51932"}],"version-history":[{"count":0,"href":"https:\/\/nexgendecors.com\/es\/wp-json\/wp\/v2\/product\/51932\/revisions"}],"wp:featuredmedia":[{"embeddable":true,"href":"https:\/\/nexgendecors.com\/es\/wp-json\/wp\/v2\/media\/109726"}],"wp:attachment":[{"href":"https:\/\/nexgendecors.com\/es\/wp-json\/wp\/v2\/media?parent=51932"}],"wp:term":[{"taxonomy":"product_brand","embeddable":true,"href":"https:\/\/nexgendecors.com\/es\/wp-json\/wp\/v2\/product_brand?post=51932"},{"taxonomy":"product_cat","embeddable":true,"href":"https:\/\/nexgendecors.com\/es\/wp-json\/wp\/v2\/product_cat?post=51932"},{"taxonomy":"product_tag","embeddable":true,"href":"https:\/\/nexgendecors.com\/es\/wp-json\/wp\/v2\/product_tag?post=51932"}],"curies":[{"name":"wp","href":"https:\/\/api.w.org\/{rel}","templated":true}]}}