{"id":52058,"date":"2025-01-26T02:34:29","date_gmt":"2025-01-26T02:34:29","guid":{"rendered":"https:\/\/nexgendecors.com\/product\/combination-bed-with-upper-bed-and-lower-desk-space-capsule-loft-bed-study-below-and-sleep-above-iron-frame-solid-wood-bed\/"},"modified":"2025-04-06T08:23:36","modified_gmt":"2025-04-06T08:23:36","slug":"cama-combinada-con-cama-superior-y-escritorio-inferior-capsula-espacial-cama-alta-estudio-debajo-y-dormir-encima-estructura-de-hierro-cama-de-madera-maciza","status":"publish","type":"product","link":"https:\/\/nexgendecors.com\/es\/product\/cama-combinada-con-cama-superior-y-escritorio-inferior-capsula-espacial-cama-alta-estudio-debajo-y-dormir-encima-estructura-de-hierro-cama-de-madera-maciza\/","title":{"rendered":"Cama alta c\u00e1psula espacial con escritorio: estructura de hierro y madera"},"content":{"rendered":"<ul>\n<li>\n<strong>estilo<\/strong>:Sencillez<\/li>\n<li>\n<strong>\u00bfHay espacio de almacenamiento?<\/strong>:S\u00ed<\/li>\n<li>\n<strong>ciudad<\/strong>:Ciudad de Guangzhou<\/li>\n<li>\n<strong>Distritos y condados<\/strong>Distrito de Tianhe<\/li>\n<li>\n<strong>\u00bfEst\u00e1 disponible la preventa?<\/strong>:S\u00ed<\/li>\n<li>\n<strong>Material de acabado<\/strong>:Paneles a base de madera<\/li>\n<li>\n<strong>Proceso de acabado de tableros artificiales<\/strong>:Mate<\/li>\n<li>\n<strong>Caracter\u00edsticas adicionales<\/strong>:Multifunci\u00f3n<\/li>\n<li>\n<strong>volumen del paquete<\/strong>:3<\/li>\n<li>\n<strong>Estructura del mobiliario<\/strong>:Estructura<\/li>\n<li>\n<strong>\u00bfExiste una barrera de seguridad?<\/strong>:S\u00ed<\/li>\n<li>\n<strong>Posicionamiento de estilo<\/strong>:Estilo art\u00edstico<\/li>\n<li>\n<strong>ordenar por color<\/strong>:Azul transparente negro simple negro de dos piezas cian de dos piezas marr\u00f3n oscuro azul claro negro arena de dos piezas marr\u00f3n claro marr\u00f3n claro de tres piezas blanco de dos piezas blanco lechoso de dos piezas proyecto escolar<\/li>\n<li>\n<strong>Peso bruto<\/strong>:300<\/li>\n<li>\n<strong>marca<\/strong>:Saifukang (muebles)<\/li>\n<li>\n<strong>modelo<\/strong>:SFK71<\/li>\n<li>\n<strong>elementos populares<\/strong>:Dise\u00f1o maestro de metal<\/li>\n<li>\n<strong>\u00bfEs personalizable?<\/strong>:S\u00ed<\/li>\n<li>\n<strong>Combinaci\u00f3n<\/strong>:M\u00e1s combinaciones<\/li>\n<li>\n<strong>Material<\/strong>:acero<\/li>\n<li>\n<strong>Detalles de las instrucciones de instalaci\u00f3n<\/strong>:Proporcione instrucciones de instalaci\u00f3n. Proporcione un video con instrucciones de instalaci\u00f3n.<\/li>\n<li>\n<strong>tama\u00f1o<\/strong>:otro<\/li>\n<li>\n<strong>patr\u00f3n<\/strong>:abstracto<\/li>\n<li>\n<strong>\u00bfHay taxi disponible para transporte?<\/strong>:No<\/li>\n<li>\n<strong>g\u00e9nero<\/strong>:Mujer Hombre<\/li>\n<li>\n<strong>Entrega\/instalaci\u00f3n disponible<\/strong>:Todas las ciudades<\/li>\n<li>\n<strong><\/strong>:<\/li>\n<\/ul>","protected":false},"excerpt":{"rendered":"<p>Estilo:Simplicidad \u00bfHay espacio de almacenamiento?:S\u00ed Ciudad:Ciudad de Guangzhou Distritos y condados:Distrito de Tianhe \u00bfHay preventa disponible?:S\u00ed Material de acabado:Paneles a base de madera Acabado de tablero artificial<\/p>","protected":false},"featured_media":109913,"comment_status":"open","ping_status":"closed","template":"","meta":[],"product_brand":[],"product_cat":[30971,30866],"product_tag":[],"class_list":{"0":"post-52058","1":"product","2":"type-product","3":"status-publish","4":"has-post-thumbnail","6":"product_cat-hp","7":"product_cat-wholesales-university-high-schools","9":"first","10":"instock","11":"taxable","12":"shipping-taxable","13":"purchasable","14":"product-type-variable"},"_links":{"self":[{"href":"https:\/\/nexgendecors.com\/es\/wp-json\/wp\/v2\/product\/52058","targetHints":{"allow":["GET"]}}],"collection":[{"href":"https:\/\/nexgendecors.com\/es\/wp-json\/wp\/v2\/product"}],"about":[{"href":"https:\/\/nexgendecors.com\/es\/wp-json\/wp\/v2\/types\/product"}],"replies":[{"embeddable":true,"href":"https:\/\/nexgendecors.com\/es\/wp-json\/wp\/v2\/comments?post=52058"}],"version-history":[{"count":0,"href":"https:\/\/nexgendecors.com\/es\/wp-json\/wp\/v2\/product\/52058\/revisions"}],"wp:featuredmedia":[{"embeddable":true,"href":"https:\/\/nexgendecors.com\/es\/wp-json\/wp\/v2\/media\/109913"}],"wp:attachment":[{"href":"https:\/\/nexgendecors.com\/es\/wp-json\/wp\/v2\/media?parent=52058"}],"wp:term":[{"taxonomy":"product_brand","embeddable":true,"href":"https:\/\/nexgendecors.com\/es\/wp-json\/wp\/v2\/product_brand?post=52058"},{"taxonomy":"product_cat","embeddable":true,"href":"https:\/\/nexgendecors.com\/es\/wp-json\/wp\/v2\/product_cat?post=52058"},{"taxonomy":"product_tag","embeddable":true,"href":"https:\/\/nexgendecors.com\/es\/wp-json\/wp\/v2\/product_tag?post=52058"}],"curies":[{"name":"wp","href":"https:\/\/api.w.org\/{rel}","templated":true}]}}