{"id":52289,"date":"2025-01-26T02:35:00","date_gmt":"2025-01-26T02:35:00","guid":{"rendered":"https:\/\/nexgendecors.com\/product\/conference-table-long-table-simple-modern-small-desk-oval-nordic-conference-room-table-and-chair-combination-white-negotiation-table\/"},"modified":"2025-04-06T08:24:22","modified_gmt":"2025-04-06T08:24:22","slug":"mesa-de-conferencia-larga-sencilla-moderna-pequena-ovalada-nordica-mesa-y-silla-para-sala-de-conferencias-mesa-de-negociacion-blanca","status":"publish","type":"product","link":"https:\/\/nexgendecors.com\/es\/product\/mesa-de-conferencia-larga-sencilla-moderna-pequena-ovalada-nordica-mesa-y-silla-para-sala-de-conferencias-mesa-de-negociacion-blanca\/","title":{"rendered":"Conjunto de mesa y sillas de conferencia ovaladas n\u00f3rdicas: dise\u00f1o moderno"},"content":{"rendered":"<ul>\n<li>\n<strong>marca<\/strong>:Peque\u00f1o artesano<\/li>\n<li>\n<strong>modelo<\/strong>:mesa de conferencias ovalada<\/li>\n<li>\n<strong>\u00bfEs personalizable?<\/strong>:No<\/li>\n<li>\n<strong>longitud<\/strong>:380 cm<\/li>\n<li>\n<strong>Origen<\/strong>:Provincia de Jiangsu<\/li>\n<li>\n<strong>Funci\u00f3n<\/strong>:Combinaci\u00f3n libre, movible y desmontable.<\/li>\n<li>\n<strong>forma<\/strong>:Cuadrado<\/li>\n<li>\n<strong>Armar<\/strong>:S\u00ed<\/li>\n<li>\n<strong>Material<\/strong>:Acero y madera<\/li>\n<li>\n<strong>N\u00famero de personas aplicable<\/strong>:6-10 personas<\/li>\n<li>\n<strong>\u00bfHay taxi disponible para transporte?<\/strong>:No<\/li>\n<li>\n<strong>ordenar por color<\/strong>:Concierte una cita para la sala de exposiciones fuera de l\u00ednea en Hangzhou: 15157159604 Imagen principal Silla de cinco garras (asiento gris) Todo blanco (1800*900*750) Todo blanco + silla * 6 (1800*900*750) Todo blanco (2000*900*750) Todo blanco + silla * 6 (2000*900*750) Todo blanco (2200*900*750) Todo blanco + silla * 6 (2200*900*750) Todo blanco (2400*1200*750) Todo blanco + silla * 8 (2400*1200*750) Todo blanco (2600*1200*750) Todo blanco + silla * 8 (2600*1200*750) Todo blanco (2800*1200*750) Todo blanco + silla * 10 (2800 * 1200 * 750) Todo blanco (3000 * 1200 * 750) Todo blanco + silla * 10 (3000 * 1200 * 750) Todo blanco (3200 * 1200 * 750) Todo blanco + silla * 12 (3200 * 1200 * 750) Todo blanco (3400 * 1200 * 750) Todo blanco + silla * 12 (3400 * 1200 * 750) Todo blanco (3600 * 1200 * 750) Todo blanco + silla * 14 (3600 * 1200 * 750) Todo blanco (3800 * 1200 * 750) Todo blanco + silla * 14 (3800 * 1200 * 750)<\/li>\n<\/ul>\n<p><img><\/p>","protected":false},"excerpt":{"rendered":"<p>Marca: Little Craftsman Modelo: mesa de conferencia ovalada \u00bfEs personalizable?: no Longitud: 380 cm Origen: provincia de Jiangsu Funci\u00f3n: combinaci\u00f3n libre, movible y desmontable Forma: cuadrada Ensamblar: s\u00ed Material: acero y<\/p>","protected":false},"featured_media":110186,"comment_status":"open","ping_status":"closed","template":"","meta":[],"product_brand":[],"product_cat":[30901,30971,30859],"product_tag":[],"class_list":{"0":"post-52289","1":"product","2":"type-product","3":"status-publish","4":"has-post-thumbnail","6":"product_cat-bs-office","7":"product_cat-hp","8":"product_cat-wholesale-office","10":"first","11":"instock","12":"sale","13":"taxable","14":"shipping-taxable","15":"purchasable","16":"product-type-variable"},"_links":{"self":[{"href":"https:\/\/nexgendecors.com\/es\/wp-json\/wp\/v2\/product\/52289","targetHints":{"allow":["GET"]}}],"collection":[{"href":"https:\/\/nexgendecors.com\/es\/wp-json\/wp\/v2\/product"}],"about":[{"href":"https:\/\/nexgendecors.com\/es\/wp-json\/wp\/v2\/types\/product"}],"replies":[{"embeddable":true,"href":"https:\/\/nexgendecors.com\/es\/wp-json\/wp\/v2\/comments?post=52289"}],"version-history":[{"count":0,"href":"https:\/\/nexgendecors.com\/es\/wp-json\/wp\/v2\/product\/52289\/revisions"}],"wp:featuredmedia":[{"embeddable":true,"href":"https:\/\/nexgendecors.com\/es\/wp-json\/wp\/v2\/media\/110186"}],"wp:attachment":[{"href":"https:\/\/nexgendecors.com\/es\/wp-json\/wp\/v2\/media?parent=52289"}],"wp:term":[{"taxonomy":"product_brand","embeddable":true,"href":"https:\/\/nexgendecors.com\/es\/wp-json\/wp\/v2\/product_brand?post=52289"},{"taxonomy":"product_cat","embeddable":true,"href":"https:\/\/nexgendecors.com\/es\/wp-json\/wp\/v2\/product_cat?post=52289"},{"taxonomy":"product_tag","embeddable":true,"href":"https:\/\/nexgendecors.com\/es\/wp-json\/wp\/v2\/product_tag?post=52289"}],"curies":[{"name":"wp","href":"https:\/\/api.w.org\/{rel}","templated":true}]}}