{"id":52510,"date":"2025-01-26T02:35:24","date_gmt":"2025-01-26T02:35:24","guid":{"rendered":"https:\/\/nexgendecors.com\/product\/conference-training-chair-nordic-armless-bow-shaped-modern-simple-staff-office-reception-negotiation-training-chair\/"},"modified":"2025-04-06T08:24:47","modified_gmt":"2025-04-06T08:24:47","slug":"conference-training-chair-nordic-armless-bow-shaped-modern-simple-staff-office-reception-negotiation-training-chair","status":"publish","type":"product","link":"https:\/\/nexgendecors.com\/es\/product\/conference-training-chair-nordic-armless-bow-shaped-modern-simple-staff-office-reception-negotiation-training-chair\/","title":{"rendered":"Silla de recepci\u00f3n de oficina n\u00f3rdica sin brazos con forma de arco"},"content":{"rendered":"<ul>\n<li>\n<strong>Material<\/strong>:pl\u00e1stico<\/li>\n<li>\n<strong>Material pl\u00e1stico<\/strong>:otro<\/li>\n<li>\n<strong>estilo<\/strong>:Moderno y sencillo<\/li>\n<li>\n<strong>Origen<\/strong>:China continental<\/li>\n<li>\n<strong>provincia<\/strong>:Provincia de Guangdong<\/li>\n<li>\n<strong>ordenar por color<\/strong>:White thickened version, black thickened version, gray thickened version, blue thickened version, yellow thickened version, white thickened version + light gray cushion, white thickened version + green cushion, white thickened version + orange cushion, white thickened version + red cushion, white thickened version + black cushion, white thickened version + light blue cushion, black thickened version + black cushion, black thickened version + red cushion, yellow thickened version + light gray cushion, yellow thickened version + orange cushion, various thickened versions + various cushions, more pieces for more discounts, please contact customer service<\/li>\n<li>\n<strong>Material de tela<\/strong>:neto<\/li>\n<li>\n<strong>\u00bfEs plegable?<\/strong>:No<\/li>\n<li>\n<strong>\u00bfSe puede subir o bajar?<\/strong>:No<\/li>\n<li>\n<strong>\u00bfEs giratorio?<\/strong>:No<\/li>\n<li>\n<strong>\u00bfPuedo acostarme?<\/strong>:No<\/li>\n<li>\n<strong>\u00bfEs apilable?<\/strong>:S\u00ed<\/li>\n<li>\n<strong>Material para pies de cinco estrellas<\/strong>:Pies de acero<\/li>\n<li>\n<strong>Tipo de pasamanos<\/strong>:Sin apoyabrazos<\/li>\n<\/ul>\n<p><img><\/p>","protected":false},"excerpt":{"rendered":"<p>Material: pl\u00e1stico Material pl\u00e1stico: otro Estilo: moderno y simple Origen: China continental Provincia: provincia de Guangdong Ordenar por color: versi\u00f3n blanca engrosada, versi\u00f3n negra engrosada, versi\u00f3n gris engrosada<\/p>","protected":false},"featured_media":110442,"comment_status":"open","ping_status":"closed","template":"","meta":[],"product_brand":[],"product_cat":[30855,30971,30859,30866],"product_tag":[],"class_list":{"0":"post-52510","1":"product","2":"type-product","3":"status-publish","4":"has-post-thumbnail","6":"product_cat-wholesale-chairs","7":"product_cat-hp","8":"product_cat-wholesale-office","9":"product_cat-wholesales-university-high-schools","11":"first","12":"instock","13":"taxable","14":"shipping-taxable","15":"purchasable","16":"product-type-variable"},"_links":{"self":[{"href":"https:\/\/nexgendecors.com\/es\/wp-json\/wp\/v2\/product\/52510","targetHints":{"allow":["GET"]}}],"collection":[{"href":"https:\/\/nexgendecors.com\/es\/wp-json\/wp\/v2\/product"}],"about":[{"href":"https:\/\/nexgendecors.com\/es\/wp-json\/wp\/v2\/types\/product"}],"replies":[{"embeddable":true,"href":"https:\/\/nexgendecors.com\/es\/wp-json\/wp\/v2\/comments?post=52510"}],"version-history":[{"count":0,"href":"https:\/\/nexgendecors.com\/es\/wp-json\/wp\/v2\/product\/52510\/revisions"}],"wp:featuredmedia":[{"embeddable":true,"href":"https:\/\/nexgendecors.com\/es\/wp-json\/wp\/v2\/media\/110442"}],"wp:attachment":[{"href":"https:\/\/nexgendecors.com\/es\/wp-json\/wp\/v2\/media?parent=52510"}],"wp:term":[{"taxonomy":"product_brand","embeddable":true,"href":"https:\/\/nexgendecors.com\/es\/wp-json\/wp\/v2\/product_brand?post=52510"},{"taxonomy":"product_cat","embeddable":true,"href":"https:\/\/nexgendecors.com\/es\/wp-json\/wp\/v2\/product_cat?post=52510"},{"taxonomy":"product_tag","embeddable":true,"href":"https:\/\/nexgendecors.com\/es\/wp-json\/wp\/v2\/product_tag?post=52510"}],"curies":[{"name":"wp","href":"https:\/\/api.w.org\/{rel}","templated":true}]}}