{"id":52640,"date":"2025-01-26T02:35:53","date_gmt":"2025-01-26T02:35:53","guid":{"rendered":"https:\/\/nexgendecors.com\/product\/cosiest-3-piece-outdoor-bistro-set-patio-rocking-chairs-upgrade-pvc-furniture-sets-iron-armchair-with-thickened-cushion-and-wood-coffee-table-for-lawn-garden-porch-off-white1711879778744\/"},"modified":"2025-04-06T08:25:14","modified_gmt":"2025-04-06T08:25:14","slug":"cosiest-3-piece-outdoor-bistro-set-patio-rocking-chairs-upgrade-pvc-furniture-sets-iron-armchair-with-thickened-cushion-and-wood-coffee-table-for-lawn-garden-porch-off-white1711879778744","status":"publish","type":"product","link":"https:\/\/nexgendecors.com\/es\/product\/cosiest-3-piece-outdoor-bistro-set-patio-rocking-chairs-upgrade-pvc-furniture-sets-iron-armchair-with-thickened-cushion-and-wood-coffee-table-for-lawn-garden-porch-off-white1711879778744\/","title":{"rendered":"COSIEST Juego de Bistro de 3 piezas para exterior con mecedoras"},"content":{"rendered":"<p data-mce-fragment=\"1\"><strong data-mce-fragment=\"1\">Material de calidad<\/strong> \ud83c\udf3f:<\/p>\n<ul data-mce-fragment=\"1\">\n<li data-mce-fragment=\"1\">Made of high-quality iron with weather-resistant and durable paint protection<\/li>\n<li data-mce-fragment=\"1\">Non-toxic, burr-free design for safety and longevity<\/li>\n<\/ul>\n<p data-mce-fragment=\"1\"><strong data-mce-fragment=\"1\">Sum\u00e9rgete en el lujo<\/strong> \ud83d\udecb\ufe0f:<\/p>\n<ul data-mce-fragment=\"1\">\n<li data-mce-fragment=\"1\">Features 2-inch high-density foam cushions for ultimate comfort<\/li>\n<li data-mce-fragment=\"1\">Deep seat design distributes weight evenly for a relaxed feel<\/li>\n<\/ul>\n<p data-mce-fragment=\"1\"><strong data-mce-fragment=\"1\">Durable y hermoso<\/strong> \ud83c\udf1f:<\/p>\n<ul data-mce-fragment=\"1\">\n<li data-mce-fragment=\"1\">Hand-woven UV-resistant, water-resistant PVC strapping<\/li>\n<li data-mce-fragment=\"1\">Distinctive weaving adds aesthetic appeal and durability<\/li>\n<\/ul>\n<p data-mce-fragment=\"1\"><strong data-mce-fragment=\"1\">Presupuesto<\/strong> \ud83d\udcd0:<\/p>\n<ul data-mce-fragment=\"1\">\n<li data-mce-fragment=\"1\">Each chair: 30.7&#8243; D x 24.4&#8243; W x 34.5&#8243; H<\/li>\n<li data-mce-fragment=\"1\">2-inch seat cushions for added comfort<\/li>\n<li data-mce-fragment=\"1\">Coffee table: 19.7&#8243; diameter, 44-pound weight capacity<\/li>\n<\/ul>\n<p data-mce-fragment=\"1\"><strong data-mce-fragment=\"1\">Bajo mantenimiento<\/strong> \ud83e\uddfc:<\/p>\n<ul data-mce-fragment=\"1\">\n<li data-mce-fragment=\"1\">Easy to clean with soap and water<\/li>\n<li data-mce-fragment=\"1\">No need for sanding, staining, or painting like wooden chairs<\/li>\n<\/ul>\n<div><\/div>","protected":false},"excerpt":{"rendered":"<p>Material de calidad \ud83c\udf3f: Hecho de hierro de alta calidad con protecci\u00f3n de pintura resistente a la intemperie y duradera Dise\u00f1o no t\u00f3xico y sin rebabas para mayor seguridad y longevidad.<\/p>","protected":false},"featured_media":110712,"comment_status":"open","ping_status":"closed","template":"","meta":[],"product_brand":[],"product_cat":[30971,30856,32],"product_tag":[],"class_list":{"0":"post-52640","1":"product","2":"type-product","3":"status-publish","4":"has-post-thumbnail","6":"product_cat-hp","7":"product_cat-outdoor-furniture","8":"product_cat-residential-furniture","10":"first","11":"instock","12":"taxable","13":"shipping-taxable","14":"purchasable","15":"product-type-variable"},"_links":{"self":[{"href":"https:\/\/nexgendecors.com\/es\/wp-json\/wp\/v2\/product\/52640","targetHints":{"allow":["GET"]}}],"collection":[{"href":"https:\/\/nexgendecors.com\/es\/wp-json\/wp\/v2\/product"}],"about":[{"href":"https:\/\/nexgendecors.com\/es\/wp-json\/wp\/v2\/types\/product"}],"replies":[{"embeddable":true,"href":"https:\/\/nexgendecors.com\/es\/wp-json\/wp\/v2\/comments?post=52640"}],"version-history":[{"count":0,"href":"https:\/\/nexgendecors.com\/es\/wp-json\/wp\/v2\/product\/52640\/revisions"}],"wp:featuredmedia":[{"embeddable":true,"href":"https:\/\/nexgendecors.com\/es\/wp-json\/wp\/v2\/media\/110712"}],"wp:attachment":[{"href":"https:\/\/nexgendecors.com\/es\/wp-json\/wp\/v2\/media?parent=52640"}],"wp:term":[{"taxonomy":"product_brand","embeddable":true,"href":"https:\/\/nexgendecors.com\/es\/wp-json\/wp\/v2\/product_brand?post=52640"},{"taxonomy":"product_cat","embeddable":true,"href":"https:\/\/nexgendecors.com\/es\/wp-json\/wp\/v2\/product_cat?post=52640"},{"taxonomy":"product_tag","embeddable":true,"href":"https:\/\/nexgendecors.com\/es\/wp-json\/wp\/v2\/product_tag?post=52640"}],"curies":[{"name":"wp","href":"https:\/\/api.w.org\/{rel}","templated":true}]}}