{"id":52643,"date":"2025-01-26T02:35:54","date_gmt":"2025-01-26T02:35:54","guid":{"rendered":"https:\/\/nexgendecors.com\/product\/cosiest-5-piece-outdoor-furniture-all-weather-mottlewood-brown-wicker-sectional-sofa-w-warm-gray-thick-cushions-glass-top-coffee-table-patio1711879782542\/"},"modified":"2025-04-06T08:25:17","modified_gmt":"2025-04-06T08:25:17","slug":"cosiest-5-piece-outdoor-furniture-all-weather-mottlewood-brown-wicker-sectional-sofa-w-warm-gray-thick-cushions-glass-top-coffee-table-patio1711879782542","status":"publish","type":"product","link":"https:\/\/nexgendecors.com\/es\/product\/cosiest-5-piece-outdoor-furniture-all-weather-mottlewood-brown-wicker-sectional-sofa-w-warm-gray-thick-cushions-glass-top-coffee-table-patio1711879782542\/","title":{"rendered":"COSIEST Mottlewood Conjunto de sof\u00e1 seccional de mimbre marr\u00f3n"},"content":{"rendered":"<p data-mce-fragment=\"1\">\ud83c\udf33 <strong data-mce-fragment=\"1\">Put the Fun in Function:<\/strong> Enjoy the natural outdoorsy look of our &#8220;mottlewood brown&#8221; all-weather synthetic PE resin wicker handwoven around a sturdy rust-resistant powder-coated steel frame. This set features a 3-section sofa with left and right side sections and an armless chair in the middle. The ottoman is generously sized for shared relaxation.<\/p>\n<p data-mce-fragment=\"1\">\ud83c\udf1f <strong data-mce-fragment=\"1\">Enduring Quality:<\/strong> Our cushions and pillows are covered with superior poly-fiber fabric, outperforming Olefin with solution-dyed color for longer lasting vibrancy, greater resistance to weather extremes, and enhanced breathability for comfort even on bare skin.<\/p>\n<p data-mce-fragment=\"1\">\ud83d\udecb\ufe0f <strong data-mce-fragment=\"1\">Versatile Sections:<\/strong> Keep the sections connected with included furniture clips in the shown configuration or customize it to your preference. Fastening strips prevent cushions from sliding off, ensuring stability even during enthusiastic pizza lunges. The glass-topped coffee table adds convenience for serving.<\/p>\n<p data-mce-fragment=\"1\">\ud83d\udccf <strong data-mce-fragment=\"1\">New Dimensions:<\/strong> Each section is thoughtfully sized for comfort and functionality. The corner seat is 28.5-inch square, the armless chair is 25.4-inch wide and 28.5-inch deep, and the ottoman is 25.4-inch square and 17-inch tall. The coffee table measures 25.4-inch square and 13.6-inch tall.<\/p>\n<p data-mce-fragment=\"1\">\ud83d\udd27 <strong data-mce-fragment=\"1\">Easy to Build:<\/strong> With a free tool kit and comprehensive instructions, assembling the entire set with two people takes only an hour to an hour-and-a-half. Rest assured with COSIEST Outdoor Furniture\u2014we&#8217;re here to assist if you have any questions.<\/p>\n<div><\/div>","protected":false},"excerpt":{"rendered":"<p>\ud83c\udf33 Ponga la diversi\u00f3n en la funci\u00f3n: Disfruta del aspecto natural al aire libre de nuestro mimbre sint\u00e9tico de resina de PE para todo tipo de clima \"marr\u00f3n mottlewood\"<\/p>","protected":false},"featured_media":110721,"comment_status":"open","ping_status":"closed","template":"","meta":[],"product_brand":[],"product_cat":[30971,30856,32],"product_tag":[],"class_list":{"0":"post-52643","1":"product","2":"type-product","3":"status-publish","4":"has-post-thumbnail","6":"product_cat-hp","7":"product_cat-outdoor-furniture","8":"product_cat-residential-furniture","10":"first","11":"instock","12":"sale","13":"taxable","14":"shipping-taxable","15":"purchasable","16":"product-type-variable"},"_links":{"self":[{"href":"https:\/\/nexgendecors.com\/es\/wp-json\/wp\/v2\/product\/52643","targetHints":{"allow":["GET"]}}],"collection":[{"href":"https:\/\/nexgendecors.com\/es\/wp-json\/wp\/v2\/product"}],"about":[{"href":"https:\/\/nexgendecors.com\/es\/wp-json\/wp\/v2\/types\/product"}],"replies":[{"embeddable":true,"href":"https:\/\/nexgendecors.com\/es\/wp-json\/wp\/v2\/comments?post=52643"}],"version-history":[{"count":0,"href":"https:\/\/nexgendecors.com\/es\/wp-json\/wp\/v2\/product\/52643\/revisions"}],"wp:featuredmedia":[{"embeddable":true,"href":"https:\/\/nexgendecors.com\/es\/wp-json\/wp\/v2\/media\/110721"}],"wp:attachment":[{"href":"https:\/\/nexgendecors.com\/es\/wp-json\/wp\/v2\/media?parent=52643"}],"wp:term":[{"taxonomy":"product_brand","embeddable":true,"href":"https:\/\/nexgendecors.com\/es\/wp-json\/wp\/v2\/product_brand?post=52643"},{"taxonomy":"product_cat","embeddable":true,"href":"https:\/\/nexgendecors.com\/es\/wp-json\/wp\/v2\/product_cat?post=52643"},{"taxonomy":"product_tag","embeddable":true,"href":"https:\/\/nexgendecors.com\/es\/wp-json\/wp\/v2\/product_tag?post=52643"}],"curies":[{"name":"wp","href":"https:\/\/api.w.org\/{rel}","templated":true}]}}