{"id":52740,"date":"2025-01-26T02:36:16","date_gmt":"2025-01-26T02:36:16","guid":{"rendered":"https:\/\/nexgendecors.com\/product\/costzon-kids-kitchen-playset-pretend-play-kitchen-with-refrigerator-bbq-grill-oven-range-hood-faucet-sink-dish-rack-wooden-toy-kitchen-set-for-toddlers-gift-for-boys-girls-age-3-one-piece1712155264"},"modified":"2025-04-06T08:25:56","modified_gmt":"2025-04-06T08:25:56","slug":"juego-de-cocina-infantil-costzon-cocina-de-juguete-con-refrigerador-parrilla-horno-campana-extractora-grifo-fregadero-escurridor-de-platos-juego-de-cocina-de-madera-para-ninos-pequenos-regalo","status":"publish","type":"product","link":"https:\/\/nexgendecors.com\/es\/product\/juego-de-cocina-infantil-costzon-cocina-de-juguete-con-refrigerador-parrilla-horno-campana-extractora-grifo-fregadero-escurridor-de-platos-juego-de-cocina-de-madera-para-ninos-pequenos-regalo\/","title":{"rendered":"Juego de cocina infantil Costzon: juego de juguetes de madera para ni\u00f1os peque\u00f1os"},"content":{"rendered":"<p data-mce-fragment=\"1\">\ud83c\udf73 <strong data-mce-fragment=\"1\">Juego de cocina realista<\/strong>Deja que tus aspirantes a chef den rienda suelta a su creatividad culinaria con nuestra cocina de juguete realista. Con m\u00faltiples electrodom\u00e9sticos realistas, como un refrigerador, una campana extractora, una estufa con interruptores giratorios, una parrilla para barbacoa, un grifo, un fregadero y un horno, este juego de cocina garantiza horas de diversi\u00f3n culinaria inmersiva para los ni\u00f1os.<\/p>\n<p data-mce-fragment=\"1\">\ud83e\uddfa <strong data-mce-fragment=\"1\">Amplio espacio de almacenamiento<\/strong>\u00a1Dile adi\u00f3s a las salas de juegos desordenadas! Nuestro juego de cocina ofrece muchas opciones de almacenamiento, incluyendo estantes superiores y abiertos, armarios y un escurridor de platos, para mantener los accesorios organizados y las habitaciones ordenadas. Ens\u00e9\u00f1ale a tu hijo la importancia del orden y la organizaci\u00f3n mientras juega. Adem\u00e1s, el mango de madera y el cierre magn\u00e9tico facilitan la apertura y el cierre de las puertas.<\/p>\n<p data-mce-fragment=\"1\">\ud83c\udfa8 <strong data-mce-fragment=\"1\">Calidad y dise\u00f1o elegante<\/strong>Fabricada con MDF y madera maciza de pino, nuestra cocina de juguete no solo es segura, sino tambi\u00e9n duradera para a\u00f1os de juego. La seguridad es nuestra prioridad, con certificaci\u00f3n ASTM y CPSIA. Con patas estables, esta cocina se mantiene firme en el suelo. Su elegante dise\u00f1o y su adorable reloj giratorio la convierten en un complemento perfecto para cualquier sala de juegos o espacio infantil.<\/p>\n<p data-mce-fragment=\"1\">\ud83c\udf74 <strong data-mce-fragment=\"1\">Accesorios dulces incluidos<\/strong>Nuestra cocina infantil incluye 16 adorables accesorios, como ollas, sartenes, tazas y diversos alimentos de juguete como carne, camarones, champi\u00f1ones y m\u00e1s. Estos coloridos alimentos de juguete ofrecen una experiencia culinaria realista para los peque\u00f1os, fomentando su imaginaci\u00f3n.<\/p>\n<p data-mce-fragment=\"1\">\ud83d\udc69\u200d\ud83c\udf73 <strong data-mce-fragment=\"1\">Gran juguete educativo de aprendizaje divertido<\/strong>: Introduce a tus hijos al placer de cocinar con nuestro set de cocina &quot;Little Chef&quot;. No solo ofrece horas de entretenimiento, sino que tambi\u00e9n fomenta la imaginaci\u00f3n, la confianza en s\u00ed mismos, la creatividad y la interacci\u00f3n entre padres e hijos. Perfecto para ni\u00f1os peque\u00f1os a partir de 3 a\u00f1os, es un regalo ideal para fiestas y ocasiones especiales.<\/p>\n<div><\/div>","protected":false},"excerpt":{"rendered":"<p>\ud83c\udf73 Juego de cocina realista: Deja que tus aspirantes a chef den rienda suelta a su creatividad culinaria con nuestra cocina de juguete realista. Con m\u00faltiples...<\/p>","protected":false},"featured_media":110995,"comment_status":"open","ping_status":"closed","template":"","meta":[],"product_brand":[],"product_cat":[30899,30971,30849],"product_tag":[],"class_list":{"0":"post-52740","1":"product","2":"type-product","3":"status-publish","4":"has-post-thumbnail","6":"product_cat-bs-kindergarten","7":"product_cat-hp","8":"product_cat-kindergarten-school-furniture","10":"first","11":"instock","12":"taxable","13":"shipping-taxable","14":"purchasable","15":"product-type-variable"},"_links":{"self":[{"href":"https:\/\/nexgendecors.com\/es\/wp-json\/wp\/v2\/product\/52740","targetHints":{"allow":["GET"]}}],"collection":[{"href":"https:\/\/nexgendecors.com\/es\/wp-json\/wp\/v2\/product"}],"about":[{"href":"https:\/\/nexgendecors.com\/es\/wp-json\/wp\/v2\/types\/product"}],"replies":[{"embeddable":true,"href":"https:\/\/nexgendecors.com\/es\/wp-json\/wp\/v2\/comments?post=52740"}],"version-history":[{"count":0,"href":"https:\/\/nexgendecors.com\/es\/wp-json\/wp\/v2\/product\/52740\/revisions"}],"wp:featuredmedia":[{"embeddable":true,"href":"https:\/\/nexgendecors.com\/es\/wp-json\/wp\/v2\/media\/110995"}],"wp:attachment":[{"href":"https:\/\/nexgendecors.com\/es\/wp-json\/wp\/v2\/media?parent=52740"}],"wp:term":[{"taxonomy":"product_brand","embeddable":true,"href":"https:\/\/nexgendecors.com\/es\/wp-json\/wp\/v2\/product_brand?post=52740"},{"taxonomy":"product_cat","embeddable":true,"href":"https:\/\/nexgendecors.com\/es\/wp-json\/wp\/v2\/product_cat?post=52740"},{"taxonomy":"product_tag","embeddable":true,"href":"https:\/\/nexgendecors.com\/es\/wp-json\/wp\/v2\/product_tag?post=52740"}],"curies":[{"name":"wp","href":"https:\/\/api.w.org\/{rel}","templated":true}]}}