{"id":52745,"date":"2025-01-26T02:36:17","date_gmt":"2025-01-26T02:36:17","guid":{"rendered":"https:\/\/nexgendecors.com\/product\/costzon-kids-kitchen-playset-wooden-pink-strawberry-themed-pretend-toy-set-with-13-pieces-cookware-realistic-sound-pot-pan-sink-oven-kitchen-set-gift-for-toddlers-girls1712155264618\/"},"modified":"2025-04-06T08:25:59","modified_gmt":"2025-04-06T08:25:59","slug":"juego-de-cocina-infantil-costzon-de-madera-con-tematica-de-fresa-rosa-juego-de-simulacion-con-13-piezas-ollas-sartenes-y-fregadero-con-sonido-realista-horno-regalo-para-ninas-pequenas-1712155264","status":"publish","type":"product","link":"https:\/\/nexgendecors.com\/es\/product\/juego-de-cocina-infantil-costzon-de-madera-con-tematica-de-fresa-rosa-juego-de-simulacion-con-13-piezas-ollas-sartenes-y-fregadero-con-sonido-realista-horno-regalo-para-ninas-pequenas-1712155264\/","title":{"rendered":"Juego de cocina infantil Costzon con tem\u00e1tica de fresa rosa"},"content":{"rendered":"<p data-mce-fragment=\"1\">\ud83c\udf53 <strong data-mce-fragment=\"1\">Lindo y premium juego de cocina<\/strong>\u00a1Consiente a tu peque\u00f1o con este adorable juego de cocina con tem\u00e1tica de fresas rosas! Fabricado en madera maciza de pino y MDF, no solo es duradero y estable, sino que tambi\u00e9n tiene un exquisito detalle. Recubierto con pintura inodora, apta para ni\u00f1os, garantiza infinitas horas de juego seguro mientras tu hijo cocina imaginativas aventuras.<\/p>\n<p data-mce-fragment=\"1\">\ud83c\udf73 <strong data-mce-fragment=\"1\">13 accesorios incluidos<\/strong>Fomenta el juego imaginativo con un set de 13 accesorios, que incluye utensilios de cocina, frascos para especias, ollas, sartenes y m\u00e1s. Fabricados con madera maciza de alta calidad, estos accesorios enriquecen la experiencia de aventura culinaria de los ni\u00f1os.<\/p>\n<p data-mce-fragment=\"1\">\ud83d\udd25 <strong data-mce-fragment=\"1\">Experiencia de cocina realista<\/strong>\u00a1Deja que la creatividad culinaria de tu hijo florezca en su propia cocina! Con electrodom\u00e9sticos realistas como perillas de cocina y un horno que se activan con un clic, adem\u00e1s de un grifo, un fregadero extra\u00edble, un toallero y otros accesorios, los ni\u00f1os pueden disfrutar de experiencias de cocina y limpieza realistas.<\/p>\n<p data-mce-fragment=\"1\">\ud83d\uddc4\ufe0f <strong data-mce-fragment=\"1\">Gran espacio de almacenamiento<\/strong>\u00a1Mant\u00e9n la cocina ordenada con amplias opciones de almacenamiento! Aprovecha la puerta bajo el fregadero con dos niveles de almacenamiento y el amplio espacio del horno para guardar comida o utensilios de cocina.<\/p>\n<p data-mce-fragment=\"1\">\u2705 <strong data-mce-fragment=\"1\">Dise\u00f1o certificado e independiente<\/strong>La seguridad est\u00e1 garantizada con las certificaciones ASTM y CPSIA, lo que convierte a este juego de cocina en una opci\u00f3n segura y divertida para los ni\u00f1os. Con un peso de 10 kg y unas medidas de 61 cm de largo x 30 cm de ancho x 63 cm de alto, su dise\u00f1o independiente es perfecto para salas de juegos, dormitorios, guarder\u00edas o aulas escolares.<\/p>\n<p data-mce-fragment=\"1\">\ud83c\udf81 <strong data-mce-fragment=\"1\">Regalo ideal para ni\u00f1os<\/strong>\u00a1Fomenta la cooperaci\u00f3n y la felicidad mientras dos j\u00f3venes chefs cocinan juntos! Ya sea para cumplea\u00f1os o Navidad, este juego de cocina ofrece infinitas oportunidades para el juego interactivo e imaginativo, lo que lo convierte en el regalo perfecto para que tu hijo disfrute con amigos y se mantenga activo.<\/p>\n<div><\/div>","protected":false},"excerpt":{"rendered":"<p>\ud83c\udf53 Cute &#038; Premium Kitchen Playset: Treat your little one to this adorable pink strawberry-themed kitchen playset! Made from solid<\/p>","protected":false},"featured_media":111005,"comment_status":"open","ping_status":"closed","template":"","meta":[],"product_brand":[],"product_cat":[30971,30849],"product_tag":[],"class_list":{"0":"post-52745","1":"product","2":"type-product","3":"status-publish","4":"has-post-thumbnail","6":"product_cat-hp","7":"product_cat-kindergarten-school-furniture","9":"first","10":"instock","11":"taxable","12":"shipping-taxable","13":"purchasable","14":"product-type-simple"},"_links":{"self":[{"href":"https:\/\/nexgendecors.com\/es\/wp-json\/wp\/v2\/product\/52745","targetHints":{"allow":["GET"]}}],"collection":[{"href":"https:\/\/nexgendecors.com\/es\/wp-json\/wp\/v2\/product"}],"about":[{"href":"https:\/\/nexgendecors.com\/es\/wp-json\/wp\/v2\/types\/product"}],"replies":[{"embeddable":true,"href":"https:\/\/nexgendecors.com\/es\/wp-json\/wp\/v2\/comments?post=52745"}],"version-history":[{"count":0,"href":"https:\/\/nexgendecors.com\/es\/wp-json\/wp\/v2\/product\/52745\/revisions"}],"wp:featuredmedia":[{"embeddable":true,"href":"https:\/\/nexgendecors.com\/es\/wp-json\/wp\/v2\/media\/111005"}],"wp:attachment":[{"href":"https:\/\/nexgendecors.com\/es\/wp-json\/wp\/v2\/media?parent=52745"}],"wp:term":[{"taxonomy":"product_brand","embeddable":true,"href":"https:\/\/nexgendecors.com\/es\/wp-json\/wp\/v2\/product_brand?post=52745"},{"taxonomy":"product_cat","embeddable":true,"href":"https:\/\/nexgendecors.com\/es\/wp-json\/wp\/v2\/product_cat?post=52745"},{"taxonomy":"product_tag","embeddable":true,"href":"https:\/\/nexgendecors.com\/es\/wp-json\/wp\/v2\/product_tag?post=52745"}],"curies":[{"name":"wp","href":"https:\/\/api.w.org\/{rel}","templated":true}]}}