{"id":52746,"date":"2025-01-26T02:36:18","date_gmt":"2025-01-26T02:36:18","guid":{"rendered":"https:\/\/nexgendecors.com\/product\/costzon-kids-kitchen-playset-wooden-pretend-chef-cooking-play-set-with-realistic-sound-microwave-pan-sink-cookware-accessories-kitchen-set-for-toddlers-boys-girls-gift-for-ages-3-silver171215526465"},"modified":"2025-04-06T08:26:02","modified_gmt":"2025-04-06T08:26:02","slug":"juego-de-cocina-infantil-costzon-juego-de-cocina-de-madera-con-sonido-realista-microondas-sarten-fregadero-utensilios-de-cocina-accesorios-juego-de-cocina-para-ninos-pequenos-ninas-regalo-par","status":"publish","type":"product","link":"https:\/\/nexgendecors.com\/es\/product\/juego-de-cocina-infantil-costzon-juego-de-cocina-de-madera-con-sonido-realista-microondas-sarten-fregadero-utensilios-de-cocina-accesorios-juego-de-cocina-para-ninos-pequenos-ninas-regalo-par\/","title":{"rendered":"Cocina infantil Costzon: juego de chef de madera con sonidos"},"content":{"rendered":"<p data-mce-fragment=\"1\">\ud83c\udf1f <strong data-mce-fragment=\"1\">Material premium seleccionado<\/strong>Fabricado en MDF s\u00f3lido, el juego de cocina infantil Costzon garantiza durabilidad y estabilidad para un juego sin fin. Recubierto con pintura inodora y apta para ni\u00f1os, ofrece un entorno seguro para que tus peque\u00f1os chefs jueguen como verdaderos chefs durante a\u00f1os.<\/p>\n<p data-mce-fragment=\"1\">\ud83d\udc69\u200d\ud83c\udf73 <strong data-mce-fragment=\"1\">Experiencia de cocina realista<\/strong>\u00a1Deja que tus peque\u00f1os den rienda suelta a su creatividad culinaria en su propia cocina! Con electrodom\u00e9sticos realistas como una perilla de cocina con bot\u00f3n pulsador y un microondas, adem\u00e1s de un grifo y un fregadero extra\u00edble para jugar a lavar los platos, podr\u00e1n cocinar contigo y sentirse como verdaderos chefs.<\/p>\n<p data-mce-fragment=\"1\">\ud83d\uddc4\ufe0f <strong data-mce-fragment=\"1\">Gran espacio de almacenamiento<\/strong>\u00a1Mant\u00e9n la cocina ordenada con amplias opciones de almacenamiento! Abre las puertas debajo del fregadero y la estufa para guardar comida de juguete y aprovecha el espacio junto al microondas para guardar m\u00e1s comida o utensilios de cocina, fomentando as\u00ed la organizaci\u00f3n en los ni\u00f1os.<\/p>\n<p data-mce-fragment=\"1\">\u2705 <strong data-mce-fragment=\"1\">Dise\u00f1o certificado e independiente<\/strong>La seguridad est\u00e1 garantizada con las certificaciones ASTM y CPSIA, lo que convierte a este juego de cocina en una opci\u00f3n segura y divertida para todos los ni\u00f1os. Con un peso de 9.7 kg y unas medidas de 59 cm de largo x 30 cm de ancho x 95 cm de alto, su dise\u00f1o independiente se adapta perfectamente a salas de juegos, dormitorios, guarder\u00edas o aulas escolares.<\/p>\n<p data-mce-fragment=\"1\">\ud83c\udf81 <strong data-mce-fragment=\"1\">Regalo ideal para ni\u00f1os<\/strong>\u00a1Despierta la alegr\u00eda y la creatividad con este juego de cocina! Fomenta la cooperaci\u00f3n y la felicidad compartida mientras dos j\u00f3venes chefs cocinan juntos. Ya sea para cumplea\u00f1os o Navidad, este juguete interactivo es el regalo perfecto para fomentar el juego activo y crear recuerdos inolvidables con amigos.<\/p>\n<div><\/div>","protected":false},"excerpt":{"rendered":"<p>\ud83c\udf1f Selected Premium Material: Crafted from solid MDF, the Costzon kids kitchen playset ensures durability and stability for endless playtime.<\/p>","protected":false},"featured_media":111014,"comment_status":"open","ping_status":"closed","template":"","meta":[],"product_brand":[],"product_cat":[30971,30849],"product_tag":[],"class_list":{"0":"post-52746","1":"product","2":"type-product","3":"status-publish","4":"has-post-thumbnail","6":"product_cat-hp","7":"product_cat-kindergarten-school-furniture","9":"first","10":"instock","11":"taxable","12":"shipping-taxable","13":"purchasable","14":"product-type-variable"},"_links":{"self":[{"href":"https:\/\/nexgendecors.com\/es\/wp-json\/wp\/v2\/product\/52746","targetHints":{"allow":["GET"]}}],"collection":[{"href":"https:\/\/nexgendecors.com\/es\/wp-json\/wp\/v2\/product"}],"about":[{"href":"https:\/\/nexgendecors.com\/es\/wp-json\/wp\/v2\/types\/product"}],"replies":[{"embeddable":true,"href":"https:\/\/nexgendecors.com\/es\/wp-json\/wp\/v2\/comments?post=52746"}],"version-history":[{"count":0,"href":"https:\/\/nexgendecors.com\/es\/wp-json\/wp\/v2\/product\/52746\/revisions"}],"wp:featuredmedia":[{"embeddable":true,"href":"https:\/\/nexgendecors.com\/es\/wp-json\/wp\/v2\/media\/111014"}],"wp:attachment":[{"href":"https:\/\/nexgendecors.com\/es\/wp-json\/wp\/v2\/media?parent=52746"}],"wp:term":[{"taxonomy":"product_brand","embeddable":true,"href":"https:\/\/nexgendecors.com\/es\/wp-json\/wp\/v2\/product_brand?post=52746"},{"taxonomy":"product_cat","embeddable":true,"href":"https:\/\/nexgendecors.com\/es\/wp-json\/wp\/v2\/product_cat?post=52746"},{"taxonomy":"product_tag","embeddable":true,"href":"https:\/\/nexgendecors.com\/es\/wp-json\/wp\/v2\/product_tag?post=52746"}],"curies":[{"name":"wp","href":"https:\/\/api.w.org\/{rel}","templated":true}]}}