{"id":52751,"date":"2025-01-26T02:36:19","date_gmt":"2025-01-26T02:36:19","guid":{"rendered":"https:\/\/nexgendecors.com\/product\/costzon-kids-kitchen-playset-wooden-pretend-chef-cooking-set-w-cookware-lights-sound-working-ice-dispenser-microwave-oven-sink-stove-kitchen-set-gift-for-toddlers-boys-girls-modern1712155264666\/"},"modified":"2025-04-06T08:26:04","modified_gmt":"2025-04-06T08:26:04","slug":"juego-de-cocina-infantil-costzon-juego-de-cocina-de-madera-con-utensilios-de-cocina-luces-sonido-dispensador-de-hielo-horno-microondas-fregadero-estufa-regalo-para-ninos-pequenos-ninos-y-nina","status":"publish","type":"product","link":"https:\/\/nexgendecors.com\/es\/product\/juego-de-cocina-infantil-costzon-juego-de-cocina-de-madera-con-utensilios-de-cocina-luces-sonido-dispensador-de-hielo-horno-microondas-fregadero-estufa-regalo-para-ninos-pequenos-ninos-y-nina\/","title":{"rendered":"Juego de cocina infantil Costzon: moderno juego de chef de madera"},"content":{"rendered":"<p data-mce-fragment=\"1\">\u00a1Despierta la imaginaci\u00f3n de tu hijo con nuestro juguete de cocina interactivo! \ud83c\udf73<\/p>\n<p data-mce-fragment=\"1\">\ud83d\udd0d Explora m\u00faltiples \u00e1reas de juego: lava los platos en el fregadero extra\u00edble o debajo del grifo.<\/p>\n<p data-mce-fragment=\"1\">\ud83d\udca1 Disfruta de efectos de luz y sonido realistas: la estufa se ilumina y emite sonidos de clic, la campana extractora zumba y la m\u00e1quina de hielo dispensa cubitos de hielo.<\/p>\n<p data-mce-fragment=\"1\">\ud83d\udc69\u200d\ud83c\udf73 Incluye accesorios completos para una experiencia de juego inmersiva, fomentando las habilidades sociales y el pensamiento imaginativo.<\/p>\n<p data-mce-fragment=\"1\">\ud83d\udd27F\u00e1cil montaje con instrucciones detalladas.<\/p>\n<p data-mce-fragment=\"1\">\ud83d\udd12 Hecho de tablero MDF seguro y estable, certificado por ASTM y CPSIA para su tranquilidad.<\/p>\n<p data-mce-fragment=\"1\">Perfecto para ni\u00f1os de 3 a 7 a\u00f1os, este juego de cocina fomenta la creatividad y las habilidades de organizaci\u00f3n.<\/p>\n<p data-mce-fragment=\"1\">\ud83d\udce6El paquete incluye: 1 juego de cocina para ni\u00f1os, 2 ollas, 3 palas de cocina, 1 taza, 3 cubitos de hielo, 1 instrucci\u00f3n.<\/p>\n<p data-mce-fragment=\"1\">Dimensiones: 25,5\u2033 x 11,5\u2033 x 35,5\u2033 (largo x ancho x alto), Peso neto: 23 libras.<\/p>\n<p data-mce-fragment=\"1\">\ud83d\udd0b Pilas necesarias: 4 x 1,5 V AAA y 2 x 1,5 V AA (no incluidas).<\/p>\n<p data-mce-fragment=\"1\">\u00a1Maximice la diversi\u00f3n y el aprendizaje durante el juego con nuestra cocina de juguete repleta de funciones!<\/p>\n<div><\/div>","protected":false},"excerpt":{"rendered":"<p>\ud83c\udf1f \u00a1Despierta la imaginaci\u00f3n de tu hijo con nuestro juguete interactivo de cocina! \ud83c\udf73 \ud83d\udd0d Explora m\u00faltiples \u00e1reas de juego: lava platos<\/p>","protected":false},"featured_media":111026,"comment_status":"open","ping_status":"closed","template":"","meta":[],"product_brand":[],"product_cat":[30899,30971,30849],"product_tag":[],"class_list":{"0":"post-52751","1":"product","2":"type-product","3":"status-publish","4":"has-post-thumbnail","6":"product_cat-bs-kindergarten","7":"product_cat-hp","8":"product_cat-kindergarten-school-furniture","10":"first","11":"instock","12":"taxable","13":"shipping-taxable","14":"purchasable","15":"product-type-simple"},"_links":{"self":[{"href":"https:\/\/nexgendecors.com\/es\/wp-json\/wp\/v2\/product\/52751","targetHints":{"allow":["GET"]}}],"collection":[{"href":"https:\/\/nexgendecors.com\/es\/wp-json\/wp\/v2\/product"}],"about":[{"href":"https:\/\/nexgendecors.com\/es\/wp-json\/wp\/v2\/types\/product"}],"replies":[{"embeddable":true,"href":"https:\/\/nexgendecors.com\/es\/wp-json\/wp\/v2\/comments?post=52751"}],"version-history":[{"count":0,"href":"https:\/\/nexgendecors.com\/es\/wp-json\/wp\/v2\/product\/52751\/revisions"}],"wp:featuredmedia":[{"embeddable":true,"href":"https:\/\/nexgendecors.com\/es\/wp-json\/wp\/v2\/media\/111026"}],"wp:attachment":[{"href":"https:\/\/nexgendecors.com\/es\/wp-json\/wp\/v2\/media?parent=52751"}],"wp:term":[{"taxonomy":"product_brand","embeddable":true,"href":"https:\/\/nexgendecors.com\/es\/wp-json\/wp\/v2\/product_brand?post=52751"},{"taxonomy":"product_cat","embeddable":true,"href":"https:\/\/nexgendecors.com\/es\/wp-json\/wp\/v2\/product_cat?post=52751"},{"taxonomy":"product_tag","embeddable":true,"href":"https:\/\/nexgendecors.com\/es\/wp-json\/wp\/v2\/product_tag?post=52751"}],"curies":[{"name":"wp","href":"https:\/\/api.w.org\/{rel}","templated":true}]}}