{"id":52792,"date":"2025-01-26T02:36:30","date_gmt":"2025-01-26T02:36:30","guid":{"rendered":"https:\/\/nexgendecors.com\/product\/costzon-kids-sofa-with-baseball-glove-design-solid-wood-frame-for-playroom-nursery-kindergarten-gift-for-boys-girls-brown1711880132795\/"},"modified":"2025-04-06T08:26:25","modified_gmt":"2025-04-06T08:26:25","slug":"sofa-infantil-costzon-con-diseno-de-guante-de-beisbol-estructura-de-madera-maciza-ideal-para-sala-de-juegos-guarderia-jardin-de-infantes-regalo-para-ninos-y-ninas-color-marron-1711880132795","status":"publish","type":"product","link":"https:\/\/nexgendecors.com\/es\/product\/sofa-infantil-costzon-con-diseno-de-guante-de-beisbol-estructura-de-madera-maciza-ideal-para-sala-de-juegos-guarderia-jardin-de-infantes-regalo-para-ninos-y-ninas-color-marron-1711880132795\/","title":{"rendered":"Costzon Kids Baseball Glove Sof\u00e1 - Estructura de madera maciza"},"content":{"rendered":"<p data-mce-fragment=\"1\">\u26be <strong data-mce-fragment=\"1\">Dise\u00f1o \u00fanico de guante de b\u00e9isbol<\/strong>\u00a1Presentamos nuestro suave y encantador sill\u00f3n con forma de guante de b\u00e9isbol y s\u00f3ftbol! Este dise\u00f1o distintivo sin duda llamar\u00e1 la atenci\u00f3n y se convertir\u00e1 en una pieza destacada en la habitaci\u00f3n de tus hijos.<\/p>\n<p data-mce-fragment=\"1\">\ud83d\udc67 <strong data-mce-fragment=\"1\">Dise\u00f1ado para ni\u00f1os peque\u00f1os<\/strong>Con unas dimensiones de 59,5 cm \u00d7 59,5 cm \u00d7 44,5 cm (largo x ancho x alto), un asiento ancho de 35,5 cm \u00d7 38 cm y una c\u00f3moda altura de 16,5 cm, esta silla tapizada es perfecta para ni\u00f1os de 3 a 5 a\u00f1os. Con un peso de tan solo 4 kg, es lo suficientemente ligera como para que los ni\u00f1os puedan moverse solos.<\/p>\n<p data-mce-fragment=\"1\">\ud83d\udecb\ufe0f <strong data-mce-fragment=\"1\">Materiales c\u00f3modos y suaves<\/strong>Sum\u00e9rjase en el lujo con nuestro acogedor relleno de esponja y suave superficie de gamuza sint\u00e9tica. La esponja premium 20D proporciona una base c\u00f3moda para sentarse, mientras que el tapizado de gamuza sint\u00e9tica es suave al tacto y f\u00e1cil de mantener, resistente a la suciedad y las arrugas.<\/p>\n<p data-mce-fragment=\"1\">\ud83c\udf1f <strong data-mce-fragment=\"1\">Garant\u00eda de calidad est\u00e1ndar de EE. UU.<\/strong>Fabricado con madera de eucalipto y contrachapado de grado P2, nuestro sill\u00f3n infantil cumple con los m\u00e1s altos est\u00e1ndares, garantizando durabilidad y seguridad. La tela y la esponja cumplen con las normas estadounidenses, y el sill\u00f3n ha superado las pruebas est\u00e1ndar TB117 para mayor tranquilidad.<\/p>\n<p data-mce-fragment=\"1\">\ud83d\udcaa <strong data-mce-fragment=\"1\">Construcci\u00f3n robusta y confiable<\/strong>Disfrute de la tranquilidad de nuestra estructura de madera maciza, que ofrece un soporte robusto y una gran capacidad de carga de hasta 50 kg. Equipado con 5 almohadillas de pl\u00e1stico para los pies, este sill\u00f3n evita el desgaste de la tela y garantiza un rendimiento duradero.<\/p>\n<p data-mce-fragment=\"1\">\u00a1Consiente a tu hijo con comodidad, estilo y durabilidad con nuestro encantador sill\u00f3n con forma de guante de b\u00e9isbol! \ud83c\udf08\ud83e\ude91<\/p>\n<div><\/div>","protected":false},"excerpt":{"rendered":"<p>\u26be Dise\u00f1o \u00fanico de guante de b\u00e9isbol: \u00a1Presentamos nuestro suave y encantador sill\u00f3n con forma de guante de b\u00e9isbol y softball! Este distintivo<\/p>","protected":false},"featured_media":111122,"comment_status":"open","ping_status":"closed","template":"","meta":[],"product_brand":[],"product_cat":[30899,30971,30837,30849],"product_tag":[],"class_list":{"0":"post-52792","1":"product","2":"type-product","3":"status-publish","4":"has-post-thumbnail","6":"product_cat-bs-kindergarten","7":"product_cat-hp","8":"product_cat-kids-sofa","9":"product_cat-kindergarten-school-furniture","11":"first","12":"instock","13":"taxable","14":"shipping-taxable","15":"purchasable","16":"product-type-simple"},"_links":{"self":[{"href":"https:\/\/nexgendecors.com\/es\/wp-json\/wp\/v2\/product\/52792","targetHints":{"allow":["GET"]}}],"collection":[{"href":"https:\/\/nexgendecors.com\/es\/wp-json\/wp\/v2\/product"}],"about":[{"href":"https:\/\/nexgendecors.com\/es\/wp-json\/wp\/v2\/types\/product"}],"replies":[{"embeddable":true,"href":"https:\/\/nexgendecors.com\/es\/wp-json\/wp\/v2\/comments?post=52792"}],"version-history":[{"count":0,"href":"https:\/\/nexgendecors.com\/es\/wp-json\/wp\/v2\/product\/52792\/revisions"}],"wp:featuredmedia":[{"embeddable":true,"href":"https:\/\/nexgendecors.com\/es\/wp-json\/wp\/v2\/media\/111122"}],"wp:attachment":[{"href":"https:\/\/nexgendecors.com\/es\/wp-json\/wp\/v2\/media?parent=52792"}],"wp:term":[{"taxonomy":"product_brand","embeddable":true,"href":"https:\/\/nexgendecors.com\/es\/wp-json\/wp\/v2\/product_brand?post=52792"},{"taxonomy":"product_cat","embeddable":true,"href":"https:\/\/nexgendecors.com\/es\/wp-json\/wp\/v2\/product_cat?post=52792"},{"taxonomy":"product_tag","embeddable":true,"href":"https:\/\/nexgendecors.com\/es\/wp-json\/wp\/v2\/product_tag?post=52792"}],"curies":[{"name":"wp","href":"https:\/\/api.w.org\/{rel}","templated":true}]}}