{"id":52795,"date":"2025-01-26T02:36:32","date_gmt":"2025-01-26T02:36:32","guid":{"rendered":"https:\/\/nexgendecors.com\/product\/costzon-kids-sofa-with-pattern-toddler-furniture-w-sturdy-wood-construction-for-boys-girls-armrest-couch-for-preschool-children-lightweight-sofa-chair-dinosaur1711879851346\/"},"modified":"2025-04-06T08:26:28","modified_gmt":"2025-04-06T08:26:28","slug":"sofa-infantil-costzon-con-estampado-muebles-para-ninos-pequenos-con-construccion-de-madera-resistente-para-ninos-y-ninas-sofa-con-reposabrazos-para-ninos-en-edad-preescolar-sofa-ligero-sillon-dino","status":"publish","type":"product","link":"https:\/\/nexgendecors.com\/es\/product\/sofa-infantil-costzon-con-estampado-muebles-para-ninos-pequenos-con-construccion-de-madera-resistente-para-ninos-y-ninas-sofa-con-reposabrazos-para-ninos-en-edad-preescolar-sofa-ligero-sillon-dino\/","title":{"rendered":"Sof\u00e1 infantil Costzon Dinosaur: un sof\u00e1 robusto para ni\u00f1os peque\u00f1os"},"content":{"rendered":"<p data-mce-fragment=\"1\">\ud83d\udc0a <strong data-mce-fragment=\"1\">Regalo perfecto para ni\u00f1os<\/strong>Capta la atenci\u00f3n de los ni\u00f1os al instante con nuestro adorable sill\u00f3n con estampado de cocodrilo, que despertar\u00e1 su imaginaci\u00f3n. Este encantador sof\u00e1 ofrece un acogedor rinc\u00f3n para leer cuentos, ver dibujos animados y disfrutar de una merienda.<\/p>\n<p data-mce-fragment=\"1\">\ud83c\udf1f <strong data-mce-fragment=\"1\">Materiales c\u00f3modos y seguros<\/strong>Fabricado con terciopelo supersuave y relleno de esponja 20D de alta resiliencia, nuestro sof\u00e1 infantil garantiza una experiencia c\u00f3moda y transpirable. Con las certificaciones ASTM y CPSIA, la seguridad de tus peque\u00f1os est\u00e1 garantizada.<\/p>\n<p data-mce-fragment=\"1\">\ud83d\udcaa <strong data-mce-fragment=\"1\">Estructura robusta y alta capacidad de carga<\/strong>Fabricado con una estructura de madera de eucalipto de alta calidad, nuestro sof\u00e1 infantil cuenta con una estructura robusta y soporta hasta 50 kg. Sus patas blancas antideslizantes evitan ara\u00f1azos en el suelo y mejoran la estabilidad.<\/p>\n<p data-mce-fragment=\"1\">\ud83e\ude91 <strong data-mce-fragment=\"1\">Dise\u00f1o ergon\u00f3mico y soporte fuerte<\/strong>Con un respaldo amplio y una altura ergon\u00f3mica, nuestro sof\u00e1 proporciona un soporte eficaz para la columna vertebral y fomenta buenos h\u00e1bitos al sentarse. Los reposabrazos ergon\u00f3micos ofrecen a los ni\u00f1os la m\u00e1xima seguridad y apoyo.<\/p>\n<p data-mce-fragment=\"1\">\ud83c\udfe0 <strong data-mce-fragment=\"1\">Dise\u00f1o liviano y f\u00e1cil de mover<\/strong>Gracias a su dise\u00f1o ligero, los ni\u00f1os pueden mover f\u00e1cilmente sus muebles a cualquier lugar, fomentando su independencia y su capacidad pr\u00e1ctica. Su dise\u00f1o compacto lo convierte en el complemento perfecto para la sala de estar, la habitaci\u00f3n infantil o la sala de juegos.<\/p>\n<p data-mce-fragment=\"1\">Sorprenda a sus peque\u00f1os con comodidad, seguridad y diversi\u00f3n con nuestro encantador sof\u00e1 infantil: \u00a1el complemento perfecto para el espacio de cualquier ni\u00f1o! \ud83d\udecb\ufe0f\ud83c\udf08<\/p>\n<div><\/div>","protected":false},"excerpt":{"rendered":"<p>\ud83d\udc0a Regalo perfecto para ni\u00f1os: Capta la atenci\u00f3n de los ni\u00f1os al instante con nuestro adorable sill\u00f3n con estampado de cocodrilo, que despertar\u00e1 su imaginaci\u00f3n. Este encantador sof\u00e1...<\/p>","protected":false},"featured_media":111131,"comment_status":"open","ping_status":"closed","template":"","meta":[],"product_brand":[],"product_cat":[30899,30971,30837,30849],"product_tag":[],"class_list":{"0":"post-52795","1":"product","2":"type-product","3":"status-publish","4":"has-post-thumbnail","6":"product_cat-bs-kindergarten","7":"product_cat-hp","8":"product_cat-kids-sofa","9":"product_cat-kindergarten-school-furniture","11":"first","12":"instock","13":"taxable","14":"shipping-taxable","15":"purchasable","16":"product-type-variable"},"_links":{"self":[{"href":"https:\/\/nexgendecors.com\/es\/wp-json\/wp\/v2\/product\/52795","targetHints":{"allow":["GET"]}}],"collection":[{"href":"https:\/\/nexgendecors.com\/es\/wp-json\/wp\/v2\/product"}],"about":[{"href":"https:\/\/nexgendecors.com\/es\/wp-json\/wp\/v2\/types\/product"}],"replies":[{"embeddable":true,"href":"https:\/\/nexgendecors.com\/es\/wp-json\/wp\/v2\/comments?post=52795"}],"version-history":[{"count":0,"href":"https:\/\/nexgendecors.com\/es\/wp-json\/wp\/v2\/product\/52795\/revisions"}],"wp:featuredmedia":[{"embeddable":true,"href":"https:\/\/nexgendecors.com\/es\/wp-json\/wp\/v2\/media\/111131"}],"wp:attachment":[{"href":"https:\/\/nexgendecors.com\/es\/wp-json\/wp\/v2\/media?parent=52795"}],"wp:term":[{"taxonomy":"product_brand","embeddable":true,"href":"https:\/\/nexgendecors.com\/es\/wp-json\/wp\/v2\/product_brand?post=52795"},{"taxonomy":"product_cat","embeddable":true,"href":"https:\/\/nexgendecors.com\/es\/wp-json\/wp\/v2\/product_cat?post=52795"},{"taxonomy":"product_tag","embeddable":true,"href":"https:\/\/nexgendecors.com\/es\/wp-json\/wp\/v2\/product_tag?post=52795"}],"curies":[{"name":"wp","href":"https:\/\/api.w.org\/{rel}","templated":true}]}}