{"id":52880,"date":"2025-01-26T02:36:41","date_gmt":"2025-01-26T02:36:41","guid":{"rendered":"https:\/\/nexgendecors.com\/product\/costzon-kids-sofa-children-armrest-chair-with-pattern-toddler-furniture-w-sturdy-wood-construction-for-boys-girls-armrest-couch-for-preschool-children-lightweight-children-sofa-chair-spaceman171188"},"modified":"2025-04-06T08:26:44","modified_gmt":"2025-04-06T08:26:44","slug":"sofa-infantil-costzon-con-reposabrazos-y-diseno-muebles-para-ninos-pequenos-con-construccion-de-madera-resistente-para-ninos-y-ninas-sofa-con-reposabrazos-para-ninos-en-edad-preescolar-ligero-spac","status":"publish","type":"product","link":"https:\/\/nexgendecors.com\/es\/product\/sofa-infantil-costzon-con-reposabrazos-y-diseno-muebles-para-ninos-pequenos-con-construccion-de-madera-resistente-para-ninos-y-ninas-sofa-con-reposabrazos-para-ninos-en-edad-preescolar-ligero-spac\/","title":{"rendered":"Sof\u00e1 infantil Costzon: sill\u00f3n con reposabrazos Spaceman para ni\u00f1os peque\u00f1os"},"content":{"rendered":"<p data-mce-fragment=\"1\">\ud83d\ude80 <strong data-mce-fragment=\"1\">Regalo perfecto para ni\u00f1os:<\/strong><\/p>\n<ul data-mce-fragment=\"1\">\n<li data-mce-fragment=\"1\">Esta silla con reposabrazos para ni\u00f1os que presenta un patr\u00f3n de astronauta seguramente captar\u00e1 la atenci\u00f3n de los ni\u00f1os y encender\u00e1 su imaginaci\u00f3n.<\/li>\n<li data-mce-fragment=\"1\">El dise\u00f1o acogedor y atractivo de este encantador sof\u00e1 para ni\u00f1os proporciona un lugar de descanso c\u00f3modo para diversas actividades, como leer, mirar dibujos animados o disfrutar de bocadillos.<\/li>\n<\/ul>\n<p data-mce-fragment=\"1\">\ud83d\udecb\ufe0f <strong data-mce-fragment=\"1\">Materiales c\u00f3modos y seguros:<\/strong><\/p>\n<ul data-mce-fragment=\"1\">\n<li data-mce-fragment=\"1\">Fabricado con tela de terciopelo s\u00faper suave, este sof\u00e1 para ni\u00f1os ofrece una experiencia de asiento acogedora y transpirable.<\/li>\n<li data-mce-fragment=\"1\">La esponja de alta resiliencia 20D garantiza una comodidad lujosa, proporcionando una superficie de asiento suave y con apoyo.<\/li>\n<li data-mce-fragment=\"1\">Las certificaciones ASTM y CPSIA garantizan que los materiales cumplen con rigurosos est\u00e1ndares de seguridad, ofreciendo tranquilidad a los padres.<\/li>\n<\/ul>\n<p data-mce-fragment=\"1\">\ud83d\udcaa <strong data-mce-fragment=\"1\">Estructura robusta y alta capacidad de carga:<\/strong><\/p>\n<ul data-mce-fragment=\"1\">\n<li data-mce-fragment=\"1\">Construido con madera de eucalipto de alta calidad, este sof\u00e1 para ni\u00f1os cuenta con un marco de madera resistente capaz de soportar hasta 110 libras.<\/li>\n<li data-mce-fragment=\"1\">Las u\u00f1as blancas antideslizantes no solo evitan rayones en el piso sino que tambi\u00e9n mejoran la estabilidad, garantizando un uso seguro.<\/li>\n<\/ul>\n<p data-mce-fragment=\"1\">\ud83e\ude91 <strong data-mce-fragment=\"1\">Dise\u00f1o ergon\u00f3mico y soporte fuerte:<\/strong><\/p>\n<ul data-mce-fragment=\"1\">\n<li data-mce-fragment=\"1\">El respaldo ancho y la altura adecuada de este sof\u00e1 para ni\u00f1os sostienen eficazmente la columna vertebral de los ni\u00f1os y fomentan buenos h\u00e1bitos para sentarse.<\/li>\n<li data-mce-fragment=\"1\">Los reposabrazos del sof\u00e1 dise\u00f1ados ergon\u00f3micamente brindan seguridad y apoyo adicionales para los ni\u00f1os durante el uso.<\/li>\n<\/ul>\n<p data-mce-fragment=\"1\">\ud83c\udf1f <strong data-mce-fragment=\"1\">Dise\u00f1o liviano y f\u00e1cil de mover:<\/strong><\/p>\n<ul data-mce-fragment=\"1\">\n<li data-mce-fragment=\"1\">Con su dise\u00f1o liviano, los ni\u00f1os pueden mover f\u00e1cilmente este hermoso sof\u00e1 a cualquier ubicaci\u00f3n deseada sin necesidad de ayuda de los padres, lo que promueve la independencia y las habilidades pr\u00e1cticas.<\/li>\n<li data-mce-fragment=\"1\">El dise\u00f1o que ahorra espacio lo convierte en un complemento vers\u00e1til para varias habitaciones, como la sala de estar, la habitaci\u00f3n de los ni\u00f1os o la sala de juegos, mejorando la funcionalidad y el estilo.<\/li>\n<\/ul>\n<div><\/div>","protected":false},"excerpt":{"rendered":"<p>\ud83d\ude80 Regalo perfecto para ni\u00f1os: esta silla con reposabrazos para ni\u00f1os con un patr\u00f3n de astronauta seguramente captar\u00e1 la atenci\u00f3n de los ni\u00f1os y<\/p>","protected":false},"featured_media":111279,"comment_status":"open","ping_status":"closed","template":"","meta":[],"product_brand":[],"product_cat":[30899,30971,30837,30849],"product_tag":[],"class_list":{"0":"post-52880","1":"product","2":"type-product","3":"status-publish","4":"has-post-thumbnail","6":"product_cat-bs-kindergarten","7":"product_cat-hp","8":"product_cat-kids-sofa","9":"product_cat-kindergarten-school-furniture","11":"first","12":"instock","13":"taxable","14":"shipping-taxable","15":"purchasable","16":"product-type-variable"},"_links":{"self":[{"href":"https:\/\/nexgendecors.com\/es\/wp-json\/wp\/v2\/product\/52880","targetHints":{"allow":["GET"]}}],"collection":[{"href":"https:\/\/nexgendecors.com\/es\/wp-json\/wp\/v2\/product"}],"about":[{"href":"https:\/\/nexgendecors.com\/es\/wp-json\/wp\/v2\/types\/product"}],"replies":[{"embeddable":true,"href":"https:\/\/nexgendecors.com\/es\/wp-json\/wp\/v2\/comments?post=52880"}],"version-history":[{"count":0,"href":"https:\/\/nexgendecors.com\/es\/wp-json\/wp\/v2\/product\/52880\/revisions"}],"wp:featuredmedia":[{"embeddable":true,"href":"https:\/\/nexgendecors.com\/es\/wp-json\/wp\/v2\/media\/111279"}],"wp:attachment":[{"href":"https:\/\/nexgendecors.com\/es\/wp-json\/wp\/v2\/media?parent=52880"}],"wp:term":[{"taxonomy":"product_brand","embeddable":true,"href":"https:\/\/nexgendecors.com\/es\/wp-json\/wp\/v2\/product_brand?post=52880"},{"taxonomy":"product_cat","embeddable":true,"href":"https:\/\/nexgendecors.com\/es\/wp-json\/wp\/v2\/product_cat?post=52880"},{"taxonomy":"product_tag","embeddable":true,"href":"https:\/\/nexgendecors.com\/es\/wp-json\/wp\/v2\/product_tag?post=52880"}],"curies":[{"name":"wp","href":"https:\/\/api.w.org\/{rel}","templated":true}]}}