{"id":52900,"date":"2025-01-26T02:36:44","date_gmt":"2025-01-26T02:36:44","guid":{"rendered":"https:\/\/nexgendecors.com\/product\/costzon-kids-sofa-pu-leather-upholstered-sturdy-wood-construction-armrest-chair-for-preschool-children-sofas-37x17x22-5-lxwxh-37-inch-pink-couch1711880135687\/"},"modified":"2025-04-06T08:26:53","modified_gmt":"2025-04-06T08:26:53","slug":"sofa-infantil-costzon-tapizado-en-cuero-sintetico-construccion-de-madera-resistente-reposabrazos-para-ninos-en-edad-preescolar-37-x-17-x-225-largo-x-ancho-x-alto-37-pulgadas-color-rosa-171188","status":"publish","type":"product","link":"https:\/\/nexgendecors.com\/es\/product\/sofa-infantil-costzon-tapizado-en-cuero-sintetico-construccion-de-madera-resistente-reposabrazos-para-ninos-en-edad-preescolar-37-x-17-x-225-largo-x-ancho-x-alto-37-pulgadas-color-rosa-171188\/","title":{"rendered":"Sof\u00e1 infantil Costzon: sill\u00f3n con reposabrazos de cuero sint\u00e9tico rosa"},"content":{"rendered":"<p data-mce-fragment=\"1\">\ud83d\udc76 <strong data-mce-fragment=\"1\">2 ASIENTOS LINDOS Y DURADEROS:<\/strong><\/p>\n<ul data-mce-fragment=\"1\">\n<li data-mce-fragment=\"1\">Sof\u00e1 de tama\u00f1o perfecto para ni\u00f1os peque\u00f1os, adecuado para 1 o 2 beb\u00e9s.<\/li>\n<li data-mce-fragment=\"1\">El marco de madera y la esponja suave garantizan solidez y durabilidad.<\/li>\n<\/ul>\n<p data-mce-fragment=\"1\">\ud83d\udc51 <strong data-mce-fragment=\"1\">DISE\u00d1O \u00daNICO:<\/strong><\/p>\n<ul data-mce-fragment=\"1\">\n<li data-mce-fragment=\"1\">Precioso juego de sof\u00e1s de princesa, perfecto para la habitaci\u00f3n de cualquier ni\u00f1a.<\/li>\n<li data-mce-fragment=\"1\">Tapizado con esponja para mayor comodidad y durabilidad.<\/li>\n<\/ul>\n<p data-mce-fragment=\"1\">\ud83c\udf88 <strong data-mce-fragment=\"1\">DISE\u00d1O LIGERO:<\/strong><\/p>\n<ul data-mce-fragment=\"1\">\n<li data-mce-fragment=\"1\">F\u00e1cil movimiento para que los ni\u00f1os coloquen sus muebles en cualquier lugar.<\/li>\n<li data-mce-fragment=\"1\">Cultiva la capacidad de manipulaci\u00f3n y es c\u00f3modo de llevar.<\/li>\n<\/ul>\n<p data-mce-fragment=\"1\">\ud83e\uddfc <strong data-mce-fragment=\"1\">F\u00c1CIL DE MANTENER LIMPIO:<\/strong><\/p>\n<ul data-mce-fragment=\"1\">\n<li data-mce-fragment=\"1\">Dise\u00f1o c\u00f3modo y f\u00e1cil de limpiar.<\/li>\n<li data-mce-fragment=\"1\">Limpie los derrames con un pa\u00f1o h\u00famedo para una limpieza r\u00e1pida.<\/li>\n<\/ul>\n<p data-mce-fragment=\"1\">\ud83c\udf81 <strong data-mce-fragment=\"1\">GRAN REGALO:<\/strong><\/p>\n<ul data-mce-fragment=\"1\">\n<li data-mce-fragment=\"1\">Sof\u00e1 ligero y que ahorra espacio por excelencia.<\/li>\n<li data-mce-fragment=\"1\">Complemento ideal para salas de juegos, dormitorios, salas de estar y m\u00e1s.<\/li>\n<\/ul>\n<div><\/div>","protected":false},"excerpt":{"rendered":"<p>\ud83d\udc76 2 ASIENTOS LINDOS Y RESISTENTES: Sof\u00e1 de tama\u00f1o perfecto para ni\u00f1os peque\u00f1os, apto para 1 o 2 beb\u00e9s. Estructura de madera y<\/p>","protected":false},"featured_media":111326,"comment_status":"open","ping_status":"closed","template":"","meta":[],"product_brand":[],"product_cat":[30899,30971,30837,30849],"product_tag":[],"class_list":{"0":"post-52900","1":"product","2":"type-product","3":"status-publish","4":"has-post-thumbnail","6":"product_cat-bs-kindergarten","7":"product_cat-hp","8":"product_cat-kids-sofa","9":"product_cat-kindergarten-school-furniture","11":"first","12":"instock","13":"taxable","14":"shipping-taxable","15":"purchasable","16":"product-type-simple"},"_links":{"self":[{"href":"https:\/\/nexgendecors.com\/es\/wp-json\/wp\/v2\/product\/52900","targetHints":{"allow":["GET"]}}],"collection":[{"href":"https:\/\/nexgendecors.com\/es\/wp-json\/wp\/v2\/product"}],"about":[{"href":"https:\/\/nexgendecors.com\/es\/wp-json\/wp\/v2\/types\/product"}],"replies":[{"embeddable":true,"href":"https:\/\/nexgendecors.com\/es\/wp-json\/wp\/v2\/comments?post=52900"}],"version-history":[{"count":0,"href":"https:\/\/nexgendecors.com\/es\/wp-json\/wp\/v2\/product\/52900\/revisions"}],"wp:featuredmedia":[{"embeddable":true,"href":"https:\/\/nexgendecors.com\/es\/wp-json\/wp\/v2\/media\/111326"}],"wp:attachment":[{"href":"https:\/\/nexgendecors.com\/es\/wp-json\/wp\/v2\/media?parent=52900"}],"wp:term":[{"taxonomy":"product_brand","embeddable":true,"href":"https:\/\/nexgendecors.com\/es\/wp-json\/wp\/v2\/product_brand?post=52900"},{"taxonomy":"product_cat","embeddable":true,"href":"https:\/\/nexgendecors.com\/es\/wp-json\/wp\/v2\/product_cat?post=52900"},{"taxonomy":"product_tag","embeddable":true,"href":"https:\/\/nexgendecors.com\/es\/wp-json\/wp\/v2\/product_tag?post=52900"}],"curies":[{"name":"wp","href":"https:\/\/api.w.org\/{rel}","templated":true}]}}