{"id":52908,"date":"2025-01-26T02:36:48","date_gmt":"2025-01-26T02:36:48","guid":{"rendered":"https:\/\/nexgendecors.com\/product\/costzon-kids-table-and-2-chair-set-for-indoor-outdoor-use-steel-table-and-stackable-chairs-preschool-bedroom-playroom-home-furniture-for-toddlers-boys-girlsmint-green-table-chairs1711880132885\/"},"modified":"2025-03-09T17:49:52","modified_gmt":"2025-03-09T17:49:52","slug":"juego-de-mesa-y-dos-sillas-infantiles-costzon-para-interior-y-exterior-mesa-de-acero-y-sillas-apilables-dormitorio-preescolar-sala-de-juegos-muebles-para-el-hogar-para-ninos-pequenos-ninas-y-nino","status":"publish","type":"product","link":"https:\/\/nexgendecors.com\/es\/product\/juego-de-mesa-y-dos-sillas-infantiles-costzon-para-interior-y-exterior-mesa-de-acero-y-sillas-apilables-dormitorio-preescolar-sala-de-juegos-muebles-para-el-hogar-para-ninos-pequenos-ninas-y-nino\/","title":{"rendered":"Juego de mesa y sillas infantiles Costzon, verde menta, apilable"},"content":{"rendered":"<div class=\"flex-1 overflow-hidden\" data-mce-fragment=\"1\">\n<div class=\"react-scroll-to-bottom--css-pyouc-79elbk h-full\" data-mce-fragment=\"1\">\n<div class=\"react-scroll-to-bottom--css-pyouc-1n7m0yu\" data-mce-fragment=\"1\">\n<div data-mce-fragment=\"1\">\n<div class=\"flex flex-col text-sm pb-9\" data-mce-fragment=\"1\">\n<div class=\"w-full text-token-text-primary\" dir=\"auto\" data-testid=\"conversation-turn-21\" data-mce-fragment=\"1\">\n<div class=\"px-4 py-2 justify-center text-base md:gap-6 m-auto\" data-mce-fragment=\"1\">\n<div class=\"flex flex-1 text-base mx-auto gap-3 juice:gap-4 juice:md:gap-6 md:px-5 lg:px-1 xl:px-5 md:max-w-3xl lg:max-w-[40rem] xl:max-w-[48rem]\" data-mce-fragment=\"1\">\n<div class=\"relative flex w-full flex-col agent-turn\" data-mce-fragment=\"1\">\n<div class=\"flex-col gap-1 md:gap-3\" data-mce-fragment=\"1\">\n<div class=\"flex flex-grow flex-col max-w-full\" data-mce-fragment=\"1\">\n<div data-message-author-role=\"assistant\" data-message-id=\"e081ba41-ad91-4039-8b31-03243fdf8bbb\" dir=\"auto\" class=\"min-h-[20px] text-message flex flex-col items-start gap-3 whitespace-pre-wrap break-words [.text-message+&#038;]:mt-5 overflow-x-auto\" data-mce-fragment=\"1\">\n<div class=\"markdown prose w-full break-words dark:prose-invert light\" data-mce-fragment=\"1\">\n<p data-mce-fragment=\"1\">\ud83c\udf1f <strong data-mce-fragment=\"1\">Calidad y resistencia premium<\/strong>Fabricadas con acero de alta calidad, nuestras sillas y mesas ofrecen una resistencia excepcional, soportando hasta 100 kg y garantizando a\u00f1os de uso confiable. Las superficies lisas y planas garantizan una limpieza sencilla, facilitando el mantenimiento.<\/p>\n<p data-mce-fragment=\"1\">\ud83e\ude91 <strong data-mce-fragment=\"1\">Construcci\u00f3n estable y duradera<\/strong>Reforzado con patas de acero estables, nuestro juego ofrece mayor soporte y estabilidad. Cada pata cuenta con una copa de goma para proteger el suelo de rozaduras y ara\u00f1azos, a la vez que minimiza el ruido. Las patas de mesa ajustables se adaptan a superficies irregulares para un ajuste seguro.<\/p>\n<p data-mce-fragment=\"1\">\ud83d\udee1\ufe0f <strong data-mce-fragment=\"1\">Detalle orientado a la seguridad<\/strong>Las esquinas redondeadas de las sillas y la mesa priorizan la seguridad, reduciendo el riesgo de lesiones para los ni\u00f1os. El respaldo ergon\u00f3mico garantiza una comodidad \u00f3ptima durante el uso, ofreciendo una experiencia agradable y placentera.<\/p>\n<p data-mce-fragment=\"1\">\ud83c\udfa8 <strong data-mce-fragment=\"1\">Dise\u00f1o simple y elegante<\/strong>Con su elegante y moderna apariencia, nuestro conjunto de mesa y sillas se integra a la perfecci\u00f3n en diversos entornos, desde preescolares y guarder\u00edas hasta dormitorios y salas de juegos. Su refrescante color verde menta a\u00f1ade un toque de encanto y versatilidad a cualquier decoraci\u00f3n.<\/p>\n<p data-mce-fragment=\"1\">\ud83e\uddf3 <strong data-mce-fragment=\"1\">C\u00f3modo y ahorra espacio<\/strong>Cada juego incluye dos sillas y una mesa completamente ensambladas, ideales para jugar con amigos o para actividades individuales. Las sillas apilables ofrecen un pr\u00e1ctico almacenamiento, ahorrando valioso espacio cuando no se usan.<\/p>\n<p data-mce-fragment=\"1\">\u00a1Mejora el \u00e1rea de juegos de tu hijo con nuestro resistente, elegante y compacto juego de mesa y sillas! \ud83c\udf08\ud83e\ude91<\/p>\n<\/div>\n<\/div>\n<\/div>\n<\/div>\n<\/div>\n<\/div>\n<\/div>\n<\/div>\n<\/div>\n<\/div>\n<\/div>\n<\/div>\n<\/div>\n<div class=\"w-full pt-2 md:pt-0 dark:border-white\/20 md:border-transparent md:dark:border-transparent md:w-[calc(100%-.5rem)]\" data-mce-fragment=\"1\">\n<form class=\"stretch mx-2 flex flex-row gap-3 last:mb-2 md:mx-4 md:last:mb-6 lg:mx-auto lg:max-w-2xl xl:max-w-3xl\" data-mce-fragment=\"1\" action=\"\">\n<div class=\"relative flex h-full flex-1 flex-col\" data-mce-fragment=\"1\">\n<div class=\"flex w-full items-center\" data-mce-fragment=\"1\"><\/div>\n<\/div>\n<input type=\"hidden\" name=\"trp-form-language\" value=\"es\"\/><\/form>\n<\/div>\n<div><\/div>","protected":false},"excerpt":{"rendered":"<p>\ud83c\udf1f Calidad y resistencia superiores: fabricadas con material de acero de alta calidad, nuestras sillas y mesas cuentan con una resistencia excepcional y soportan hasta<\/p>","protected":false},"featured_media":111361,"comment_status":"open","ping_status":"closed","template":"","meta":[],"product_brand":[],"product_cat":[30899,30971,30836,30839,30849],"product_tag":[],"class_list":{"0":"post-52908","1":"product","2":"type-product","3":"status-publish","4":"has-post-thumbnail","6":"product_cat-bs-kindergarten","7":"product_cat-hp","8":"product_cat-kids-chairs","9":"product_cat-kids-tables","10":"product_cat-kindergarten-school-furniture","12":"first","13":"outofstock","14":"taxable","15":"shipping-taxable","16":"purchasable","17":"product-type-variable"},"_links":{"self":[{"href":"https:\/\/nexgendecors.com\/es\/wp-json\/wp\/v2\/product\/52908","targetHints":{"allow":["GET"]}}],"collection":[{"href":"https:\/\/nexgendecors.com\/es\/wp-json\/wp\/v2\/product"}],"about":[{"href":"https:\/\/nexgendecors.com\/es\/wp-json\/wp\/v2\/types\/product"}],"replies":[{"embeddable":true,"href":"https:\/\/nexgendecors.com\/es\/wp-json\/wp\/v2\/comments?post=52908"}],"version-history":[{"count":0,"href":"https:\/\/nexgendecors.com\/es\/wp-json\/wp\/v2\/product\/52908\/revisions"}],"wp:featuredmedia":[{"embeddable":true,"href":"https:\/\/nexgendecors.com\/es\/wp-json\/wp\/v2\/media\/111361"}],"wp:attachment":[{"href":"https:\/\/nexgendecors.com\/es\/wp-json\/wp\/v2\/media?parent=52908"}],"wp:term":[{"taxonomy":"product_brand","embeddable":true,"href":"https:\/\/nexgendecors.com\/es\/wp-json\/wp\/v2\/product_brand?post=52908"},{"taxonomy":"product_cat","embeddable":true,"href":"https:\/\/nexgendecors.com\/es\/wp-json\/wp\/v2\/product_cat?post=52908"},{"taxonomy":"product_tag","embeddable":true,"href":"https:\/\/nexgendecors.com\/es\/wp-json\/wp\/v2\/product_tag?post=52908"}],"curies":[{"name":"wp","href":"https:\/\/api.w.org\/{rel}","templated":true}]}}