{"id":52969,"date":"2025-01-26T02:37:05","date_gmt":"2025-01-26T02:37:05","guid":{"rendered":"https:\/\/nexgendecors.com\/product\/costzon-kids-table-and-chair-set-convertible-toy-storage-bench-with-built-in-handle-for-kindergarten-preschool-kids-room-playroom-wood-reading-nook-for-toddler-boys-girls-ages-3-to-71711880132831\/"},"modified":"2025-04-06T08:27:31","modified_gmt":"2025-04-06T08:27:31","slug":"conjunto-de-mesa-y-silla-para-ninos-costzon-banco-de-almacenamiento-de-juguetes-convertible-con-asa-incorporada-para-jardin-de-infantes-preescolar-sala-de-juegos-rincon-de-lectura-de-madera-para-n","status":"publish","type":"product","link":"https:\/\/nexgendecors.com\/es\/product\/conjunto-de-mesa-y-silla-para-ninos-costzon-banco-de-almacenamiento-de-juguetes-convertible-con-asa-incorporada-para-jardin-de-infantes-preescolar-sala-de-juegos-rincon-de-lectura-de-madera-para-n\/","title":{"rendered":"Juego de mesa y sillas infantiles con banco de almacenamiento Costzon"},"content":{"rendered":"<p data-mce-fragment=\"1\">\ud83c\udfa8 <strong data-mce-fragment=\"1\">Conjunto de banco de actividades vers\u00e1til 3 en 1<\/strong>Transforma el espacio de tu hijo con nuestro vers\u00e1til banco de actividades, que se transforma f\u00e1cilmente entre un juego de escritorio y un banco de almacenamiento. El ba\u00fal de juguetes cuenta con un dise\u00f1o de ranura de seguridad que garantiza una apertura y cierre f\u00e1ciles sin riesgo de pillarse los dedos. \u00dasalo como escritorio para aprender, pintar, comer o convi\u00e9rtelo en un taburete para sentarse o cambiarse de zapatos.<\/p>\n<p data-mce-fragment=\"1\">\ud83d\udce6 <strong data-mce-fragment=\"1\">Amplio espacio de almacenamiento<\/strong>Nuestra caja de almacenamiento infantil ofrece amplio espacio, con dimensiones internas de 55,5 cm x 30,5 cm x 20,3 cm (largo x ancho x alto), perfecta para ropa, libros, juguetes y m\u00e1s. Mant\u00e9n la habitaci\u00f3n de tu hijo ordenada y organizada, fomentando buenos h\u00e1bitos desde peque\u00f1o. Ideal para guarder\u00edas, salas de juegos de arte y m\u00e1s.<\/p>\n<p data-mce-fragment=\"1\">\ud83c\udf1f <strong data-mce-fragment=\"1\">Materiales de primera calidad y seguros para ni\u00f1os<\/strong>Dise\u00f1ada para ni\u00f1os de 3 a 7 a\u00f1os, nuestra silla convertible cuenta con una robusta estructura de madera, hecha para durar. Las esquinas redondeadas y los reposabrazos brindan mayor seguridad, protegiendo a los ni\u00f1os de ara\u00f1azos y ca\u00eddas. Con certificaci\u00f3n ASTM y CPSIA, puede estar seguro de que cumple con los m\u00e1s altos est\u00e1ndares de seguridad.<\/p>\n<p data-mce-fragment=\"1\">\ud83d\udd04 <strong data-mce-fragment=\"1\">Dise\u00f1o f\u00e1cil de usar<\/strong>Con asas integradas a cada lado para facilitar su movimiento y una varilla neum\u00e1tica que evita el cierre brusco, nuestra silla de actividades prioriza la comodidad y la seguridad. El respaldo ergon\u00f3mico garantiza la m\u00e1xima comodidad, y al girar el interruptor lateral, la silla se gira sin esfuerzo.<\/p>\n<p data-mce-fragment=\"1\">\ud83d\udd27 <strong data-mce-fragment=\"1\">Montaje y mantenimiento sin esfuerzo<\/strong>Con instrucciones claras y las herramientas necesarias incluidas, el montaje es facil\u00edsimo. La superficie lisa e impermeable se limpia f\u00e1cilmente con un pa\u00f1o h\u00famedo, lo que facilita el mantenimiento. Capacidad de peso de la mesa: 10 kg, capacidad de peso del asiento: 30 kg.<\/p>\n<p data-mce-fragment=\"1\">\u00a1Mejora la experiencia de juego y aprendizaje de tu hijo con nuestro pr\u00e1ctico, seguro y elegante juego de banco de actividades! \ud83c\udf08\ud83d\udcda<\/p>\n<div><\/div>","protected":false},"excerpt":{"rendered":"<p>\ud83c\udfa8 Conjunto de banco de actividades 3 en 1 vers\u00e1til: transforme el espacio de su hijo con nuestro vers\u00e1til banco de actividades, que se puede cambiar f\u00e1cilmente entre un escritorio y un escritorio.<\/p>","protected":false},"featured_media":111520,"comment_status":"open","ping_status":"closed","template":"","meta":[],"product_brand":[],"product_cat":[30971,30837,30849],"product_tag":[],"class_list":{"0":"post-52969","1":"product","2":"type-product","3":"status-publish","4":"has-post-thumbnail","6":"product_cat-hp","7":"product_cat-kids-sofa","8":"product_cat-kindergarten-school-furniture","10":"first","11":"instock","12":"taxable","13":"shipping-taxable","14":"purchasable","15":"product-type-variable"},"_links":{"self":[{"href":"https:\/\/nexgendecors.com\/es\/wp-json\/wp\/v2\/product\/52969","targetHints":{"allow":["GET"]}}],"collection":[{"href":"https:\/\/nexgendecors.com\/es\/wp-json\/wp\/v2\/product"}],"about":[{"href":"https:\/\/nexgendecors.com\/es\/wp-json\/wp\/v2\/types\/product"}],"replies":[{"embeddable":true,"href":"https:\/\/nexgendecors.com\/es\/wp-json\/wp\/v2\/comments?post=52969"}],"version-history":[{"count":0,"href":"https:\/\/nexgendecors.com\/es\/wp-json\/wp\/v2\/product\/52969\/revisions"}],"wp:featuredmedia":[{"embeddable":true,"href":"https:\/\/nexgendecors.com\/es\/wp-json\/wp\/v2\/media\/111520"}],"wp:attachment":[{"href":"https:\/\/nexgendecors.com\/es\/wp-json\/wp\/v2\/media?parent=52969"}],"wp:term":[{"taxonomy":"product_brand","embeddable":true,"href":"https:\/\/nexgendecors.com\/es\/wp-json\/wp\/v2\/product_brand?post=52969"},{"taxonomy":"product_cat","embeddable":true,"href":"https:\/\/nexgendecors.com\/es\/wp-json\/wp\/v2\/product_cat?post=52969"},{"taxonomy":"product_tag","embeddable":true,"href":"https:\/\/nexgendecors.com\/es\/wp-json\/wp\/v2\/product_tag?post=52969"}],"curies":[{"name":"wp","href":"https:\/\/api.w.org\/{rel}","templated":true}]}}