{"id":52980,"date":"2025-01-26T02:37:08","date_gmt":"2025-01-26T02:37:08","guid":{"rendered":"https:\/\/nexgendecors.com\/product\/costzon-kids-table-and-chair-set-kids-mid-century-modern-style-table-set-for-toddler-children-kids-dining-table-and-chair-set-5-piece-setcolorful-table-4-chairs1711880132864\/"},"modified":"2025-03-09T17:49:49","modified_gmt":"2025-03-09T17:49:49","slug":"costzon-kids-table-and-chair-set-kids-mid-century-modern-style-table-set-for-toddler-children-kids-dining-table-and-chair-set-5-piece-setcolorful-table-4-chairs1711880132864","status":"publish","type":"product","link":"https:\/\/nexgendecors.com\/es\/product\/costzon-kids-table-and-chair-set-kids-mid-century-modern-style-table-set-for-toddler-children-kids-dining-table-and-chair-set-5-piece-setcolorful-table-4-chairs1711880132864\/","title":{"rendered":"Juego de mesa y silla Costzon Kids Mid-Century Modern"},"content":{"rendered":"<div class=\"flex-1 overflow-hidden\" data-mce-fragment=\"1\">\n<div class=\"react-scroll-to-bottom--css-pyouc-79elbk h-full\" data-mce-fragment=\"1\">\n<div class=\"react-scroll-to-bottom--css-pyouc-1n7m0yu\" data-mce-fragment=\"1\">\n<div data-mce-fragment=\"1\">\n<div class=\"flex flex-col text-sm pb-9\" data-mce-fragment=\"1\">\n<div class=\"w-full text-token-text-primary\" dir=\"auto\" data-testid=\"conversation-turn-7\" data-mce-fragment=\"1\">\n<div class=\"px-4 py-2 justify-center text-base md:gap-6 m-auto\" data-mce-fragment=\"1\">\n<div class=\"flex flex-1 text-base mx-auto gap-3 juice:gap-4 juice:md:gap-6 md:px-5 lg:px-1 xl:px-5 md:max-w-3xl lg:max-w-[40rem] xl:max-w-[48rem]\" data-mce-fragment=\"1\">\n<div class=\"relative flex w-full flex-col agent-turn\" data-mce-fragment=\"1\">\n<div class=\"flex-col gap-1 md:gap-3\" data-mce-fragment=\"1\">\n<div class=\"flex flex-grow flex-col max-w-full\" data-mce-fragment=\"1\">\n<div data-message-author-role=\"assistant\" data-message-id=\"1123056e-bfa8-4550-82ff-c362cb5f4ab7\" dir=\"auto\" class=\"min-h-[20px] text-message flex flex-col items-start gap-3 whitespace-pre-wrap break-words [.text-message+&#038;]:mt-5 overflow-x-auto\" data-mce-fragment=\"1\">\n<div class=\"markdown prose w-full break-words dark:prose-invert light\" data-mce-fragment=\"1\">\n<p data-mce-fragment=\"1\">\ud83c\udf1f <strong data-mce-fragment=\"1\">Sturdy and Safe Construction<\/strong>: Built with solid wood legs and reinforced with iron frame connecting technology, our table and chairs set offers reliable support and durability. Designed to accommodate children up to 110lbs, rest assured, it&#8217;s built to last. Plus, the non-toxic materials ensure the safety and well-being of your little ones.<\/p>\n<p data-mce-fragment=\"1\">\ud83e\ude91 <strong data-mce-fragment=\"1\">Comfortable and Ergonomic<\/strong>: Say goodbye to discomfort! Our chairs feature backrests for effective support, promoting proper sitting posture. The round table boasts a smooth surface, free of any sharp edges to safeguard delicate skin. With non-slip pads on the bottom, both the furniture and your floors stay protected and stable.<\/p>\n<p data-mce-fragment=\"1\">\ud83c\udfa8 <strong data-mce-fragment=\"1\">Versatile and Chic Design<\/strong>: Perfect for playdates! This set&#8217;s elegant and modern design blends seamlessly with any decor, making it ideal for various spaces such as living rooms, dining rooms, bedrooms, nurseries, and children&#8217;s play areas.<\/p>\n<p data-mce-fragment=\"1\">\ud83c\udf81 <strong data-mce-fragment=\"1\">Perfect Present for Kids<\/strong>: Treat your little ones to their very own furniture! Our set includes a round table and four armless chairs, specially designed for children aged 3-12 years. Whether it&#8217;s mealtime, reading, writing, drawing, or playing, they&#8217;ll have a dedicated space for all their activities.<\/p>\n<p data-mce-fragment=\"1\">\ud83d\udee0\ufe0f <strong data-mce-fragment=\"1\">Effortless Assembly and Maintenance<\/strong>: No more hassle! Assembly and disassembly are a breeze, saving you time and effort. The MDF tabletop and PP seats are dirt-resistant and easy to clean with a dry or wet cloth, ensuring hassle-free maintenance.<\/p>\n<p data-mce-fragment=\"1\">Transform your child&#8217;s space with our safe, stylish, and practical table and chairs set! \ud83c\udf08\u2728<\/p>\n<\/div>\n<\/div>\n<\/div>\n<\/div>\n<\/div>\n<\/div>\n<\/div>\n<\/div>\n<\/div>\n<\/div>\n<\/div>\n<\/div>\n<\/div>\n<div><\/div>","protected":false},"excerpt":{"rendered":"<p>\ud83c\udf1f Construcci\u00f3n robusta y segura: Construido con patas de madera maciza y reforzado con marco de hierro tecnolog\u00eda de conexi\u00f3n, nuestra mesa y<\/p>","protected":false},"featured_media":111553,"comment_status":"open","ping_status":"closed","template":"","meta":[],"product_brand":[],"product_cat":[30899,30971,30836,30839,30849],"product_tag":[],"class_list":{"0":"post-52980","1":"product","2":"type-product","3":"status-publish","4":"has-post-thumbnail","6":"product_cat-bs-kindergarten","7":"product_cat-hp","8":"product_cat-kids-chairs","9":"product_cat-kids-tables","10":"product_cat-kindergarten-school-furniture","12":"first","13":"instock","14":"taxable","15":"shipping-taxable","16":"purchasable","17":"product-type-variable"},"_links":{"self":[{"href":"https:\/\/nexgendecors.com\/es\/wp-json\/wp\/v2\/product\/52980","targetHints":{"allow":["GET"]}}],"collection":[{"href":"https:\/\/nexgendecors.com\/es\/wp-json\/wp\/v2\/product"}],"about":[{"href":"https:\/\/nexgendecors.com\/es\/wp-json\/wp\/v2\/types\/product"}],"replies":[{"embeddable":true,"href":"https:\/\/nexgendecors.com\/es\/wp-json\/wp\/v2\/comments?post=52980"}],"version-history":[{"count":0,"href":"https:\/\/nexgendecors.com\/es\/wp-json\/wp\/v2\/product\/52980\/revisions"}],"wp:featuredmedia":[{"embeddable":true,"href":"https:\/\/nexgendecors.com\/es\/wp-json\/wp\/v2\/media\/111553"}],"wp:attachment":[{"href":"https:\/\/nexgendecors.com\/es\/wp-json\/wp\/v2\/media?parent=52980"}],"wp:term":[{"taxonomy":"product_brand","embeddable":true,"href":"https:\/\/nexgendecors.com\/es\/wp-json\/wp\/v2\/product_brand?post=52980"},{"taxonomy":"product_cat","embeddable":true,"href":"https:\/\/nexgendecors.com\/es\/wp-json\/wp\/v2\/product_cat?post=52980"},{"taxonomy":"product_tag","embeddable":true,"href":"https:\/\/nexgendecors.com\/es\/wp-json\/wp\/v2\/product_tag?post=52980"}],"curies":[{"name":"wp","href":"https:\/\/api.w.org\/{rel}","templated":true}]}}