{"id":52984,"date":"2025-01-26T02:37:09","date_gmt":"2025-01-26T02:37:09","guid":{"rendered":"https:\/\/nexgendecors.com\/product\/costzon-kids-table-and-chair-set-mid-century-modern-style-white-table-2-chairs1711880132882\/"},"modified":"2025-04-06T08:27:34","modified_gmt":"2025-04-06T08:27:34","slug":"conjunto-de-mesa-y-sillas-infantiles-costzon-estilo-moderno-de-mediados-de-siglo-mesa-blanca-2-sillas-1711880132882","status":"publish","type":"product","link":"https:\/\/nexgendecors.com\/es\/product\/conjunto-de-mesa-y-sillas-infantiles-costzon-estilo-moderno-de-mediados-de-siglo-mesa-blanca-2-sillas-1711880132882\/","title":{"rendered":"Conjunto de mesa y sillas infantiles Costzon, dise\u00f1o moderno en blanco"},"content":{"rendered":"<p data-mce-fragment=\"1\">\ud83c\udf1f <strong data-mce-fragment=\"1\">Construcci\u00f3n s\u00f3lida y segura<\/strong>Fabricado con patas de madera maciza y reforzado con tecnolog\u00eda de conexi\u00f3n de estructura de hierro, nuestro juego de mesa y sillas garantiza un soporte resistente y duradero. Dise\u00f1ado para soportar hasta 50 kg, es resistente y seguro para los ni\u00f1os. Adem\u00e1s, est\u00e1 fabricado con materiales no t\u00f3xicos, priorizando la salud de su hijo.<\/p>\n<p data-mce-fragment=\"1\">\ud83e\ude91 <strong data-mce-fragment=\"1\">Dise\u00f1o \u00edntimo y ergon\u00f3mico<\/strong>Nuestras sillas cuentan con respaldos que brindan un soporte eficaz y promueven una postura correcta al sentarse. La mesa redonda presenta una superficie lisa y sin rebabas, protegiendo la piel delicada. Las almohadillas antideslizantes en la base mejoran la estabilidad y protegen el suelo.<\/p>\n<p data-mce-fragment=\"1\">\ud83c\udfa8 <strong data-mce-fragment=\"1\">Vers\u00e1til y elegante<\/strong>\u00a1Perfecto para jugar con amigos! Con su dise\u00f1o elegante y moderno, nuestro juego de mesa y sillas infantiles complementa cualquier decoraci\u00f3n. Ideal para diversos espacios como salas, comedores, dormitorios, guarder\u00edas y \u00e1reas de juego infantiles.<\/p>\n<p data-mce-fragment=\"1\">\ud83c\udf81 <strong data-mce-fragment=\"1\">Regalo perfecto para ni\u00f1os<\/strong>\u00a1Consiente a tus peque\u00f1os con su propio juego de muebles! Incluye una mesa redonda y cuatro sillas sin brazos, especialmente dise\u00f1ado para ni\u00f1os de 3 a 12 a\u00f1os. Ya sea para comer, leer, escribir, dibujar o jugar, tendr\u00e1n su propio rinc\u00f3n acogedor para todas sus actividades.<\/p>\n<p data-mce-fragment=\"1\">\ud83d\udd27 <strong data-mce-fragment=\"1\">F\u00e1cil montaje y mantenimiento<\/strong>El montaje y desmontaje son muy sencillos, lo que le ahorra tiempo y esfuerzo. El tablero de MDF y los asientos de PP son resistentes a la suciedad y f\u00e1ciles de limpiar con un pa\u00f1o seco o h\u00famedo, lo que garantiza un mantenimiento sin complicaciones.<\/p>\n<p data-mce-fragment=\"1\">\u00a1Regale a su hijo comodidad, estilo y funcionalidad con nuestro juego de mesa y sillas f\u00e1cil de montar y limpiar! \ud83c\udfa8\ud83c\udf08<\/p>\n<div><\/div>","protected":false},"excerpt":{"rendered":"<p>\ud83c\udf1f Construcci\u00f3n s\u00f3lida y segura: Fabricada con patas de madera maciza y reforzada con tecnolog\u00eda de conexi\u00f3n de marco de hierro, nuestra mesa y<\/p>","protected":false},"featured_media":111574,"comment_status":"open","ping_status":"closed","template":"","meta":[],"product_brand":[],"product_cat":[30971,30836,30839,30849],"product_tag":[],"class_list":{"0":"post-52984","1":"product","2":"type-product","3":"status-publish","4":"has-post-thumbnail","6":"product_cat-hp","7":"product_cat-kids-chairs","8":"product_cat-kids-tables","9":"product_cat-kindergarten-school-furniture","11":"first","12":"instock","13":"taxable","14":"shipping-taxable","15":"purchasable","16":"product-type-variable"},"_links":{"self":[{"href":"https:\/\/nexgendecors.com\/es\/wp-json\/wp\/v2\/product\/52984","targetHints":{"allow":["GET"]}}],"collection":[{"href":"https:\/\/nexgendecors.com\/es\/wp-json\/wp\/v2\/product"}],"about":[{"href":"https:\/\/nexgendecors.com\/es\/wp-json\/wp\/v2\/types\/product"}],"replies":[{"embeddable":true,"href":"https:\/\/nexgendecors.com\/es\/wp-json\/wp\/v2\/comments?post=52984"}],"version-history":[{"count":0,"href":"https:\/\/nexgendecors.com\/es\/wp-json\/wp\/v2\/product\/52984\/revisions"}],"wp:featuredmedia":[{"embeddable":true,"href":"https:\/\/nexgendecors.com\/es\/wp-json\/wp\/v2\/media\/111574"}],"wp:attachment":[{"href":"https:\/\/nexgendecors.com\/es\/wp-json\/wp\/v2\/media?parent=52984"}],"wp:term":[{"taxonomy":"product_brand","embeddable":true,"href":"https:\/\/nexgendecors.com\/es\/wp-json\/wp\/v2\/product_brand?post=52984"},{"taxonomy":"product_cat","embeddable":true,"href":"https:\/\/nexgendecors.com\/es\/wp-json\/wp\/v2\/product_cat?post=52984"},{"taxonomy":"product_tag","embeddable":true,"href":"https:\/\/nexgendecors.com\/es\/wp-json\/wp\/v2\/product_tag?post=52984"}],"curies":[{"name":"wp","href":"https:\/\/api.w.org\/{rel}","templated":true}]}}