{"id":52995,"date":"2025-01-26T02:37:11","date_gmt":"2025-01-26T02:37:11","guid":{"rendered":"https:\/\/nexgendecors.com\/product\/costzon-kids-table-and-chair-set-wood-table-and-chairs-for-toddlers-reading-arts-crafts-homework-snack-time-3-piece-furniture-for-playroom-home-school-classroom-childrens-table-and-chair-green17118"},"modified":"2025-04-06T08:27:37","modified_gmt":"2025-04-06T08:27:37","slug":"conjunto-de-mesa-y-sillas-para-ninos-costzon-mesa-y-sillas-de-madera-para-ninos-pequenos-lectura-manualidades-tareas-meriendas-muebles-de-3-piezas-para-sala-de-juegos-hogar-escuela-aula-mesa","status":"publish","type":"product","link":"https:\/\/nexgendecors.com\/es\/product\/conjunto-de-mesa-y-sillas-para-ninos-costzon-mesa-y-sillas-de-madera-para-ninos-pequenos-lectura-manualidades-tareas-meriendas-muebles-de-3-piezas-para-sala-de-juegos-hogar-escuela-aula-mesa\/","title":{"rendered":"Conjunto de mesa y sillas infantiles Costzon: ecol\u00f3gico, elegante y funcional"},"content":{"rendered":"<p data-mce-fragment=\"1\">\ud83c\udf31 <strong data-mce-fragment=\"1\">Materiales seguros y duraderos:<\/strong><\/p>\n<ul data-mce-fragment=\"1\">\n<li data-mce-fragment=\"1\">Fabricado con madera curvada de alta calidad y recubierto con pintura ecol\u00f3gica, este juego de mesa y sillas para ni\u00f1os es at\u00f3xico e inodoro, lo que garantiza la seguridad de los ni\u00f1os y ofrece una larga vida \u00fatil. Certificado por ASTM para mayor tranquilidad.<\/li>\n<\/ul>\n<p data-mce-fragment=\"1\">\ud83d\udcaa <strong data-mce-fragment=\"1\">Estructura de madera de alta capacidad de peso:<\/strong><\/p>\n<ul data-mce-fragment=\"1\">\n<li data-mce-fragment=\"1\">Las patas de madera especialmente curvadas ofrecen una excelente capacidad de carga: la mesa soporta hasta 40 kg y cada silla hasta 100 kg. Las almohadillas de fieltro mejoran la estabilidad y protegen el suelo de ara\u00f1azos.<\/li>\n<\/ul>\n<p data-mce-fragment=\"1\">\ud83d\udc76 <strong data-mce-fragment=\"1\">Dise\u00f1o \u00edntimo y ergon\u00f3mico:<\/strong><\/p>\n<ul data-mce-fragment=\"1\">\n<li data-mce-fragment=\"1\">Las superficies lisas y sin rebabas, as\u00ed como los bordes redondeados, previenen lesiones por golpes accidentales, priorizando la seguridad de los ni\u00f1os. Los respaldos curvos y ergon\u00f3micos de las sillas favorecen la salud de la columna vertebral de los ni\u00f1os.<\/li>\n<\/ul>\n<p data-mce-fragment=\"1\">\ud83c\udfa8 <strong data-mce-fragment=\"1\">Uso multifuncional:<\/strong><\/p>\n<ul data-mce-fragment=\"1\">\n<li data-mce-fragment=\"1\">Este conjunto incluye una mesa y dos sillas, ideal para diversos entornos, como guarder\u00edas, dormitorios infantiles y salas de juegos. Los ni\u00f1os pueden disfrutar de actividades como comer, leer, dibujar o jugar con este vers\u00e1til conjunto de muebles.<\/li>\n<\/ul>\n<p data-mce-fragment=\"1\">\ud83d\udd27 <strong data-mce-fragment=\"1\">F\u00e1cil de montar y limpiar:<\/strong><\/p>\n<ul data-mce-fragment=\"1\">\n<li data-mce-fragment=\"1\">Las instrucciones de montaje detalladas y los herrajes incluidos facilitan el montaje. La superficie lisa permite una limpieza sencilla con un pa\u00f1o suave y h\u00famedo, lo que garantiza un mantenimiento sin esfuerzo incluso despu\u00e9s de actividades desordenadas como comer, dibujar o estudiar.<\/li>\n<\/ul>\n<div><\/div>","protected":false},"excerpt":{"rendered":"<p>\ud83c\udf31 Materiales seguros y duraderos: Fabricada con madera curvada de alta calidad y recubierta con pintura ecol\u00f3gica, esta mesa y silla para ni\u00f1os<\/p>","protected":false},"featured_media":111605,"comment_status":"open","ping_status":"closed","template":"","meta":[],"product_brand":[],"product_cat":[30971,30836,30839,30849],"product_tag":[],"class_list":{"0":"post-52995","1":"product","2":"type-product","3":"status-publish","4":"has-post-thumbnail","6":"product_cat-hp","7":"product_cat-kids-chairs","8":"product_cat-kids-tables","9":"product_cat-kindergarten-school-furniture","11":"first","12":"instock","13":"taxable","14":"shipping-taxable","15":"purchasable","16":"product-type-variable"},"_links":{"self":[{"href":"https:\/\/nexgendecors.com\/es\/wp-json\/wp\/v2\/product\/52995","targetHints":{"allow":["GET"]}}],"collection":[{"href":"https:\/\/nexgendecors.com\/es\/wp-json\/wp\/v2\/product"}],"about":[{"href":"https:\/\/nexgendecors.com\/es\/wp-json\/wp\/v2\/types\/product"}],"replies":[{"embeddable":true,"href":"https:\/\/nexgendecors.com\/es\/wp-json\/wp\/v2\/comments?post=52995"}],"version-history":[{"count":0,"href":"https:\/\/nexgendecors.com\/es\/wp-json\/wp\/v2\/product\/52995\/revisions"}],"wp:featuredmedia":[{"embeddable":true,"href":"https:\/\/nexgendecors.com\/es\/wp-json\/wp\/v2\/media\/111605"}],"wp:attachment":[{"href":"https:\/\/nexgendecors.com\/es\/wp-json\/wp\/v2\/media?parent=52995"}],"wp:term":[{"taxonomy":"product_brand","embeddable":true,"href":"https:\/\/nexgendecors.com\/es\/wp-json\/wp\/v2\/product_brand?post=52995"},{"taxonomy":"product_cat","embeddable":true,"href":"https:\/\/nexgendecors.com\/es\/wp-json\/wp\/v2\/product_cat?post=52995"},{"taxonomy":"product_tag","embeddable":true,"href":"https:\/\/nexgendecors.com\/es\/wp-json\/wp\/v2\/product_tag?post=52995"}],"curies":[{"name":"wp","href":"https:\/\/api.w.org\/{rel}","templated":true}]}}