{"id":53114,"date":"2025-01-26T02:37:40","date_gmt":"2025-01-26T02:37:40","guid":{"rendered":"https:\/\/nexgendecors.com\/product\/cream-series-home-restaurant-dining-table-and-chair-combination-light-luxury-creative-new-white-rock-board-oval-negotiation-table-and-chair\/"},"modified":"2025-04-06T08:28:03","modified_gmt":"2025-04-06T08:28:03","slug":"mesa-de-comedor-y-silla-de-restaurante-para-el-hogar-serie-crema-combinacion-ligera-lujosa-creativa-nueva-blanca-con-tablero-de-roca-mesa-de-negociacion-ovalada-y-silla","status":"publish","type":"product","link":"https:\/\/nexgendecors.com\/es\/product\/mesa-de-comedor-y-silla-de-restaurante-para-el-hogar-serie-crema-combinacion-ligera-lujosa-creativa-nueva-blanca-con-tablero-de-roca-mesa-de-negociacion-ovalada-y-silla\/","title":{"rendered":"Juego de mesa y sillas de comedor ovaladas serie crema \u2013 Lujo ligero"},"content":{"rendered":"<ul>\n<li>\n<strong>marca<\/strong>:DAEFONHI\/Da Vinci<\/li>\n<li>\n<strong>modelo<\/strong>:Da Vinci 272<\/li>\n<li>\n<strong>Funci\u00f3n<\/strong>:Otro<\/li>\n<li>\n<strong>patr\u00f3n<\/strong>:Otro<\/li>\n<li>\n<strong>estilo<\/strong>:Estilo Crema<\/li>\n<li>\n<strong>forma<\/strong>:Oval<\/li>\n<li>\n<strong>N\u00famero de personas aplicable<\/strong>:4 personas<\/li>\n<li>\n<strong>elementos populares<\/strong>:Dise\u00f1o maestro<\/li>\n<li>\n<strong>Tipo de embalaje<\/strong>:Asamblea<\/li>\n<li>\n<strong>ordenar por color<\/strong>Mesa 140 + 4 sillas semicurvas. Mesa 160 + 4 sillas semicurvas. Mesa 180 + 4 sillas semicurvas. Mesa 200 + 4 sillas semicurvas. Mesa 140 + 4 sillas redondas. Mesa 160 + 4 sillas redondas. Mesa 180 + 4 sillas redondas. Mesa 200 + 4 sillas redondas. 140 x 80 x 75 cm. M\u00e1rmol blanco. 160 x 80 x 75 cm. M\u00e1rmol blanco. 180 x 80 x 75 cm. M\u00e1rmol blanco. 200 x 80 x 75 cm. M\u00e1rmol blanco. 140 x 80 x 75 cm. Blanco puro. 160 x 80 x 75 cm. Blanco puro. 180 x 80 x 75 cm. Blanco puro. 200 x 80 x 75 cm. Blanco puro. 140 x 80 x 75 cm. Soporte gris. 160 x 80 x 75 cm. Soporte gris. Silla semicurva (blanca). Silla semicurva (negra). Silla semicurva. (gris)Silla redonda (blanca)Silla redonda (negra)Silla redonda (gris)<\/li>\n<li>\n<strong>Material de acabado<\/strong>:Tabla de roca<\/li>\n<li>\n<strong>\u00bfEs escalable?<\/strong>:No<\/li>\n<li>\n<strong>\u00bfEs personalizable?<\/strong>:S\u00ed<\/li>\n<li>\n<strong>Si llevar un tocadiscos<\/strong>:No<\/li>\n<li>\n<strong>\u00bfEl escritorio es ajustable?<\/strong>:No<\/li>\n<li>\n<strong>Ya sea con rodillo<\/strong>:No<\/li>\n<li>\n<strong>Si llevar bomba<\/strong>:No<\/li>\n<li>\n<strong>\u00bfHay un gabinete?<\/strong>:No<\/li>\n<li>\n<strong>N\u00famero de capas<\/strong>:1 historia<\/li>\n<li>\n<strong>Estructura del mobiliario<\/strong>:Estructura de soporte<\/li>\n<li>\n<strong>Si traer una silla o un taburete<\/strong>:S\u00ed<\/li>\n<li>\n<strong>Entrega\/instalaci\u00f3n disponible<\/strong>:Shanghai Otros Beijing Nanjing Nanchang Harbin Dalian Tianjin Ningbo Guangzhou Chengdu Hangzhou Wuhan Shenyang Shenzhen Wenzhou Suzhou Xi&#039;an Guiyang Zhengzhou Chongqing Jinhua Changsha Dongguan Fuzhou Qingdao Wuxi Taizhou Changzhou Foshan Xiamen Nanning<\/li>\n<li>\n<strong>Origen<\/strong>:Provincia de Fujian<\/li>\n<li>\n<strong>ciudad<\/strong>:Ciudad de Quanzhou<\/li>\n<li>\n<strong>Distritos y condados<\/strong>:Condado de Anxi<\/li>\n<li>\n<strong>Armar<\/strong>:S\u00ed<\/li>\n<li>\n<strong>volumen del paquete<\/strong>:Prevalecer\u00e1 el producto real.<\/li>\n<li>\n<strong>\u00bfEst\u00e1 disponible la preventa?<\/strong>:No<\/li>\n<li>\n<strong>\u00bfHay taxi disponible para transporte?<\/strong>:No<\/li>\n<li>\n<strong>Posicionamiento de estilo<\/strong>:Lujo de calidad<\/li>\n<li>\n<strong>Detalles de las instrucciones de instalaci\u00f3n<\/strong>:Proporcione herramientas de instalaci\u00f3n sencillas<\/li>\n<li>\n<strong>Peso bruto<\/strong>:30 kilos<\/li>\n<li>\n<strong>Si tiene funci\u00f3n de cocina de inducci\u00f3n<\/strong>:No<\/li>\n<li>\n<strong><\/strong>:<\/li>\n<\/ul>\n<p><img><\/p>","protected":false},"excerpt":{"rendered":"<p>Marca: DAEFONHI\/Da Vinci Modelo: Da Vinci 272 Funci\u00f3n: Otro Patr\u00f3n: Otro Estilo: Crema Forma del estilo: Ovalada N\u00famero aplicable de personas: 4 personas Elementos populares: Dise\u00f1o maestro Tipo de empaque: Ensamblaje<\/p>","protected":false},"featured_media":111794,"comment_status":"open","ping_status":"closed","template":"","meta":[],"product_brand":[],"product_cat":[30855,30852,30862,30971,30860,30861],"product_tag":[],"class_list":{"0":"post-53114","1":"product","2":"type-product","3":"status-publish","4":"has-post-thumbnail","6":"product_cat-wholesale-chairs","7":"product_cat-dining-set","8":"product_cat-wholesales-hotels","9":"product_cat-hp","10":"product_cat-wholesale-restaurant","11":"product_cat-wholesale-tables","13":"first","14":"instock","15":"sale","16":"taxable","17":"shipping-taxable","18":"purchasable","19":"product-type-variable"},"_links":{"self":[{"href":"https:\/\/nexgendecors.com\/es\/wp-json\/wp\/v2\/product\/53114","targetHints":{"allow":["GET"]}}],"collection":[{"href":"https:\/\/nexgendecors.com\/es\/wp-json\/wp\/v2\/product"}],"about":[{"href":"https:\/\/nexgendecors.com\/es\/wp-json\/wp\/v2\/types\/product"}],"replies":[{"embeddable":true,"href":"https:\/\/nexgendecors.com\/es\/wp-json\/wp\/v2\/comments?post=53114"}],"version-history":[{"count":0,"href":"https:\/\/nexgendecors.com\/es\/wp-json\/wp\/v2\/product\/53114\/revisions"}],"wp:featuredmedia":[{"embeddable":true,"href":"https:\/\/nexgendecors.com\/es\/wp-json\/wp\/v2\/media\/111794"}],"wp:attachment":[{"href":"https:\/\/nexgendecors.com\/es\/wp-json\/wp\/v2\/media?parent=53114"}],"wp:term":[{"taxonomy":"product_brand","embeddable":true,"href":"https:\/\/nexgendecors.com\/es\/wp-json\/wp\/v2\/product_brand?post=53114"},{"taxonomy":"product_cat","embeddable":true,"href":"https:\/\/nexgendecors.com\/es\/wp-json\/wp\/v2\/product_cat?post=53114"},{"taxonomy":"product_tag","embeddable":true,"href":"https:\/\/nexgendecors.com\/es\/wp-json\/wp\/v2\/product_tag?post=53114"}],"curies":[{"name":"wp","href":"https:\/\/api.w.org\/{rel}","templated":true}]}}