{"id":53197,"date":"2025-01-26T02:37:45","date_gmt":"2025-01-26T02:37:45","guid":{"rendered":"https:\/\/nexgendecors.com\/product\/cream-style-bear-cartoon-lazy-sofa-balcony-bedroom-can-lie-down-to-sleep-net-celebrity-multifunctional-electric-theater-single-rocking-chair\/"},"modified":"2025-03-11T06:08:21","modified_gmt":"2025-03-11T06:08:21","slug":"cream-style-bear-cartoon-lazy-sofa-balcony-bedroom-can-lie-down-to-sleep-net-celebrity-multifunctional-electric-theater-single-rocking-chair","status":"publish","type":"product","link":"https:\/\/nexgendecors.com\/es\/product\/cream-style-bear-cartoon-lazy-sofa-balcony-bedroom-can-lie-down-to-sleep-net-celebrity-multifunctional-electric-theater-single-rocking-chair\/","title":{"rendered":"Mecedora de dibujos animados de oso color crema \u2013 Sof\u00e1 multifuncional"},"content":{"rendered":"<ul>\n<li>\n<strong>marca<\/strong>:Gittas<\/li>\n<li>\n<strong>modelo<\/strong>:XC8096 Sof\u00e1 funcional<\/li>\n<li>\n<strong>estilo<\/strong>:Estilo Crema<\/li>\n<li>\n<strong>Armar<\/strong>:S\u00ed<\/li>\n<li>\n<strong>Adecuado<\/strong>:General<\/li>\n<li>\n<strong>\u00bfEs personalizable?<\/strong>:No<\/li>\n<li>\n<strong>\u00bfEs desmontable y lavable?<\/strong>:No<\/li>\n<li>\n<strong>ciudad<\/strong>:Huzhou<\/li>\n<li>\n<strong>Distritos y condados<\/strong>Condado de Anji<\/li>\n<li>\n<strong>Tipos de fundas de sof\u00e1<\/strong>:Gato ara\u00f1ando<\/li>\n<li>\n<strong>\u00bfHay taxi disponible para transporte?<\/strong>:No<\/li>\n<li>\n<strong>Posicionamiento de estilo<\/strong>:Estilo art\u00edstico<\/li>\n<li>\n<strong>ordenar por color<\/strong>: Resistente a ara\u00f1azos de gato (comun\u00edquese con el servicio de atenci\u00f3n al cliente para conocer el color~) No oferte por terciopelo sedoso Dove (comun\u00edquese con el servicio de atenci\u00f3n al cliente para conocer el color~) No oferte por chenilla suave (comun\u00edquese con el servicio de atenci\u00f3n al cliente para conocer el color~) No oferte por este art\u00edculo [Reclinaci\u00f3n manual] [Reclinaci\u00f3n manual + soporte para tel\u00e9fono m\u00f3vil] [Reclinaci\u00f3n manual + balanceo] [Reclinaci\u00f3n manual + balanceo + soporte para tel\u00e9fono m\u00f3vil] [Reclinaci\u00f3n el\u00e9ctrica (con USB)] [Reclinaci\u00f3n el\u00e9ctrica (con USB) + soporte para tel\u00e9fono m\u00f3vil] [Reclinaci\u00f3n el\u00e9ctrica + balanceo (con USB)] [Reclinaci\u00f3n el\u00e9ctrica + balanceo (con USB) + soporte para tel\u00e9fono m\u00f3vil] [Reclinaci\u00f3n el\u00e9ctrica + balanceo (con USB)] + versi\u00f3n de bater\u00eda inal\u00e1mbrica [Reclinaci\u00f3n el\u00e9ctrica + balanceo (con USB)] + versi\u00f3n de bater\u00eda inal\u00e1mbrica + soporte para tel\u00e9fono m\u00f3vil<\/li>\n<\/ul>\n<p><img><\/p>","protected":false},"excerpt":{"rendered":"<p>Marca: Gittas Modelo: XC8096 Sof\u00e1 funcional Estilo: Estilo crema Ensamblaje: s\u00ed Adecuado: General \u00bfEs personalizable?: no \u00bfEs extra\u00edble y lavable?: no Ciudad: Huzhou Distritos y condados: Anji<\/p>","protected":false},"featured_media":111865,"comment_status":"open","ping_status":"closed","template":"","meta":[],"product_brand":[],"product_cat":[30863,30971,30850],"product_tag":[],"class_list":{"0":"post-53197","1":"product","2":"type-product","3":"status-publish","4":"has-post-thumbnail","6":"product_cat-wholesales-cinema-theater","7":"product_cat-hp","8":"product_cat-wholesale-furniture","10":"first","11":"instock","12":"sale","13":"taxable","14":"shipping-taxable","15":"purchasable","16":"product-type-variable"},"_links":{"self":[{"href":"https:\/\/nexgendecors.com\/es\/wp-json\/wp\/v2\/product\/53197","targetHints":{"allow":["GET"]}}],"collection":[{"href":"https:\/\/nexgendecors.com\/es\/wp-json\/wp\/v2\/product"}],"about":[{"href":"https:\/\/nexgendecors.com\/es\/wp-json\/wp\/v2\/types\/product"}],"replies":[{"embeddable":true,"href":"https:\/\/nexgendecors.com\/es\/wp-json\/wp\/v2\/comments?post=53197"}],"version-history":[{"count":0,"href":"https:\/\/nexgendecors.com\/es\/wp-json\/wp\/v2\/product\/53197\/revisions"}],"wp:featuredmedia":[{"embeddable":true,"href":"https:\/\/nexgendecors.com\/es\/wp-json\/wp\/v2\/media\/111865"}],"wp:attachment":[{"href":"https:\/\/nexgendecors.com\/es\/wp-json\/wp\/v2\/media?parent=53197"}],"wp:term":[{"taxonomy":"product_brand","embeddable":true,"href":"https:\/\/nexgendecors.com\/es\/wp-json\/wp\/v2\/product_brand?post=53197"},{"taxonomy":"product_cat","embeddable":true,"href":"https:\/\/nexgendecors.com\/es\/wp-json\/wp\/v2\/product_cat?post=53197"},{"taxonomy":"product_tag","embeddable":true,"href":"https:\/\/nexgendecors.com\/es\/wp-json\/wp\/v2\/product_tag?post=53197"}],"curies":[{"name":"wp","href":"https:\/\/api.w.org\/{rel}","templated":true}]}}