{"id":53247,"date":"2025-01-26T02:37:52","date_gmt":"2025-01-26T02:37:52","guid":{"rendered":"https:\/\/nexgendecors.com\/product\/cream-style-floating-desk-modern-acrylic-small-apartment-home-study-designer-desk-dressing-table-bedroom\/"},"modified":"2025-04-06T08:28:12","modified_gmt":"2025-04-06T08:28:12","slug":"cream-style-floating-desk-modern-acrylic-small-apartment-home-study-designer-desk-dressing-table-bedroom","status":"publish","type":"product","link":"https:\/\/nexgendecors.com\/es\/product\/cream-style-floating-desk-modern-acrylic-small-apartment-home-study-designer-desk-dressing-table-bedroom\/","title":{"rendered":"Escritorio flotante de acr\u00edlico color crema para espacios peque\u00f1os modernos"},"content":{"rendered":"<ul>\n<li>\n<strong>marca<\/strong>:otro\/otro<\/li>\n<li>\n<strong>modelo<\/strong>:#F05<\/li>\n<li>\n<strong>estilo<\/strong>:Estilo Crema<\/li>\n<li>\n<strong>Caracter\u00edsticas adicionales<\/strong>:Almacenamiento<\/li>\n<li>\n<strong>tama\u00f1o<\/strong>:120x50x75cm,140x50x75cm,160x50x75cm,180x50x75cm,100x50x75cm<\/li>\n<li>\n<strong>\u00bfEs personalizable?<\/strong>:S\u00ed<\/li>\n<li>\n<strong>Combinaci\u00f3n<\/strong>:derecho<\/li>\n<li>\n<strong>Componentes incluidos<\/strong>:caj\u00f3n<\/li>\n<li>\n<strong>Armar<\/strong>:S\u00ed<\/li>\n<li>\n<strong>Material<\/strong>:Tablero multicapa de madera maciza<\/li>\n<li>\n<strong>Posicionamiento de estilo<\/strong>:Estilo art\u00edstico<\/li>\n<li>\n<strong>ordenar por color<\/strong>:[Solid wood cabinet + acrylic legs] Suspended single desk, [Solid wood cabinet + acrylic legs + hidden socket] Suspended single desk, [Solid wood cabinet + acrylic legs] Suspended single desk + study chair, [Solid wood cabinet + acrylic legs + hidden socket] Suspended single desk + study chair<\/li>\n<\/ul>\n<p><img><\/p>","protected":false},"excerpt":{"rendered":"<p>Marca: otro\/otro Modelo: #F05 Estilo: estilo crema Caracter\u00edsticas adicionales: almacenamiento Tama\u00f1o: 120 x 50 x 75 cm, 140 x 50 x 75 cm, 160 x 50 x 75 cm, 180 x 50 x 75 cm, 100 x 50 x 75 cm \u00bfEs personalizable?: s\u00ed Combinaci\u00f3n: recta Componentes incluidos: caj\u00f3n Ensamblar: s\u00ed Material: tablero multicapa de madera maciza Posicionamiento de estilo: art\u00edstico<\/p>","protected":false},"featured_media":111903,"comment_status":"open","ping_status":"closed","template":"","meta":[],"product_brand":[],"product_cat":[30971,30859],"product_tag":[],"class_list":{"0":"post-53247","1":"product","2":"type-product","3":"status-publish","4":"has-post-thumbnail","6":"product_cat-hp","7":"product_cat-wholesale-office","9":"first","10":"instock","11":"sale","12":"taxable","13":"shipping-taxable","14":"purchasable","15":"product-type-variable"},"_links":{"self":[{"href":"https:\/\/nexgendecors.com\/es\/wp-json\/wp\/v2\/product\/53247","targetHints":{"allow":["GET"]}}],"collection":[{"href":"https:\/\/nexgendecors.com\/es\/wp-json\/wp\/v2\/product"}],"about":[{"href":"https:\/\/nexgendecors.com\/es\/wp-json\/wp\/v2\/types\/product"}],"replies":[{"embeddable":true,"href":"https:\/\/nexgendecors.com\/es\/wp-json\/wp\/v2\/comments?post=53247"}],"version-history":[{"count":0,"href":"https:\/\/nexgendecors.com\/es\/wp-json\/wp\/v2\/product\/53247\/revisions"}],"wp:featuredmedia":[{"embeddable":true,"href":"https:\/\/nexgendecors.com\/es\/wp-json\/wp\/v2\/media\/111903"}],"wp:attachment":[{"href":"https:\/\/nexgendecors.com\/es\/wp-json\/wp\/v2\/media?parent=53247"}],"wp:term":[{"taxonomy":"product_brand","embeddable":true,"href":"https:\/\/nexgendecors.com\/es\/wp-json\/wp\/v2\/product_brand?post=53247"},{"taxonomy":"product_cat","embeddable":true,"href":"https:\/\/nexgendecors.com\/es\/wp-json\/wp\/v2\/product_cat?post=53247"},{"taxonomy":"product_tag","embeddable":true,"href":"https:\/\/nexgendecors.com\/es\/wp-json\/wp\/v2\/product_tag?post=53247"}],"curies":[{"name":"wp","href":"https:\/\/api.w.org\/{rel}","templated":true}]}}