{"id":53471,"date":"2025-01-26T02:38:14","date_gmt":"2025-01-26T02:38:14","guid":{"rendered":"https:\/\/nexgendecors.com\/product\/creative-green-rabbit-chair-2024-living-room-designer-single-leisure-chair-special-shaped-chair-leisure-net-red-sofa-chair\/"},"modified":"2025-04-06T08:28:32","modified_gmt":"2025-04-06T08:28:32","slug":"silla-creativa-de-conejo-verde-2024-silla-individual-de-diseno-para-sala-de-estar-silla-de-forma-especial-sofa-rojo-de-red-para-ocio","status":"publish","type":"product","link":"https:\/\/nexgendecors.com\/es\/product\/silla-creativa-de-conejo-verde-2024-silla-individual-de-diseno-para-sala-de-estar-silla-de-forma-especial-sofa-rojo-de-red-para-ocio\/","title":{"rendered":"Sill\u00f3n de ocio Green Rabbit: un sof\u00e1 de dise\u00f1o \u00fanico"},"content":{"rendered":"<ul>\n<li>\n<strong>marca<\/strong>:OLIELAN<\/li>\n<li>\n<strong>modelo<\/strong>:356854846<\/li>\n<li>\n<strong>elementos populares<\/strong>:Dise\u00f1o maestro, forma especial, metal.<\/li>\n<li>\n<strong>Material<\/strong>:Fibra de vidrio<\/li>\n<li>\n<strong>ordenar por color<\/strong>:Morado,Verde oscuro,Chocolate,Camello,Verde,Gris,Personalizado<\/li>\n<li>\n<strong><\/strong>:<\/li>\n<\/ul>\n<p><img><\/p>","protected":false},"excerpt":{"rendered":"<p>Marca: OLIELAN Modelo: 356854846 Elementos populares: Dise\u00f1o maestro, forma especial, metal Material: Fibra de vidrio Ordenar por color: Morado, Verde oscuro, Chocolate, Camel, Verde, Gris, Personalizado:<\/p>","protected":false},"featured_media":112097,"comment_status":"open","ping_status":"closed","template":"","meta":[],"product_brand":[],"product_cat":[30862,30971,30846,30850],"product_tag":[],"class_list":{"0":"post-53471","1":"product","2":"type-product","3":"status-publish","4":"has-post-thumbnail","6":"product_cat-wholesales-hotels","7":"product_cat-hp","8":"product_cat-living-room","9":"product_cat-wholesale-furniture","11":"first","12":"instock","13":"taxable","14":"shipping-taxable","15":"purchasable","16":"product-type-variable"},"_links":{"self":[{"href":"https:\/\/nexgendecors.com\/es\/wp-json\/wp\/v2\/product\/53471","targetHints":{"allow":["GET"]}}],"collection":[{"href":"https:\/\/nexgendecors.com\/es\/wp-json\/wp\/v2\/product"}],"about":[{"href":"https:\/\/nexgendecors.com\/es\/wp-json\/wp\/v2\/types\/product"}],"replies":[{"embeddable":true,"href":"https:\/\/nexgendecors.com\/es\/wp-json\/wp\/v2\/comments?post=53471"}],"version-history":[{"count":0,"href":"https:\/\/nexgendecors.com\/es\/wp-json\/wp\/v2\/product\/53471\/revisions"}],"wp:featuredmedia":[{"embeddable":true,"href":"https:\/\/nexgendecors.com\/es\/wp-json\/wp\/v2\/media\/112097"}],"wp:attachment":[{"href":"https:\/\/nexgendecors.com\/es\/wp-json\/wp\/v2\/media?parent=53471"}],"wp:term":[{"taxonomy":"product_brand","embeddable":true,"href":"https:\/\/nexgendecors.com\/es\/wp-json\/wp\/v2\/product_brand?post=53471"},{"taxonomy":"product_cat","embeddable":true,"href":"https:\/\/nexgendecors.com\/es\/wp-json\/wp\/v2\/product_cat?post=53471"},{"taxonomy":"product_tag","embeddable":true,"href":"https:\/\/nexgendecors.com\/es\/wp-json\/wp\/v2\/product_tag?post=53471"}],"curies":[{"name":"wp","href":"https:\/\/api.w.org\/{rel}","templated":true}]}}