{"id":53693,"date":"2025-01-26T02:38:41","date_gmt":"2025-01-26T02:38:41","guid":{"rendered":"https:\/\/nexgendecors.com\/product\/curved-semicircle-black-walnut-log-solid-wood-tea-diffusion-board-sound-absorbing-board-villa-hotel-tv-background-wall-decoration\/"},"modified":"2025-04-15T11:18:11","modified_gmt":"2025-04-15T11:18:11","slug":"curved-semicircle-black-walnut-log-solid-wood-tea-diffusion-board-sound-absorbing-board-villa-hotel-tv-background-wall-decoration","status":"publish","type":"product","link":"https:\/\/nexgendecors.com\/es\/product\/curved-semicircle-black-walnut-log-solid-wood-tea-diffusion-board-sound-absorbing-board-villa-hotel-tv-background-wall-decoration\/","title":{"rendered":"Tabla Difusora de T\u00e9 Curvada de Nogal Negro para una Decoraci\u00f3n Elegante"},"content":{"rendered":"<li title=\"gran cu\u00f1a\"><font style=\"vertical-align: inherit;\"><font style=\"vertical-align: inherit;\">Marca: Daqie<\/font><\/font><\/li>\n<li title=\"DQ-SL162\"><font style=\"vertical-align: inherit;\"><font style=\"vertical-align: inherit;\">Model: DQ-SL162<\/font><\/font><\/li>\n<li title=\"otro\"><font style=\"vertical-align: inherit;\"><font style=\"vertical-align: inherit;\">Material: otro\/otro<\/font><\/font><\/li>\n<li title=\"Sencillo y moderno\"><font style=\"vertical-align: inherit;\"><font style=\"vertical-align: inherit;\">Estilo: sencillo y moderno.<\/font><\/font><\/li>\n<li title=\"China continental\"><font style=\"vertical-align: inherit;\"><font style=\"vertical-align: inherit;\">Origen: China continental<\/font><\/font><\/li>\n<li title=\"pared interior\"><font style=\"vertical-align: inherit;\"><font style=\"vertical-align: inherit;\">Espacio aplicable: pared interior.<\/font><\/font><\/li>\n<li title=\"Coffee Brown Red A Variety of Wood Colors Ash + Teak Black Walnut\"><font style=\"vertical-align: inherit;\"><font style=\"vertical-align: inherit;\">Color classification: coffee brown red a variety of wood color ash + teak black walnut<\/font><\/font><\/li>\n<li title=\"Los compradores de la misma ciudad vienen a recoger la mercanc\u00eda.\"><font style=\"vertical-align: inherit;\"><font style=\"vertical-align: inherit;\">Servicio en la misma ciudad: Los compradores de la misma ciudad vienen a recoger la mercanc\u00eda.<\/font><\/font><\/li>\n<li title=\"Dormitorio, sala de estar, balc\u00f3n, sol\u00e1rium, fondo de pared\"><font style=\"vertical-align: inherit;\"><font style=\"vertical-align: inherit;\">Clasificaci\u00f3n del espacio de decoraci\u00f3n: dormitorio, sala de estar, balc\u00f3n, sol\u00e1rium, pared de fondo.<\/font><\/font><\/li>\n<li title=\"300\"><font style=\"vertical-align: inherit;\"><font style=\"vertical-align: inherit;\">Longitud de cada pieza (mm): 300<\/font><\/font><\/li>\n<li title=\"300\"><font style=\"vertical-align: inherit;\"><font style=\"vertical-align: inherit;\">Ancho de cada pieza (mm): 300<\/font><\/font><\/li>\n<li title=\"0,09\u33a1\"><font style=\"vertical-align: inherit;\"><font style=\"vertical-align: inherit;\">Unidad de precio: 0,09\u33a1<\/font><\/font><\/li>\n<li title=\"0,5% o m\u00e1s\"><font style=\"vertical-align: inherit;\"><font style=\"vertical-align: inherit;\">Absorci\u00f3n de agua: m\u00e1s de 0,5%<\/font><\/font><\/li>\n<li title=\"no enviar\"><font style=\"vertical-align: inherit;\"><font style=\"vertical-align: inherit;\">Si se enviar\u00e1n muestras: no<\/font><\/font><\/li>","protected":false},"excerpt":{"rendered":"<p>Marca: Daqie Modelo: DQ-SL162 Material: otro\/otros Estilo: simple y moderno Origen: China continental Espacio aplicable: pared interior Clasificaci\u00f3n de color: caf\u00e9<\/p>","protected":false},"featured_media":112368,"comment_status":"open","ping_status":"closed","template":"","meta":[],"product_brand":[],"product_cat":[30971,30986,30878],"product_tag":[],"class_list":{"0":"post-53693","1":"product","2":"type-product","3":"status-publish","4":"has-post-thumbnail","6":"product_cat-hp","7":"product_cat-tiles-wall-bricks","8":"product_cat-wall-panel","10":"first","11":"instock","12":"sale","13":"taxable","14":"shipping-taxable","15":"purchasable","16":"product-type-variable"},"_links":{"self":[{"href":"https:\/\/nexgendecors.com\/es\/wp-json\/wp\/v2\/product\/53693","targetHints":{"allow":["GET"]}}],"collection":[{"href":"https:\/\/nexgendecors.com\/es\/wp-json\/wp\/v2\/product"}],"about":[{"href":"https:\/\/nexgendecors.com\/es\/wp-json\/wp\/v2\/types\/product"}],"replies":[{"embeddable":true,"href":"https:\/\/nexgendecors.com\/es\/wp-json\/wp\/v2\/comments?post=53693"}],"version-history":[{"count":0,"href":"https:\/\/nexgendecors.com\/es\/wp-json\/wp\/v2\/product\/53693\/revisions"}],"wp:featuredmedia":[{"embeddable":true,"href":"https:\/\/nexgendecors.com\/es\/wp-json\/wp\/v2\/media\/112368"}],"wp:attachment":[{"href":"https:\/\/nexgendecors.com\/es\/wp-json\/wp\/v2\/media?parent=53693"}],"wp:term":[{"taxonomy":"product_brand","embeddable":true,"href":"https:\/\/nexgendecors.com\/es\/wp-json\/wp\/v2\/product_brand?post=53693"},{"taxonomy":"product_cat","embeddable":true,"href":"https:\/\/nexgendecors.com\/es\/wp-json\/wp\/v2\/product_cat?post=53693"},{"taxonomy":"product_tag","embeddable":true,"href":"https:\/\/nexgendecors.com\/es\/wp-json\/wp\/v2\/product_tag?post=53693"}],"curies":[{"name":"wp","href":"https:\/\/api.w.org\/{rel}","templated":true}]}}