{"id":54009,"date":"2025-01-26T02:39:32","date_gmt":"2025-01-26T02:39:32","guid":{"rendered":"https:\/\/nexgendecors.com\/product\/delifeng-rock-plate-floating-dining-table-net-celebrity-acrylic-wabi-sabi-style-table-small-household-dining-table-kitchen-island-table\/"},"modified":"2025-04-06T08:29:30","modified_gmt":"2025-04-06T08:29:30","slug":"delifeng-rock-plate-floating-dining-table-net-celebrity-acrylic-wabi-sabi-style-table-small-household-dining-table-kitchen-island-table","status":"publish","type":"product","link":"https:\/\/nexgendecors.com\/es\/product\/delifeng-rock-plate-floating-dining-table-net-celebrity-acrylic-wabi-sabi-style-table-small-household-dining-table-kitchen-island-table\/","title":{"rendered":"Mesa de comedor flotante Wabi-Sabi de acr\u00edlico Delifeng"},"content":{"rendered":"<ul>\n<li>\n<strong>marca<\/strong>:otro\/otro<\/li>\n<li>\n<strong>modelo<\/strong>:F008<\/li>\n<li>\n<strong>Funci\u00f3n<\/strong>:Otro<\/li>\n<li>\n<strong>estilo<\/strong>:Moderno y sencillo<\/li>\n<li>\n<strong>forma<\/strong>:rect\u00e1ngulo<\/li>\n<li>\n<strong>N\u00famero de personas aplicable<\/strong>:6 personas<\/li>\n<li>\n<strong>Tipo de embalaje<\/strong>:Asamblea<\/li>\n<li>\n<strong>ordenar por color<\/strong>:Delifeng Aurora White Slate Floating Dining Table [1.2*0.7]M, Delifeng Aurora White Slate Floating Dining Table [1.3*0.7]M, Delifeng Aurora White Slate Floating Dining Table [1.4*0.8]M, Delifeng Aurora White Slate Floating Dining Table [1.5*0.8]M, Delifeng Aurora White Slate Floating Dining Table [1.6*0.8]M, Delifeng Aurora White Slate Floating Dining Table [1.8*0.8]M, Delifeng Aurora White Slate Floating Dining Table [2.0*0.8]M, Delifeng Aurora White Slate Floating Dining Table [2.2*0.8]M, Delifeng Aurora White Slate Floating Dining Table [ 2.4*1.0\u3011M, Yinuo pure white rock board floating dining table [1.2*0.7]M, Yinuo pure white rock board floating dining table [1.3*0.7]M, Yinuo pure white rock board floating dining table [1.4*0.8]M, Yinuo pure white rock board floating dining table [1.5*0.8]M, Yinuo pure white rock board floating dining table [1.6*0.8]M, Yinuo pure white rock board floating dining table [1.8*0.8]M, Yinuo pure white rock board floating dining table [2.0*0.8]M, Yinuo pure white rock board floating dining table [2.2*1.0]M, Yinuo pure white rock board floating dining table [2.4*1.2]M<\/li>\n<li>\n<strong>Material de acabado<\/strong>:Tabla de roca<\/li>\n<li>\n<strong>\u00bfEs escalable?<\/strong>:No<\/li>\n<li>\n<strong>\u00bfEs personalizable?<\/strong>:S\u00ed<\/li>\n<li>\n<strong>Si llevar un tocadiscos<\/strong>:No<\/li>\n<li>\n<strong>\u00bfEl escritorio es ajustable?<\/strong>:S\u00ed<\/li>\n<li>\n<strong>Ya sea con rodillo<\/strong>:No<\/li>\n<li>\n<strong>Si llevar bomba<\/strong>:No<\/li>\n<li>\n<strong>\u00bfHay un gabinete?<\/strong>:No<\/li>\n<li>\n<strong>N\u00famero de capas<\/strong>:1 historia<\/li>\n<li>\n<strong>Estructura del mobiliario<\/strong>:Estructura de soporte<\/li>\n<li>\n<strong>Si traer una silla o un taburete<\/strong>:No<\/li>\n<li>\n<strong>Entrega\/instalaci\u00f3n disponible<\/strong>:Otros, Beijing, Chongqing, Shanghai, Tianjin, Shenzhen, Chengdu, Shenyang, Dalian, Harbin, Nanjing, Wuxi, Changzhou, Suzhou, Hangzhou, Ningbo, Wenzhou, Jinhua, Taizhou, Fuzhou, Xiamen, Nanchang, Qingdao, Zhengzhou, Wuhan, Changsha, Guangzhou, Foshan, Dongguan, Nanning, Guiyang, Xi&#039;an<\/li>\n<li>\n<strong>Armar<\/strong>:S\u00ed<\/li>\n<li>\n<strong>volumen del paquete<\/strong>:0.6<\/li>\n<li>\n<strong>\u00bfHay taxi disponible para transporte?<\/strong>:S\u00ed<\/li>\n<li>\n<strong>Posicionamiento de estilo<\/strong>:Estilo art\u00edstico<\/li>\n<li>\n<strong>Detalles de las instrucciones de instalaci\u00f3n<\/strong>:Proporcione instrucciones de instalaci\u00f3n<\/li>\n<li>\n<strong>Peso bruto<\/strong>:60kg<\/li>\n<li>\n<strong>Si tiene funci\u00f3n de cocina de inducci\u00f3n<\/strong>:No<\/li>\n<\/ul>\n<p><img><\/p>","protected":false},"excerpt":{"rendered":"<p>Marca: otro\/otro Modelo: F008 Funci\u00f3n: Otro Estilo: Moderno y simple Forma: rect\u00e1ngulo N\u00famero aplicable de personas: 6 personas Tipo de embalaje: Montaje Ordenar por color: Delifeng Aurora White Slate<\/p>","protected":false},"featured_media":112688,"comment_status":"open","ping_status":"closed","template":"","meta":[],"product_brand":[],"product_cat":[30852,30862,30971,30861],"product_tag":[],"class_list":{"0":"post-54009","1":"product","2":"type-product","3":"status-publish","4":"has-post-thumbnail","6":"product_cat-dining-set","7":"product_cat-wholesales-hotels","8":"product_cat-hp","9":"product_cat-wholesale-tables","11":"first","12":"instock","13":"taxable","14":"shipping-taxable","15":"purchasable","16":"product-type-variable"},"_links":{"self":[{"href":"https:\/\/nexgendecors.com\/es\/wp-json\/wp\/v2\/product\/54009","targetHints":{"allow":["GET"]}}],"collection":[{"href":"https:\/\/nexgendecors.com\/es\/wp-json\/wp\/v2\/product"}],"about":[{"href":"https:\/\/nexgendecors.com\/es\/wp-json\/wp\/v2\/types\/product"}],"replies":[{"embeddable":true,"href":"https:\/\/nexgendecors.com\/es\/wp-json\/wp\/v2\/comments?post=54009"}],"version-history":[{"count":0,"href":"https:\/\/nexgendecors.com\/es\/wp-json\/wp\/v2\/product\/54009\/revisions"}],"wp:featuredmedia":[{"embeddable":true,"href":"https:\/\/nexgendecors.com\/es\/wp-json\/wp\/v2\/media\/112688"}],"wp:attachment":[{"href":"https:\/\/nexgendecors.com\/es\/wp-json\/wp\/v2\/media?parent=54009"}],"wp:term":[{"taxonomy":"product_brand","embeddable":true,"href":"https:\/\/nexgendecors.com\/es\/wp-json\/wp\/v2\/product_brand?post=54009"},{"taxonomy":"product_cat","embeddable":true,"href":"https:\/\/nexgendecors.com\/es\/wp-json\/wp\/v2\/product_cat?post=54009"},{"taxonomy":"product_tag","embeddable":true,"href":"https:\/\/nexgendecors.com\/es\/wp-json\/wp\/v2\/product_tag?post=54009"}],"curies":[{"name":"wp","href":"https:\/\/api.w.org\/{rel}","templated":true}]}}