{"id":54305,"date":"2025-01-26T02:40:08","date_gmt":"2025-01-26T02:40:08","guid":{"rendered":"https:\/\/nexgendecors.com\/product\/designer-single-light-luxury-sofa-chair-living-room-villa-leisure-tiger-chair-net-red-retro-lobby-reception-armchair\/"},"modified":"2025-04-06T08:29:55","modified_gmt":"2025-04-06T08:29:55","slug":"designer-single-light-luxury-sofa-chair-living-room-villa-leisure-tiger-chair-net-red-retro-lobby-reception-armchair","status":"publish","type":"product","link":"https:\/\/nexgendecors.com\/es\/product\/designer-single-light-luxury-sofa-chair-living-room-villa-leisure-tiger-chair-net-red-retro-lobby-reception-armchair\/","title":{"rendered":"Silla Tiger retro de lujo para sala de estar de villa"},"content":{"rendered":"<ul>\n<li>\n<strong>Peso bruto<\/strong>:35<\/li>\n<li>\n<strong>marca<\/strong>:otro\/otro<\/li>\n<li>\n<strong>modelo<\/strong>:2335<\/li>\n<li>\n<strong>elementos populares<\/strong>:Forma especial, empalme, metal.<\/li>\n<li>\n<strong>estilo<\/strong>:Estilo de lujo ligero<\/li>\n<li>\n<strong>Armar<\/strong>:No<\/li>\n<li>\n<strong>Adecuado<\/strong>:General<\/li>\n<li>\n<strong>\u00bfEs reemplazable?<\/strong>:No<\/li>\n<li>\n<strong>volumen del paquete<\/strong>:0.65<\/li>\n<li>\n<strong>Relleno<\/strong>:Plum\u00f3n de ganso<\/li>\n<li>\n<strong>\u00bfEs personalizable?<\/strong>:No<\/li>\n<li>\n<strong>Material<\/strong>:pa\u00f1o<\/li>\n<li>\n<strong>Detalles de las instrucciones de instalaci\u00f3n<\/strong>:Proporcione herramientas de instalaci\u00f3n sencillas, instrucciones de instalaci\u00f3n y videos de instalaci\u00f3n.<\/li>\n<li>\n<strong>patr\u00f3n<\/strong>:abstracto<\/li>\n<li>\n<strong>\u00bfHay taxi disponible para transporte?<\/strong>:No<\/li>\n<li>\n<strong>Posicionamiento de estilo<\/strong>:Lujo de calidad<\/li>\n<li>\n<strong>Entrega\/instalaci\u00f3n disponible<\/strong>:Foshan, Zhengzhou, Guiyang, Guangzhou, Fuzhou, Harbin, Xiamen, Chongqing, Changzhou, Suzhou, Xi&#039;an, Shenzhen, Nanjing, Beijing, Changsha, Qingdao, Wuxi, Chengdu, Shanghai, Wuhan, Nanning, Shenyang, Dalian, Taizhou, Dongguan, Tianjin, Otros, Jinhua, Hangzhou, Nanchang, Ningbo, Wenzhou<\/li>\n<li>\n<strong>ordenar por color<\/strong>:Black and gold tiger pattern, gold zebra pattern, black zebra pattern, gray zebra pattern, customized exclusive color<\/li>\n<li>\n<strong><\/strong>:<\/li>\n<\/ul>\n<p><img><\/p>","protected":false},"excerpt":{"rendered":"<p>Peso bruto: 35 marca: otro\/otro modelo: 2335 elementos populares: forma especial, empalme, metal estilo: estilo de lujo ligero Ensamblar: no Adecuado: general \u00bfEs reemplazable?: no volumen del paquete: 0,65 Relleno: ganso<\/p>","protected":false},"featured_media":112974,"comment_status":"open","ping_status":"closed","template":"","meta":[],"product_brand":[],"product_cat":[30855,30862,30971,30850],"product_tag":[],"class_list":{"0":"post-54305","1":"product","2":"type-product","3":"status-publish","4":"has-post-thumbnail","6":"product_cat-wholesale-chairs","7":"product_cat-wholesales-hotels","8":"product_cat-hp","9":"product_cat-wholesale-furniture","11":"first","12":"instock","13":"sale","14":"taxable","15":"shipping-taxable","16":"purchasable","17":"product-type-variable"},"_links":{"self":[{"href":"https:\/\/nexgendecors.com\/es\/wp-json\/wp\/v2\/product\/54305","targetHints":{"allow":["GET"]}}],"collection":[{"href":"https:\/\/nexgendecors.com\/es\/wp-json\/wp\/v2\/product"}],"about":[{"href":"https:\/\/nexgendecors.com\/es\/wp-json\/wp\/v2\/types\/product"}],"replies":[{"embeddable":true,"href":"https:\/\/nexgendecors.com\/es\/wp-json\/wp\/v2\/comments?post=54305"}],"version-history":[{"count":0,"href":"https:\/\/nexgendecors.com\/es\/wp-json\/wp\/v2\/product\/54305\/revisions"}],"wp:featuredmedia":[{"embeddable":true,"href":"https:\/\/nexgendecors.com\/es\/wp-json\/wp\/v2\/media\/112974"}],"wp:attachment":[{"href":"https:\/\/nexgendecors.com\/es\/wp-json\/wp\/v2\/media?parent=54305"}],"wp:term":[{"taxonomy":"product_brand","embeddable":true,"href":"https:\/\/nexgendecors.com\/es\/wp-json\/wp\/v2\/product_brand?post=54305"},{"taxonomy":"product_cat","embeddable":true,"href":"https:\/\/nexgendecors.com\/es\/wp-json\/wp\/v2\/product_cat?post=54305"},{"taxonomy":"product_tag","embeddable":true,"href":"https:\/\/nexgendecors.com\/es\/wp-json\/wp\/v2\/product_tag?post=54305"}],"curies":[{"name":"wp","href":"https:\/\/api.w.org\/{rel}","templated":true}]}}