{"id":54311,"date":"2025-01-26T02:40:09","date_gmt":"2025-01-26T02:40:09","guid":{"rendered":"https:\/\/nexgendecors.com\/product\/designer-special-shaped-fiberglass-coffee-table-minimalist-water-ripple-coffee-table-marble-glass-creative-tea-table-table\/"},"modified":"2025-04-06T08:29:58","modified_gmt":"2025-04-06T08:29:58","slug":"designer-special-shaped-fiberglass-coffee-table-minimalist-water-ripple-coffee-table-marble-glass-creative-tea-table-table","status":"publish","type":"product","link":"https:\/\/nexgendecors.com\/es\/product\/designer-special-shaped-fiberglass-coffee-table-minimalist-water-ripple-coffee-table-marble-glass-creative-tea-table-table\/","title":{"rendered":"Mesa de centro minimalista de fibra de vidrio con ondas de agua"},"content":{"rendered":"<ul>\n<li>\n<strong>marca<\/strong>:daoqin<\/li>\n<li>\n<strong>modelo<\/strong>:006<\/li>\n<li>\n<strong>Material<\/strong>:Fibra de vidrio<\/li>\n<li>\n<strong>ordenar por color<\/strong>:Silver plating [small], gold plating [small], silver plating [medium], silver plating [large], paint, color can be customized<\/li>\n<li>\n<strong>Posicionamiento de estilo<\/strong>:Estilo art\u00edstico<\/li>\n<li>\n<strong><\/strong>:<\/li>\n<\/ul>","protected":false},"excerpt":{"rendered":"<p>Marca: Daoqin Modelo: 006 Material: Fibra de vidrio Ordenar por color: Ba\u00f1o de plata [peque\u00f1o], Ba\u00f1o de oro [peque\u00f1o], Ba\u00f1o de plata [mediano], Ba\u00f1o de plata [grande], Pintura, El color puede<\/p>","protected":false},"featured_media":112985,"comment_status":"open","ping_status":"closed","template":"","meta":[],"product_brand":[],"product_cat":[30862,30971,30850,30857],"product_tag":[],"class_list":{"0":"post-54311","1":"product","2":"type-product","3":"status-publish","4":"has-post-thumbnail","6":"product_cat-wholesales-hotels","7":"product_cat-hp","8":"product_cat-wholesale-furniture","9":"product_cat-wholesale-sofa-table","11":"first","12":"instock","13":"taxable","14":"shipping-taxable","15":"purchasable","16":"product-type-variable"},"_links":{"self":[{"href":"https:\/\/nexgendecors.com\/es\/wp-json\/wp\/v2\/product\/54311","targetHints":{"allow":["GET"]}}],"collection":[{"href":"https:\/\/nexgendecors.com\/es\/wp-json\/wp\/v2\/product"}],"about":[{"href":"https:\/\/nexgendecors.com\/es\/wp-json\/wp\/v2\/types\/product"}],"replies":[{"embeddable":true,"href":"https:\/\/nexgendecors.com\/es\/wp-json\/wp\/v2\/comments?post=54311"}],"version-history":[{"count":0,"href":"https:\/\/nexgendecors.com\/es\/wp-json\/wp\/v2\/product\/54311\/revisions"}],"wp:featuredmedia":[{"embeddable":true,"href":"https:\/\/nexgendecors.com\/es\/wp-json\/wp\/v2\/media\/112985"}],"wp:attachment":[{"href":"https:\/\/nexgendecors.com\/es\/wp-json\/wp\/v2\/media?parent=54311"}],"wp:term":[{"taxonomy":"product_brand","embeddable":true,"href":"https:\/\/nexgendecors.com\/es\/wp-json\/wp\/v2\/product_brand?post=54311"},{"taxonomy":"product_cat","embeddable":true,"href":"https:\/\/nexgendecors.com\/es\/wp-json\/wp\/v2\/product_cat?post=54311"},{"taxonomy":"product_tag","embeddable":true,"href":"https:\/\/nexgendecors.com\/es\/wp-json\/wp\/v2\/product_tag?post=54311"}],"curies":[{"name":"wp","href":"https:\/\/api.w.org\/{rel}","templated":true}]}}