{"id":54320,"date":"2025-01-26T02:40:10","date_gmt":"2025-01-26T02:40:10","guid":{"rendered":"https:\/\/nexgendecors.com\/product\/designers-new-petal-clover-tripod-coffee-table-courtyard-outdoor-cafe-leisure-tea-table-home-triangular-table-2\/"},"modified":"2025-04-06T08:30:02","modified_gmt":"2025-04-06T08:30:02","slug":"designers-new-petal-clover-tripod-coffee-table-courtyard-outdoor-cafe-leisure-tea-table-home-triangular-table-2","status":"publish","type":"product","link":"https:\/\/nexgendecors.com\/es\/product\/designers-new-petal-clover-tripod-coffee-table-courtyard-outdoor-cafe-leisure-tea-table-home-triangular-table-2\/","title":{"rendered":"Mesa de centro tr\u00edpode Petal Clover: dise\u00f1o elegante para exteriores"},"content":{"rendered":"<ul>\n<li>\n<strong>marca<\/strong>Residencia Sea Saint<\/li>\n<li>\n<strong>modelo<\/strong>:265<\/li>\n<li>\n<strong>Material<\/strong>:Fibra de vidrio<\/li>\n<li>\n<strong>elementos populares<\/strong>:Extranjero<\/li>\n<li>\n<strong>ordenar por color<\/strong>:Fiberglass countertop 1000*944, marble countertop 1000*750, camel 1200*750, diameter 680*490, diameter 1500*715, other colors please contact customer service<\/li>\n<li>\n<strong>\u00bfEs personalizable?<\/strong>:S\u00ed<\/li>\n<li>\n<strong>\u00bfHay taxi disponible para transporte?<\/strong>:S\u00ed<\/li>\n<li>\n<strong>Posicionamiento de estilo<\/strong>:Estilo art\u00edstico<\/li>\n<li>\n<strong>Detalles de las instrucciones de instalaci\u00f3n<\/strong>:No hay instrucciones de instalaci\u00f3n<\/li>\n<\/ul>\n<p><img><\/p>","protected":false},"excerpt":{"rendered":"<p>Marca: Sea Saint Residence Modelo: 265 Material: Fibra de vidrio Elementos populares: Alien Ordenar por color: Encimera de fibra de vidrio 1000*944, encimera de m\u00e1rmol 1000*750, camello 1200*750, di\u00e1metro 680*490, di\u00e1metro<\/p>","protected":false},"featured_media":113000,"comment_status":"open","ping_status":"closed","template":"","meta":[],"product_brand":[],"product_cat":[30862,30971,30860,30850,30854,30861],"product_tag":[],"class_list":{"0":"post-54320","1":"product","2":"type-product","3":"status-publish","4":"has-post-thumbnail","6":"product_cat-wholesales-hotels","7":"product_cat-hp","8":"product_cat-wholesale-restaurant","9":"product_cat-wholesale-furniture","10":"product_cat-wholesale-side-table","11":"product_cat-wholesale-tables","13":"first","14":"instock","15":"taxable","16":"shipping-taxable","17":"purchasable","18":"product-type-variable"},"_links":{"self":[{"href":"https:\/\/nexgendecors.com\/es\/wp-json\/wp\/v2\/product\/54320","targetHints":{"allow":["GET"]}}],"collection":[{"href":"https:\/\/nexgendecors.com\/es\/wp-json\/wp\/v2\/product"}],"about":[{"href":"https:\/\/nexgendecors.com\/es\/wp-json\/wp\/v2\/types\/product"}],"replies":[{"embeddable":true,"href":"https:\/\/nexgendecors.com\/es\/wp-json\/wp\/v2\/comments?post=54320"}],"version-history":[{"count":0,"href":"https:\/\/nexgendecors.com\/es\/wp-json\/wp\/v2\/product\/54320\/revisions"}],"wp:featuredmedia":[{"embeddable":true,"href":"https:\/\/nexgendecors.com\/es\/wp-json\/wp\/v2\/media\/113000"}],"wp:attachment":[{"href":"https:\/\/nexgendecors.com\/es\/wp-json\/wp\/v2\/media?parent=54320"}],"wp:term":[{"taxonomy":"product_brand","embeddable":true,"href":"https:\/\/nexgendecors.com\/es\/wp-json\/wp\/v2\/product_brand?post=54320"},{"taxonomy":"product_cat","embeddable":true,"href":"https:\/\/nexgendecors.com\/es\/wp-json\/wp\/v2\/product_cat?post=54320"},{"taxonomy":"product_tag","embeddable":true,"href":"https:\/\/nexgendecors.com\/es\/wp-json\/wp\/v2\/product_tag?post=54320"}],"curies":[{"name":"wp","href":"https:\/\/api.w.org\/{rel}","templated":true}]}}