{"id":54479,"date":"2025-01-26T02:40:33","date_gmt":"2025-01-26T02:40:33","guid":{"rendered":"https:\/\/nexgendecors.com\/product\/dexiton-6058-embedded-shower-set-constant-temperature-gray-lifting-storage-rack-open-to-concealed-pre-buried-2\/"},"modified":"2025-04-06T08:30:13","modified_gmt":"2025-04-06T08:30:13","slug":"dexiton-6058-conjunto-de-ducha-empotrada-temperatura-constante-gris-estante-de-almacenamiento-de-elevacion-abierto-a-oculto-pre-enterrado-2","status":"publish","type":"product","link":"https:\/\/nexgendecors.com\/es\/product\/dexiton-6058-conjunto-de-ducha-empotrada-temperatura-constante-gris-estante-de-almacenamiento-de-elevacion-abierto-a-oculto-pre-enterrado-2\/","title":{"rendered":"Juego de ducha empotrada Dexiton 6058 gris con almacenamiento"},"content":{"rendered":"<ul>\n<li>\n<strong>marca<\/strong>:De Hedon<\/li>\n<li>\n<strong>modelo<\/strong>:D-DXDON6058<\/li>\n<li>\n<strong>Origen<\/strong>:China continental<\/li>\n<li>\n<strong>provincia<\/strong>:Provincia de Guangdong<\/li>\n<li>\n<strong>ciudad<\/strong>:Shenzhen<\/li>\n<li>\n<strong>forma<\/strong>:Redondo<\/li>\n<li>\n<strong>Tipo de grifo de ducha<\/strong>:Grifo de ducha doble<\/li>\n<li>\n<strong>Material<\/strong>:cobre<\/li>\n<li>\n<strong>Instalaci\u00f3n<\/strong>:En la pared<\/li>\n<li>\n<strong>Tipo de control de agua fr\u00eda y caliente<\/strong>:Control de temperatura constante<\/li>\n<li>\n<strong>Tipo de soporte de ducha<\/strong>:Con levantamiento<\/li>\n<li>\n<strong>Servicio en la ciudad<\/strong>:Log\u00edstica intraurbana de entrega puerta a puerta<\/li>\n<li>\n<strong>ordenar por color<\/strong>:[Tipo A temperatura constante] Gris pistola: evita que la temperatura del agua fluct\u00fae [Tipo A temperatura constante] Blanco: evita que la temperatura del agua fluct\u00fae [Tipo A temperatura constante] Negro: evita que la temperatura del agua fluct\u00fae [Tipo A temperatura constante] Cromo: evita que la temperatura del agua fluct\u00fae [Tipo B temperatura constante] Gris pistola: mesa de almacenamiento port\u00e1til elevable [Tipo B temperatura constante] Blanco: mesa de almacenamiento port\u00e1til elevable [Tipo B temperatura constante] Negro: mesa de almacenamiento port\u00e1til elevable [Tipo B temperatura constante] Cromo: mesa de almacenamiento port\u00e1til elevable [Tipo C temperatura constante] Gris pistola: mejora el rociador de cintura\/masaje con rociador de hombros [Tipo C temperatura constante] Blanco: mejora el rociador de cintura\/masaje con rociador de hombros [Tipo A caliente y fr\u00eda] no es exigente con el calentador de agua: notas de color [Tipo B caliente y fr\u00eda] no es exigente con el calentador de agua: notas de color [Tipo C caliente y fr\u00eda] no es exigente con el calentador de agua: notas de color<\/li>\n<li>\n<strong><\/strong>:<\/li>\n<\/ul>\n<p><img><\/p>","protected":false},"excerpt":{"rendered":"<p>Marca: De Hedon Modelo: D-DXDON6058 Origen: China continental Provincia: Provincia de Guangdong Ciudad: Shenzhen Forma: Redonda Tipo de grifo de ducha: Grifo de ducha doble Material: cobre Instalaci\u00f3n: Empotrado Agua fr\u00eda y caliente<\/p>","protected":false},"featured_media":113181,"comment_status":"open","ping_status":"closed","template":"","meta":[],"product_brand":[],"product_cat":[30971,870],"product_tag":[],"class_list":{"0":"post-54479","1":"product","2":"type-product","3":"status-publish","4":"has-post-thumbnail","6":"product_cat-hp","7":"product_cat-wholesale-faucet","9":"first","10":"instock","11":"taxable","12":"shipping-taxable","13":"purchasable","14":"product-type-variable"},"_links":{"self":[{"href":"https:\/\/nexgendecors.com\/es\/wp-json\/wp\/v2\/product\/54479","targetHints":{"allow":["GET"]}}],"collection":[{"href":"https:\/\/nexgendecors.com\/es\/wp-json\/wp\/v2\/product"}],"about":[{"href":"https:\/\/nexgendecors.com\/es\/wp-json\/wp\/v2\/types\/product"}],"replies":[{"embeddable":true,"href":"https:\/\/nexgendecors.com\/es\/wp-json\/wp\/v2\/comments?post=54479"}],"version-history":[{"count":0,"href":"https:\/\/nexgendecors.com\/es\/wp-json\/wp\/v2\/product\/54479\/revisions"}],"wp:featuredmedia":[{"embeddable":true,"href":"https:\/\/nexgendecors.com\/es\/wp-json\/wp\/v2\/media\/113181"}],"wp:attachment":[{"href":"https:\/\/nexgendecors.com\/es\/wp-json\/wp\/v2\/media?parent=54479"}],"wp:term":[{"taxonomy":"product_brand","embeddable":true,"href":"https:\/\/nexgendecors.com\/es\/wp-json\/wp\/v2\/product_brand?post=54479"},{"taxonomy":"product_cat","embeddable":true,"href":"https:\/\/nexgendecors.com\/es\/wp-json\/wp\/v2\/product_cat?post=54479"},{"taxonomy":"product_tag","embeddable":true,"href":"https:\/\/nexgendecors.com\/es\/wp-json\/wp\/v2\/product_tag?post=54479"}],"curies":[{"name":"wp","href":"https:\/\/api.w.org\/{rel}","templated":true}]}}