{"id":54597,"date":"2025-01-26T02:40:49","date_gmt":"2025-01-26T02:40:49","guid":{"rendered":"https:\/\/nexgendecors.com\/product\/dining-chair-simple-creative-net-red-ins-home-nordic-restaurant-solid-wood-chair-leather-back-stool-modern-leisure\/"},"modified":"2025-04-06T08:30:17","modified_gmt":"2025-04-06T08:30:17","slug":"silla-de-comedor-sencilla-y-creativa-de-red-roja-para-el-hogar-estilo-nordico-para-restaurante-de-madera-maciza-con-respaldo-de-cuero-taburete-moderno-para-ocio","status":"publish","type":"product","link":"https:\/\/nexgendecors.com\/es\/product\/silla-de-comedor-sencilla-y-creativa-de-red-roja-para-el-hogar-estilo-nordico-para-restaurante-de-madera-maciza-con-respaldo-de-cuero-taburete-moderno-para-ocio\/","title":{"rendered":"Silla de comedor n\u00f3rdica de madera maciza con respaldo de cuero"},"content":{"rendered":"<ul>\n<li>\n<strong>marca<\/strong>:otro\/otro<\/li>\n<li>\n<strong>modelo<\/strong>:6013<\/li>\n<li>\n<strong>estilo<\/strong>:Simple y moderno<\/li>\n<li>\n<strong>elementos populares<\/strong>:Registros, empalmes, dise\u00f1o maestro<\/li>\n<li>\n<strong>ordenar por color<\/strong>:Naranja oscuro con blanco roto \u2014 tela (resistente al desgaste), gris oscuro con blanco roto \u2014 tela (resistente al desgaste), azul lago con blanco roto \u2014 tela (resistente al desgaste), color caf\u00e9 \u2014 cuero (resistente al desgaste), verde oscuro \u2014 cuero (resistente al desgaste), rojo retro \u2014 cuero (resistente al desgaste), naranja \u2014 cuero (resistente al desgaste), negro (piel de vaca), mesa individual, personalizaci\u00f3n del color de la tela, personalizaci\u00f3n del color del cuero, personalizaci\u00f3n del color de la piel de vaca, negro \u2014 marr\u00f3n anaranjado oscuro \u2014 cuero (resistente al desgaste)<\/li>\n<li>\n<strong>Material de acabado<\/strong>:pa\u00f1o<\/li>\n<li>\n<strong>Proceso de acabado de telas<\/strong>:Otro<\/li>\n<li>\n<strong>Altura del respaldo<\/strong>:125 mm y menos<\/li>\n<li>\n<strong>\u00bfEs personalizable?<\/strong>:No<\/li>\n<li>\n<strong>\u00bfEs giratorio?<\/strong>:No<\/li>\n<li>\n<strong>\u00bfHay pasamanos?<\/strong>:S\u00ed<\/li>\n<li>\n<strong>Adecuado<\/strong>:Adultos<\/li>\n<li>\n<strong>Armar<\/strong>:S\u00ed<\/li>\n<li>\n<strong>\u00bfHay taxi disponible para transporte?<\/strong>:S\u00ed<\/li>\n<li>\n<strong>Posicionamiento de estilo<\/strong>:Lujo de calidad<\/li>\n<\/ul>\n<p><img><\/p>","protected":false},"excerpt":{"rendered":"<p>brand:other\/other model:6013 style:Simple and modern popular elements:Logs, splicing, master design sort by color:Dark orange with off-white &#8212; cloth (wear-resistant), dark<\/p>","protected":false},"featured_media":113315,"comment_status":"open","ping_status":"closed","template":"","meta":[],"product_brand":[],"product_cat":[30862,30971,30850],"product_tag":[],"class_list":{"0":"post-54597","1":"product","2":"type-product","3":"status-publish","4":"has-post-thumbnail","6":"product_cat-wholesales-hotels","7":"product_cat-hp","8":"product_cat-wholesale-furniture","10":"first","11":"instock","12":"sale","13":"taxable","14":"shipping-taxable","15":"purchasable","16":"product-type-variable"},"_links":{"self":[{"href":"https:\/\/nexgendecors.com\/es\/wp-json\/wp\/v2\/product\/54597","targetHints":{"allow":["GET"]}}],"collection":[{"href":"https:\/\/nexgendecors.com\/es\/wp-json\/wp\/v2\/product"}],"about":[{"href":"https:\/\/nexgendecors.com\/es\/wp-json\/wp\/v2\/types\/product"}],"replies":[{"embeddable":true,"href":"https:\/\/nexgendecors.com\/es\/wp-json\/wp\/v2\/comments?post=54597"}],"version-history":[{"count":0,"href":"https:\/\/nexgendecors.com\/es\/wp-json\/wp\/v2\/product\/54597\/revisions"}],"wp:featuredmedia":[{"embeddable":true,"href":"https:\/\/nexgendecors.com\/es\/wp-json\/wp\/v2\/media\/113315"}],"wp:attachment":[{"href":"https:\/\/nexgendecors.com\/es\/wp-json\/wp\/v2\/media?parent=54597"}],"wp:term":[{"taxonomy":"product_brand","embeddable":true,"href":"https:\/\/nexgendecors.com\/es\/wp-json\/wp\/v2\/product_brand?post=54597"},{"taxonomy":"product_cat","embeddable":true,"href":"https:\/\/nexgendecors.com\/es\/wp-json\/wp\/v2\/product_cat?post=54597"},{"taxonomy":"product_tag","embeddable":true,"href":"https:\/\/nexgendecors.com\/es\/wp-json\/wp\/v2\/product_tag?post=54597"}],"curies":[{"name":"wp","href":"https:\/\/api.w.org\/{rel}","templated":true}]}}