{"id":55173,"date":"2025-01-26T02:42:16","date_gmt":"2025-01-26T02:42:16","guid":{"rendered":"https:\/\/nexgendecors.com\/product\/duplex-building-large-chandelier-modern-simple-atmosphere-building-in-the-building-atmosphere-crystal-lamp-villa-loft-living-room-large-chandelier\/"},"modified":"2025-04-06T08:31:01","modified_gmt":"2025-04-06T08:31:01","slug":"duplex-building-large-chandelier-modern-simple-atmosphere-building-in-the-building-atmosphere-crystal-lamp-villa-loft-living-room-large-chandelier","status":"publish","type":"product","link":"https:\/\/nexgendecors.com\/es\/product\/duplex-building-large-chandelier-modern-simple-atmosphere-building-in-the-building-atmosphere-crystal-lamp-villa-loft-living-room-large-chandelier\/","title":{"rendered":"Modern Crystal Chandelier for Villa Loft Living Room"},"content":{"rendered":"<ul>\n<li>\n<strong>marca<\/strong>:Medikon<\/li>\n<li>\n<strong>modelo<\/strong>:6258<\/li>\n<li>\n<strong>estilo<\/strong>:Simple y moderno<\/li>\n<li>\n<strong>Espacio aplicable<\/strong>:LOFT\/D\u00faplex Casa D\u00faplex\/Escaleras<\/li>\n<li>\n<strong>ordenar por color<\/strong>:Gold 5 circles 20+40+30+50+40+Stepless dimming+Tmall Genie gold 5 circles 30+50+30+70+50+Stepless dimming+Tmall Genie gold 5 circles 50+70+50+90+70+Stepless dimming+Tmall Genie gold 6 circles 40+30+50+30+70+50+Stepless dimming+Tmall Genie gold 6 circles 70+50+60+50+90+70+ Stepless dimming + Tmall Genie gold 6 circles 60+50+70+60+100+80+Stepless dimming + Tmall Genie gold 7 circles 60+30+50+70+40+80+60+Stepless dimming + Tmall Genie gold 7 circles 60+70+40+60+50+100+80+Stepless dimming + Tmall Genie gold 7 circles 60+80+100+70+80+120+90+Stepless dimming + Tmall Genie gold 8 circles 30+60+70+40+50+30 +80+60 Stepless Dimming + Tmall Genie Gold 8 Circles 40+60+80+40+60+50+100+70 Stepless Dimming + Tmall Genie Gold 8 Circles 60+80+100+70+80+60+120+90 Stepless Dimming + Tmall Genie Chrome 5 Circles 30+50+30+70+50+ Stepless Dimming + Tmall Genie Chrome 5 Circles 50+70+50+90+70+ Stepless Dimming + Tmall Genie Chrome 6 Circles 40+30+50+30+70+50+ Stepless Dimming + Tmall Genie Chrome 6 Circles 70+50+60+50+90+70+ Stepless dimming + Tmall Genie chrome 6 circles 60+50+70+60+100+80+Stepless dimming + Tmall Genie chrome 7 circles 60+30+50+70+40+80+60+Stepless dimming + Tmall Genie chrome 7 circles 60+70+40+60+50+100+80+Stepless dimming + Tmall Genie chrome 7 circles 60+80+100+70+80+120+90+Stepless dimming + Tmall Elf chrome 8 circles 30+60+70+40+50+30+80+60 stepless dimming + Tmall Elf chrome 8 circles 40+60+80+40+60+50+100+70 stepless dimming + Tmall Elf chrome 8 circles 60+80+100+70+80+60+120+90 stepless dimming + Tmall Elf chrome 6 circles 60+50+70+50+90+70+stepless dimming + Tmall Elf<\/li>\n<li>\n<strong>\u00bfLa l\u00e1mpara tiene una fuente de luz?<\/strong>:S\u00ed<\/li>\n<li>\n<strong>Servicio en la ciudad<\/strong>:Log\u00edstica intraurbana de entrega puerta a puerta<\/li>\n<li>\n<strong>Voltaje<\/strong>:111 V ~ 240 V (inclusive)<\/li>\n<li>\n<strong>Material principal del cuerpo de la l\u00e1mpara.<\/strong>:Acero inoxidable<\/li>\n<li>\n<strong>Material principal de la pantalla de la l\u00e1mpara<\/strong>:cristal<\/li>\n<li>\n<strong>tipo de fuente de luz<\/strong>:Energy saving lamp led lamp<\/li>\n<li>\n<strong>N\u00famero de fuentes de luz<\/strong>:M\u00e1s de 20<\/li>\n<li>\n<strong>Tecnolog\u00eda<\/strong>:Electric punching<\/li>\n<li>\n<strong>\u00c1rea de irradiaci\u00f3n<\/strong>:30\u33a1 or more<\/li>\n<li>\n<strong>Tipo de control<\/strong>:Other intelligent voice control APP control<\/li>\n<li>\n<strong>Material auxiliar para pantallas de l\u00e1mparas<\/strong>:Acero inoxidable<\/li>\n<li>\n<strong>Per\u00edodo de garant\u00eda<\/strong>:3 a\u00f1os<\/li>\n<li>\n<strong>Material auxiliar del cuerpo de la l\u00e1mpara<\/strong>:cristal<\/li>\n<li>\n<strong>Tipo inteligente<\/strong>:Conectado a Tmall Genie<\/li>\n<li>\n<strong>Ya sea control inteligente<\/strong>:S\u00ed<\/li>\n<li>\n<strong>Forma de la l\u00e1mpara<\/strong>:L\u00e1mpara de ara\u00f1a de l\u00ednea de pescado<\/li>\n<li>\n<strong>N\u00famero de cabezales de l\u00e1mpara<\/strong>:10<\/li>\n<li>\n<strong>Tipo de l\u00e1mpara de ara\u00f1a<\/strong>:Crystal chandeliers<\/li>\n<li>\n<strong>N\u00famero de certificado 3C<\/strong>:2024371001000048<\/li>\n<\/ul>\n<p><img><\/p>","protected":false},"excerpt":{"rendered":"<p>brand:Medikon model:6258 style:Simple and modern Applicable space:LOFT\/Duplex Duplex House\/Stairs sort by color:Gold 5 circles 20+40+30+50+40+Stepless dimming+Tmall Genie gold 5 circles<\/p>","protected":false},"featured_media":114015,"comment_status":"open","ping_status":"closed","template":"","meta":[],"product_brand":[],"product_cat":[30971,30864],"product_tag":[],"class_list":{"0":"post-55173","1":"product","2":"type-product","3":"status-publish","4":"has-post-thumbnail","6":"product_cat-hp","7":"product_cat-new-wholesales-lights","9":"first","10":"instock","11":"taxable","12":"shipping-taxable","13":"purchasable","14":"product-type-variable"},"_links":{"self":[{"href":"https:\/\/nexgendecors.com\/es\/wp-json\/wp\/v2\/product\/55173","targetHints":{"allow":["GET"]}}],"collection":[{"href":"https:\/\/nexgendecors.com\/es\/wp-json\/wp\/v2\/product"}],"about":[{"href":"https:\/\/nexgendecors.com\/es\/wp-json\/wp\/v2\/types\/product"}],"replies":[{"embeddable":true,"href":"https:\/\/nexgendecors.com\/es\/wp-json\/wp\/v2\/comments?post=55173"}],"version-history":[{"count":0,"href":"https:\/\/nexgendecors.com\/es\/wp-json\/wp\/v2\/product\/55173\/revisions"}],"wp:featuredmedia":[{"embeddable":true,"href":"https:\/\/nexgendecors.com\/es\/wp-json\/wp\/v2\/media\/114015"}],"wp:attachment":[{"href":"https:\/\/nexgendecors.com\/es\/wp-json\/wp\/v2\/media?parent=55173"}],"wp:term":[{"taxonomy":"product_brand","embeddable":true,"href":"https:\/\/nexgendecors.com\/es\/wp-json\/wp\/v2\/product_brand?post=55173"},{"taxonomy":"product_cat","embeddable":true,"href":"https:\/\/nexgendecors.com\/es\/wp-json\/wp\/v2\/product_cat?post=55173"},{"taxonomy":"product_tag","embeddable":true,"href":"https:\/\/nexgendecors.com\/es\/wp-json\/wp\/v2\/product_tag?post=55173"}],"curies":[{"name":"wp","href":"https:\/\/api.w.org\/{rel}","templated":true}]}}