{"id":55216,"date":"2025-01-26T02:42:22","date_gmt":"2025-01-26T02:42:22","guid":{"rendered":"https:\/\/nexgendecors.com\/product\/duplex-building-large-chandelier-modern-simple-light-luxury-living-room-empty-villa-loft-lamp-ring-magic-bean-staircase-long-chandelier\/"},"modified":"2025-04-06T08:31:08","modified_gmt":"2025-04-06T08:31:08","slug":"duplex-building-large-chandelier-modern-simple-light-luxury-living-room-empty-villa-loft-lamp-ring-magic-bean-staircase-long-chandelier","status":"publish","type":"product","link":"https:\/\/nexgendecors.com\/es\/product\/duplex-building-large-chandelier-modern-simple-light-luxury-living-room-empty-villa-loft-lamp-ring-magic-bean-staircase-long-chandelier\/","title":{"rendered":"Modern Luxury Ring Chandelier for Villa Loft Staircase"},"content":{"rendered":"<ul>\n<li>\n<strong>marca<\/strong>:Kim Landa<\/li>\n<li>\n<strong>modelo<\/strong>:JLD1181<\/li>\n<li>\n<strong>fuerza<\/strong>:31W (incluido) \u2013 40W (incluido)<\/li>\n<li>\n<strong>estilo<\/strong>:Simple y moderno<\/li>\n<li>\n<strong>Origen<\/strong>:China continental<\/li>\n<li>\n<strong>Espacio aplicable<\/strong>:LOFT\/D\u00faplex Casa D\u00faplex\/Escaleras<\/li>\n<li>\n<strong>ordenar por color<\/strong>:White single layer 1 ball [50CM] three colors, white single layer 1 ball [50CM] Wuji, white single layer 1 ball [60CM] Wuji, white single layer 1 ball [70CM] Wuji, white single layer 1 ball [80CM] Wuji, white two layers 3 balls [50CM] Wuji, white two layers 3 balls [60CM] Wuji, white three layers 4 balls [70CM] Wuji, white three layers 4 balls [80CM] Wuji, white four layers 6 balls [90CM] Wuji, white four layers 6 balls [100CM] Wuji, black single layer 1 ball [50CM] three colors, black single layer 1 ball [50CM] Wuji, black single layer 1 ball [60CM] Wuji, black single layer 1 ball [70CM] Wuji, black single layer 1 ball [80CM] Wuji, black two layers 3 balls [ 50CM] Wuji, black two layers 3 balls [60CM] Wuji, black three layers 4 balls [70CM] Wuji, black three layers 4 balls [80CM] Wuji, black four layers 6 balls [90CM] Wuji, black four layers 6 balls [100CM] Wuji, gold single layer 1 ball [50CM] three colors, gold single layer 1 ball [50CM] Wuji, gold single layer 1 ball [60CM] Wuji, gold single layer 1 ball [70CM] Wuji, gold single layer 1 ball [80CM] Wuji, gold two layers 3 balls [50CM] Wuji, gold two layers 3 balls [60CM] Wuji, gold three layers 4 balls [70CM] Wuji, gold three layers 4 balls [80CM] Wuji, gold four layers 6 balls [90CM] Wuji, gold four layers 6 balls [100CM] Wuji<\/li>\n<li>\n<strong>\u00bfLa l\u00e1mpara tiene una fuente de luz?<\/strong>:S\u00ed<\/li>\n<li>\n<strong>Servicio en la ciudad<\/strong>:Los compradores de la misma ciudad recogen la mercanc\u00eda en casa.<\/li>\n<li>\n<strong>Voltaje<\/strong>:111 V ~ 240 V (inclusive)<\/li>\n<li>\n<strong>Material principal del cuerpo de la l\u00e1mpara.<\/strong>:hierro<\/li>\n<li>\n<strong>Material principal de la pantalla de la l\u00e1mpara<\/strong>:Pantalla de PMMA de alta transmitancia de luz<\/li>\n<li>\n<strong>Tecnolog\u00eda<\/strong>:Escarchado de pintura en aerosol<\/li>\n<li>\n<strong>\u00c1rea de irradiaci\u00f3n<\/strong>:15\u33a1-30\u33a1<\/li>\n<li>\n<strong>Tipo de control<\/strong>:Control no inteligente<\/li>\n<li>\n<strong>Material auxiliar para pantallas de l\u00e1mparas<\/strong>:Pantalla de PMMA de alta transmitancia de luz<\/li>\n<li>\n<strong>Per\u00edodo de garant\u00eda<\/strong>:3 a\u00f1os<\/li>\n<li>\n<strong>Material auxiliar del cuerpo de la l\u00e1mpara<\/strong>:ABS + chasis de hardware<\/li>\n<li>\n<strong>Tipo inteligente<\/strong>:No hay soporte para smart<\/li>\n<li>\n<strong>Ya sea control inteligente<\/strong>:No<\/li>\n<li>\n<strong>Forma de la l\u00e1mpara<\/strong>:L\u00e1mpara de ara\u00f1a de l\u00ednea de pescado<\/li>\n<li>\n<strong>N\u00famero de accesorios<\/strong>:5<\/li>\n<li>\n<strong>N\u00famero de cabezales de l\u00e1mpara<\/strong>:5<\/li>\n<li>\n<strong>Tipo de l\u00e1mpara de ara\u00f1a<\/strong>:L\u00e1mpara de ara\u00f1a de hierro forjado<\/li>\n<li>\n<strong>N\u00famero de certificado 3C<\/strong>:2023011001567269<\/li>\n<li>\n<strong><\/strong>:<\/li>\n<\/ul>","protected":false},"excerpt":{"rendered":"<p>brand:Kim Landa model:JLD1181 power:31W (inclusive) &#8211; 40W (inclusive) style:Simple and modern Origin:Chinese mainland Applicable space:LOFT\/Duplex Duplex House\/Stairs sort by color:White<\/p>","protected":false},"featured_media":114062,"comment_status":"open","ping_status":"closed","template":"","meta":[],"product_brand":[],"product_cat":[30971,30864],"product_tag":[],"class_list":{"0":"post-55216","1":"product","2":"type-product","3":"status-publish","4":"has-post-thumbnail","6":"product_cat-hp","7":"product_cat-new-wholesales-lights","9":"first","10":"instock","11":"taxable","12":"shipping-taxable","13":"purchasable","14":"product-type-variable"},"_links":{"self":[{"href":"https:\/\/nexgendecors.com\/es\/wp-json\/wp\/v2\/product\/55216","targetHints":{"allow":["GET"]}}],"collection":[{"href":"https:\/\/nexgendecors.com\/es\/wp-json\/wp\/v2\/product"}],"about":[{"href":"https:\/\/nexgendecors.com\/es\/wp-json\/wp\/v2\/types\/product"}],"replies":[{"embeddable":true,"href":"https:\/\/nexgendecors.com\/es\/wp-json\/wp\/v2\/comments?post=55216"}],"version-history":[{"count":0,"href":"https:\/\/nexgendecors.com\/es\/wp-json\/wp\/v2\/product\/55216\/revisions"}],"wp:featuredmedia":[{"embeddable":true,"href":"https:\/\/nexgendecors.com\/es\/wp-json\/wp\/v2\/media\/114062"}],"wp:attachment":[{"href":"https:\/\/nexgendecors.com\/es\/wp-json\/wp\/v2\/media?parent=55216"}],"wp:term":[{"taxonomy":"product_brand","embeddable":true,"href":"https:\/\/nexgendecors.com\/es\/wp-json\/wp\/v2\/product_brand?post=55216"},{"taxonomy":"product_cat","embeddable":true,"href":"https:\/\/nexgendecors.com\/es\/wp-json\/wp\/v2\/product_cat?post=55216"},{"taxonomy":"product_tag","embeddable":true,"href":"https:\/\/nexgendecors.com\/es\/wp-json\/wp\/v2\/product_tag?post=55216"}],"curies":[{"name":"wp","href":"https:\/\/api.w.org\/{rel}","templated":true}]}}