{"id":55250,"date":"2025-01-26T02:42:24","date_gmt":"2025-01-26T02:42:24","guid":{"rendered":"https:\/\/nexgendecors.com\/product\/duplex-building-large-chandelier-modern-simple-loft-apartment-multi-storey-building-villa-high-living-room-hollow-lobby-lamp\/"},"modified":"2025-04-06T08:31:11","modified_gmt":"2025-04-06T08:31:11","slug":"duplex-building-large-chandelier-modern-simple-loft-apartment-multi-storey-building-villa-high-living-room-hollow-lobby-lamp","status":"publish","type":"product","link":"https:\/\/nexgendecors.com\/es\/product\/duplex-building-large-chandelier-modern-simple-loft-apartment-multi-storey-building-villa-high-living-room-hollow-lobby-lamp\/","title":{"rendered":"Modern Loft Duplex Chandelier for High Ceilings"},"content":{"rendered":"<ul>\n<li>\n<strong>marca<\/strong>:Kim Landa<\/li>\n<li>\n<strong>modelo<\/strong>:JLD1936<\/li>\n<li>\n<strong>estilo<\/strong>:Simple y moderno<\/li>\n<li>\n<strong>Origen<\/strong>:China continental<\/li>\n<li>\n<strong>ordenar por color<\/strong>:Black five circles [3+4+6+8+10] infinite, black five circles [4+6+8+10+12] infinite, black five circles [6+8+10+12+15] infinite, black six circles [3+4+6+8+10+12] infinite, black seven circles 3+4+6+8+10+12+15 infinite, gold five circles [3+4+6+8+10] infinite, gold five circles [4+6+8+10+12] infinite, gold five circles [6+8+10+12+15] infinite, gold Six circles [3+4+6+8+10+12] infinite, gold seven circles 3+4+6+8+10+12+15 infinite, brown five circles [3+4+6+8+10] infinite, brown five circles [4+6+8+10+12] infinite, brown five circles [6+8+10+12+15] infinite, brown six circles [3+4+6+8+10+12] infinite, brown seven circles 3+4+6+8+10+12+15 infinite, brushed gold three layers [60+40+30CM] infinite<\/li>\n<li>\n<strong>\u00bfLa l\u00e1mpara tiene una fuente de luz?<\/strong>:S\u00ed<\/li>\n<li>\n<strong>Servicio en la ciudad<\/strong>:Los compradores de la misma ciudad recogen la mercanc\u00eda en casa.<\/li>\n<li>\n<strong>Voltaje<\/strong>:111 V ~ 240 V (inclusive)<\/li>\n<li>\n<strong>Material principal del cuerpo de la l\u00e1mpara.<\/strong>:ABS + chasis de hardware<\/li>\n<li>\n<strong>Material principal de la pantalla de la l\u00e1mpara<\/strong>:Pantalla de PMMA de alta transmitancia de luz<\/li>\n<li>\n<strong>tipo de fuente de luz<\/strong>:Luces LED<\/li>\n<li>\n<strong>Tecnolog\u00eda<\/strong>:Escarchado de pintura en aerosol<\/li>\n<li>\n<strong>\u00c1rea de irradiaci\u00f3n<\/strong>:10\u33a1-15\u33a1<\/li>\n<li>\n<strong>Tipo de control<\/strong>:Control no inteligente<\/li>\n<li>\n<strong>Material auxiliar para pantallas de l\u00e1mparas<\/strong>:Pantalla de PMMA de alta transmitancia de luz<\/li>\n<li>\n<strong>Per\u00edodo de garant\u00eda<\/strong>:3 a\u00f1os<\/li>\n<li>\n<strong>Material auxiliar del cuerpo de la l\u00e1mpara<\/strong>:ABS + chasis de hardware<\/li>\n<li>\n<strong>Tipo inteligente<\/strong>:No hay soporte para smart<\/li>\n<li>\n<strong>Ya sea control inteligente<\/strong>:No<\/li>\n<li>\n<strong>Forma de la l\u00e1mpara<\/strong>:L\u00e1mpara de ara\u00f1a de l\u00ednea de pescado<\/li>\n<li>\n<strong>N\u00famero de cabezales de l\u00e1mpara<\/strong>:1<\/li>\n<li>\n<strong>Tipo de l\u00e1mpara de ara\u00f1a<\/strong>:L\u00e1mpara de ara\u00f1a de hierro forjado<\/li>\n<li>\n<strong>N\u00famero de certificado 3C<\/strong>:2023011001567269<\/li>\n<li>\n<strong><\/strong>:<\/li>\n<\/ul>\n<p><img><\/p>","protected":false},"excerpt":{"rendered":"<p>brand:Kim Landa model:JLD1936 style:Simple and modern Origin:Chinese mainland sort by color:Black five circles [3+4+6+8+10] infinite, black five circles [4+6+8+10+12] infinite,<\/p>","protected":false},"featured_media":114076,"comment_status":"open","ping_status":"closed","template":"","meta":[],"product_brand":[],"product_cat":[30971,30864],"product_tag":[],"class_list":{"0":"post-55250","1":"product","2":"type-product","3":"status-publish","4":"has-post-thumbnail","6":"product_cat-hp","7":"product_cat-new-wholesales-lights","9":"first","10":"instock","11":"taxable","12":"shipping-taxable","13":"purchasable","14":"product-type-variable"},"_links":{"self":[{"href":"https:\/\/nexgendecors.com\/es\/wp-json\/wp\/v2\/product\/55250","targetHints":{"allow":["GET"]}}],"collection":[{"href":"https:\/\/nexgendecors.com\/es\/wp-json\/wp\/v2\/product"}],"about":[{"href":"https:\/\/nexgendecors.com\/es\/wp-json\/wp\/v2\/types\/product"}],"replies":[{"embeddable":true,"href":"https:\/\/nexgendecors.com\/es\/wp-json\/wp\/v2\/comments?post=55250"}],"version-history":[{"count":0,"href":"https:\/\/nexgendecors.com\/es\/wp-json\/wp\/v2\/product\/55250\/revisions"}],"wp:featuredmedia":[{"embeddable":true,"href":"https:\/\/nexgendecors.com\/es\/wp-json\/wp\/v2\/media\/114076"}],"wp:attachment":[{"href":"https:\/\/nexgendecors.com\/es\/wp-json\/wp\/v2\/media?parent=55250"}],"wp:term":[{"taxonomy":"product_brand","embeddable":true,"href":"https:\/\/nexgendecors.com\/es\/wp-json\/wp\/v2\/product_brand?post=55250"},{"taxonomy":"product_cat","embeddable":true,"href":"https:\/\/nexgendecors.com\/es\/wp-json\/wp\/v2\/product_cat?post=55250"},{"taxonomy":"product_tag","embeddable":true,"href":"https:\/\/nexgendecors.com\/es\/wp-json\/wp\/v2\/product_tag?post=55250"}],"curies":[{"name":"wp","href":"https:\/\/api.w.org\/{rel}","templated":true}]}}