{"id":55312,"date":"2025-01-26T02:42:39","date_gmt":"2025-01-26T02:42:39","guid":{"rendered":"https:\/\/nexgendecors.com\/product\/edra-boa-sofa-italian-nordic-designer-creative-living-room-special-shaped-winding-woven-python-sofa\/"},"modified":"2025-04-06T08:31:19","modified_gmt":"2025-04-06T08:31:19","slug":"edra-boa-sofa-italian-nordic-designer-creative-living-room-special-shaped-winding-woven-python-sofa","status":"publish","type":"product","link":"https:\/\/nexgendecors.com\/es\/product\/edra-boa-sofa-italian-nordic-designer-creative-living-room-special-shaped-winding-woven-python-sofa\/","title":{"rendered":"Sof\u00e1 Edra Boa: Dise\u00f1o \u00fanico de pit\u00f3n tejido para salas de estar"},"content":{"rendered":"<ul>\n<li>\n<strong>marca<\/strong>:daoqin<\/li>\n<li>\n<strong>modelo<\/strong>:002<\/li>\n<li>\n<strong>Material<\/strong>:pa\u00f1o<\/li>\n<li>\n<strong>ordenar por color<\/strong>:Blue [single seat], blue [small], blue [large], yellow [small], yellow [large], red [small], red [large], size and color can be customized<\/li>\n<li>\n<strong>Posicionamiento de estilo<\/strong>:Estilo art\u00edstico<\/li>\n<li>\n<strong><\/strong>:<\/li>\n<\/ul>\n<p><img><\/p>","protected":false},"excerpt":{"rendered":"<p>Marca: Daoqin Modelo: 002 Material: tela Ordenar por color: Azul [asiento individual], azul [peque\u00f1o], azul [grande], amarillo [peque\u00f1o], amarillo [grande], rojo [peque\u00f1o], rojo [grande],<\/p>","protected":false},"featured_media":114185,"comment_status":"open","ping_status":"closed","template":"","meta":[],"product_brand":[],"product_cat":[30862,30971,30860,30850],"product_tag":[],"class_list":{"0":"post-55312","1":"product","2":"type-product","3":"status-publish","4":"has-post-thumbnail","6":"product_cat-wholesales-hotels","7":"product_cat-hp","8":"product_cat-wholesale-restaurant","9":"product_cat-wholesale-furniture","11":"first","12":"instock","13":"sale","14":"taxable","15":"shipping-taxable","16":"purchasable","17":"product-type-variable"},"_links":{"self":[{"href":"https:\/\/nexgendecors.com\/es\/wp-json\/wp\/v2\/product\/55312","targetHints":{"allow":["GET"]}}],"collection":[{"href":"https:\/\/nexgendecors.com\/es\/wp-json\/wp\/v2\/product"}],"about":[{"href":"https:\/\/nexgendecors.com\/es\/wp-json\/wp\/v2\/types\/product"}],"replies":[{"embeddable":true,"href":"https:\/\/nexgendecors.com\/es\/wp-json\/wp\/v2\/comments?post=55312"}],"version-history":[{"count":0,"href":"https:\/\/nexgendecors.com\/es\/wp-json\/wp\/v2\/product\/55312\/revisions"}],"wp:featuredmedia":[{"embeddable":true,"href":"https:\/\/nexgendecors.com\/es\/wp-json\/wp\/v2\/media\/114185"}],"wp:attachment":[{"href":"https:\/\/nexgendecors.com\/es\/wp-json\/wp\/v2\/media?parent=55312"}],"wp:term":[{"taxonomy":"product_brand","embeddable":true,"href":"https:\/\/nexgendecors.com\/es\/wp-json\/wp\/v2\/product_brand?post=55312"},{"taxonomy":"product_cat","embeddable":true,"href":"https:\/\/nexgendecors.com\/es\/wp-json\/wp\/v2\/product_cat?post=55312"},{"taxonomy":"product_tag","embeddable":true,"href":"https:\/\/nexgendecors.com\/es\/wp-json\/wp\/v2\/product_tag?post=55312"}],"curies":[{"name":"wp","href":"https:\/\/api.w.org\/{rel}","templated":true}]}}