{"id":55565,"date":"2025-01-26T02:43:20","date_gmt":"2025-01-26T02:43:20","guid":{"rendered":"https:\/\/nexgendecors.com\/product\/electroplated-copper-natural-color-landscape-new-chinese-style-large-living-room-chandelier-simple-modern-light-luxury-restaurant-hotel-bedroom-chandelier\/"},"modified":"2025-04-06T08:31:51","modified_gmt":"2025-04-06T08:31:51","slug":"lampara-de-arana-de-cobre-galvanizado-color-natural-estilo-chino-nueva-grande-para-sala-de-estar-sencilla-moderna-de-lujo-para-restaurante-hotel-dormitorio","status":"publish","type":"product","link":"https:\/\/nexgendecors.com\/es\/product\/lampara-de-arana-de-cobre-galvanizado-color-natural-estilo-chino-nueva-grande-para-sala-de-estar-sencilla-moderna-de-lujo-para-restaurante-hotel-dormitorio\/","title":{"rendered":"L\u00e1mpara de ara\u00f1a de cobre galvanizado \u2013 Estilo chino moderno"},"content":{"rendered":"<ul>\n<li>\n<strong>estilo<\/strong>:Simple y moderno<\/li>\n<li>\n<strong>Origen<\/strong>:China continental<\/li>\n<li>\n<strong>Valor K de la temperatura de color de la fuente de luz<\/strong>:Tres temperaturas de color (3000K-4500K-6000K)<\/li>\n<li>\n<strong>ordenar por color<\/strong>:Color cobre 40CM, luz neutra, color cobre 40CM, atenuaci\u00f3n continua, color cobre 60CM, luz neutra, color cobre 60CM, atenuaci\u00f3n continua, color cobre 80CM, luz neutra, color cobre 80CM, atenuaci\u00f3n continua, color cobre 100CM, luz neutra, color cobre 100CM, atenuaci\u00f3n continua<\/li>\n<li>\n<strong>\u00bfLa l\u00e1mpara tiene una fuente de luz?<\/strong>:S\u00ed<\/li>\n<li>\n<strong>Servicio en la ciudad<\/strong>:Log\u00edstica intraurbana de entrega puerta a puerta<\/li>\n<li>\n<strong>Voltaje<\/strong>:111 V ~ 240 V (inclusive)<\/li>\n<li>\n<strong>Material principal del cuerpo de la l\u00e1mpara.<\/strong>:aluminio<\/li>\n<li>\n<strong>Material principal de la pantalla de la l\u00e1mpara<\/strong>:Pantalla de PMMA de alta transmitancia de luz<\/li>\n<li>\n<strong>tipo de fuente de luz<\/strong>:Luces LED<\/li>\n<li>\n<strong>N\u00famero de fuentes de luz<\/strong>:1<\/li>\n<li>\n<strong>Tecnolog\u00eda<\/strong>:Doblado en caliente<\/li>\n<li>\n<strong>\u00c1rea de irradiaci\u00f3n<\/strong>:10\u33a1-15\u33a1,15\u33a1-30\u33a1,5\u33a1-10\u33a1<\/li>\n<li>\n<strong>Tipo de control<\/strong>:Control de voz inteligente, control de APP<\/li>\n<li>\n<strong>Temperatura de color<\/strong>:Atenuaci\u00f3n continua<\/li>\n<li>\n<strong>Per\u00edodo de garant\u00eda<\/strong>:3 a\u00f1os<\/li>\n<li>\n<strong>Tipo inteligente<\/strong>:Conectado a Tmall Genie<\/li>\n<li>\n<strong>Ya sea control inteligente<\/strong>:S\u00ed<\/li>\n<li>\n<strong>Forma de la l\u00e1mpara<\/strong>:L\u00e1mpara de ara\u00f1a de l\u00ednea de pescado<\/li>\n<li>\n<strong>N\u00famero de cabezales de l\u00e1mpara<\/strong>:1<\/li>\n<li>\n<strong>Tipo de l\u00e1mpara de ara\u00f1a<\/strong>:L\u00e1mpara de ara\u00f1a de aluminio<\/li>\n<li>\n<strong>N\u00famero de certificado 3C<\/strong>:2020171001003903<\/li>\n<\/ul>\n<p><img><\/p>","protected":false},"excerpt":{"rendered":"<p>style:Simple and modern Origin:Chinese mainland Light source color temperature K value:Three color temperatures (3000K-4500K-6000K) sort by color:Copper color 40CM, neutral<\/p>","protected":false},"featured_media":114365,"comment_status":"open","ping_status":"closed","template":"","meta":[],"product_brand":[],"product_cat":[30971,30864],"product_tag":[],"class_list":{"0":"post-55565","1":"product","2":"type-product","3":"status-publish","4":"has-post-thumbnail","6":"product_cat-hp","7":"product_cat-new-wholesales-lights","9":"first","10":"instock","11":"taxable","12":"shipping-taxable","13":"purchasable","14":"product-type-variable"},"_links":{"self":[{"href":"https:\/\/nexgendecors.com\/es\/wp-json\/wp\/v2\/product\/55565","targetHints":{"allow":["GET"]}}],"collection":[{"href":"https:\/\/nexgendecors.com\/es\/wp-json\/wp\/v2\/product"}],"about":[{"href":"https:\/\/nexgendecors.com\/es\/wp-json\/wp\/v2\/types\/product"}],"replies":[{"embeddable":true,"href":"https:\/\/nexgendecors.com\/es\/wp-json\/wp\/v2\/comments?post=55565"}],"version-history":[{"count":0,"href":"https:\/\/nexgendecors.com\/es\/wp-json\/wp\/v2\/product\/55565\/revisions"}],"wp:featuredmedia":[{"embeddable":true,"href":"https:\/\/nexgendecors.com\/es\/wp-json\/wp\/v2\/media\/114365"}],"wp:attachment":[{"href":"https:\/\/nexgendecors.com\/es\/wp-json\/wp\/v2\/media?parent=55565"}],"wp:term":[{"taxonomy":"product_brand","embeddable":true,"href":"https:\/\/nexgendecors.com\/es\/wp-json\/wp\/v2\/product_brand?post=55565"},{"taxonomy":"product_cat","embeddable":true,"href":"https:\/\/nexgendecors.com\/es\/wp-json\/wp\/v2\/product_cat?post=55565"},{"taxonomy":"product_tag","embeddable":true,"href":"https:\/\/nexgendecors.com\/es\/wp-json\/wp\/v2\/product_tag?post=55565"}],"curies":[{"name":"wp","href":"https:\/\/api.w.org\/{rel}","templated":true}]}}