{"id":56013,"date":"2025-01-26T02:44:40","date_gmt":"2025-01-26T02:44:40","guid":{"rendered":"https:\/\/nexgendecors.com\/product\/factory-direct-partners-10231-debk-dry-erase-half-moon-activity-school-and-classroom-kids-table-36-x-72-toddler-legs-adjustable-height-15-24-whiteboard-top-black-edge1712065010650\/"},"modified":"2025-04-06T08:33:18","modified_gmt":"2025-04-06T08:33:18","slug":"mesa-de-actividades-de-media-luna-de-borrado-en-seco-debk-10231-para-ninos-para-la-escuela-y-el-aula-de-36-x-72-cm-con-patas-para-ninos-pequenos-altura-ajustable-superficie-de-pizarra-blanca-de-1","status":"publish","type":"product","link":"https:\/\/nexgendecors.com\/es\/product\/mesa-de-actividades-de-media-luna-de-borrado-en-seco-debk-10231-para-ninos-para-la-escuela-y-el-aula-de-36-x-72-cm-con-patas-para-ninos-pequenos-altura-ajustable-superficie-de-pizarra-blanca-de-1\/","title":{"rendered":"Mesa infantil de media luna de borrado en seco de Factory Direct Partners"},"content":{"rendered":"<p data-mce-fragment=\"1\">\ud83c\udfa8 <strong data-mce-fragment=\"1\">Espacio de trabajo creativo vers\u00e1til<\/strong>: Libera la creatividad en cualquier lugar<\/p>\n<ul data-mce-fragment=\"1\">\n<li data-mce-fragment=\"1\">\n<strong data-mce-fragment=\"1\">Ideal para diversos entornos<\/strong>:Perfecto para aulas, salas de juegos, iglesias, centros recreativos y uso dom\u00e9stico.<\/li>\n<li data-mce-fragment=\"1\">\n<strong data-mce-fragment=\"1\">Funcionalidad de escritura y borrado<\/strong>:Permite practicar letras, dibujos y actividades grupales con facilidad.<\/li>\n<\/ul>\n<p data-mce-fragment=\"1\">\ud83d\udcaa <strong data-mce-fragment=\"1\">Construcci\u00f3n duradera<\/strong>:Construido para durar<\/p>\n<ul data-mce-fragment=\"1\">\n<li data-mce-fragment=\"1\">\n<strong data-mce-fragment=\"1\">Cantos termofusionados<\/strong>:Termosellado para mayor durabilidad, alargando la vida \u00fatil del tablero laminado.<\/li>\n<li data-mce-fragment=\"1\">\n<strong data-mce-fragment=\"1\">Aspecto profesional<\/strong>:Proporciona una apariencia pulida adecuada para cualquier entorno.<\/li>\n<\/ul>\n<p data-mce-fragment=\"1\">\u2b06\ufe0f <strong data-mce-fragment=\"1\">Patas ajustables<\/strong>:Crece con tu hijo<\/p>\n<ul data-mce-fragment=\"1\">\n<li data-mce-fragment=\"1\">\n<strong data-mce-fragment=\"1\">Piernas gruesas<\/strong>:Aj\u00fastelo en incrementos de 1 pulgada, adapt\u00e1ndose al crecimiento de ni\u00f1os peque\u00f1os y ni\u00f1os a lo largo del tiempo.<\/li>\n<\/ul>\n<p data-mce-fragment=\"1\">\ud83e\ude91 <strong data-mce-fragment=\"1\">Sillas complementarias<\/strong>:Completa tu conjunto<\/p>\n<ul data-mce-fragment=\"1\">\n<li data-mce-fragment=\"1\">\n<strong data-mce-fragment=\"1\">Sillas apilables y sillas de contorno para escuelas<\/strong>:Se vende por separado para complementar su mesa de actividades para una soluci\u00f3n de asiento completa.<\/li>\n<\/ul>\n<p data-mce-fragment=\"1\">Cree un entorno de aprendizaje atractivo y din\u00e1mico con nuestras mesas de actividades ajustables de borrado en seco, dise\u00f1adas para inspirar la creatividad y fomentar el crecimiento. \ud83c\udfeb\ud83d\udd8d\ufe0f<\/p>\n<div><\/div>","protected":false},"excerpt":{"rendered":"<p>\ud83c\udfa8 Espacio de trabajo creativo vers\u00e1til: d\u00e9 rienda suelta a la creatividad en cualquier lugar Ideal para diversos entornos: perfecto para aulas, salas de juegos, iglesias, centros recreativos y el hogar<\/p>","protected":false},"featured_media":115069,"comment_status":"open","ping_status":"closed","template":"","meta":[],"product_brand":[],"product_cat":[30971,30866],"product_tag":[],"class_list":{"0":"post-56013","1":"product","2":"type-product","3":"status-publish","4":"has-post-thumbnail","6":"product_cat-hp","7":"product_cat-wholesales-university-high-schools","9":"first","10":"instock","11":"taxable","12":"shipping-taxable","13":"purchasable","14":"product-type-variable"},"_links":{"self":[{"href":"https:\/\/nexgendecors.com\/es\/wp-json\/wp\/v2\/product\/56013","targetHints":{"allow":["GET"]}}],"collection":[{"href":"https:\/\/nexgendecors.com\/es\/wp-json\/wp\/v2\/product"}],"about":[{"href":"https:\/\/nexgendecors.com\/es\/wp-json\/wp\/v2\/types\/product"}],"replies":[{"embeddable":true,"href":"https:\/\/nexgendecors.com\/es\/wp-json\/wp\/v2\/comments?post=56013"}],"version-history":[{"count":0,"href":"https:\/\/nexgendecors.com\/es\/wp-json\/wp\/v2\/product\/56013\/revisions"}],"wp:featuredmedia":[{"embeddable":true,"href":"https:\/\/nexgendecors.com\/es\/wp-json\/wp\/v2\/media\/115069"}],"wp:attachment":[{"href":"https:\/\/nexgendecors.com\/es\/wp-json\/wp\/v2\/media?parent=56013"}],"wp:term":[{"taxonomy":"product_brand","embeddable":true,"href":"https:\/\/nexgendecors.com\/es\/wp-json\/wp\/v2\/product_brand?post=56013"},{"taxonomy":"product_cat","embeddable":true,"href":"https:\/\/nexgendecors.com\/es\/wp-json\/wp\/v2\/product_cat?post=56013"},{"taxonomy":"product_tag","embeddable":true,"href":"https:\/\/nexgendecors.com\/es\/wp-json\/wp\/v2\/product_tag?post=56013"}],"curies":[{"name":"wp","href":"https:\/\/api.w.org\/{rel}","templated":true}]}}