{"id":56157,"date":"2025-01-26T02:44:58","date_gmt":"2025-01-26T02:44:58","guid":{"rendered":"https:\/\/nexgendecors.com\/product\/factory-direct-sales-theater-chair-auditorium-chair-lecture-hall-conference-chair-theater-chair-concert-hall-chair-venue-chair\/"},"modified":"2025-04-06T08:33:38","modified_gmt":"2025-04-06T08:33:38","slug":"venta-directa-de-fabrica-silla-de-teatro-silla-de-auditorio-silla-de-conferencia-silla-de-teatro-silla-de-sala-de-conciertos-silla-para-lugar-de-celebracion","status":"publish","type":"product","link":"https:\/\/nexgendecors.com\/es\/product\/venta-directa-de-fabrica-silla-de-teatro-silla-de-auditorio-silla-de-conferencia-silla-de-teatro-silla-de-sala-de-conciertos-silla-para-lugar-de-celebracion\/","title":{"rendered":"Sillas de auditorio premium para eventos y teatros"},"content":{"rendered":"<ul>\n<li>\n<strong>marca<\/strong>:Kou Benhan<\/li>\n<li>\n<strong>modelo<\/strong>:JW-6566<\/li>\n<li>\n<strong>Material<\/strong>:Tela<\/li>\n<li>\n<strong>ordenar por color<\/strong>Versi\u00f3n econ\u00f3mica [varias opciones] \u2013 pl\u00e1stico, Versi\u00f3n econ\u00f3mica [varias opciones] \u2013 tablero de madera 8026, Versi\u00f3n econ\u00f3mica [varias opciones] \u2013 tablero de madera 909, Versi\u00f3n econ\u00f3mica [varias opciones] \u2013 tablero de madera 8027, Versi\u00f3n Deluxe [varias opciones] \u2013 tablero de madera 965J, Versi\u00f3n Deluxe [varias opciones] \u2013 respaldo de doble secci\u00f3n, Versi\u00f3n Deluxe [varias opciones] \u2013 patas de madera, Aleaci\u00f3n de aluminio [varias opciones] \u2013 9099, Aleaci\u00f3n de aluminio [varias opciones] \u2013 8037, Aleaci\u00f3n de aluminio [varias opciones] \u2013 909, Versi\u00f3n Deluxe [varias opciones] \u2013 Aleaci\u00f3n de aluminio, Compra de muestra \u2013 contactar con atenci\u00f3n al cliente<\/li>\n<li>\n<strong>Servicio en la ciudad<\/strong>:Entrega a domicilio por vendedores locales<\/li>\n<li>\n<strong>Tama\u00f1o del paquete<\/strong>:95*65*54<\/li>\n<li>\n<strong>Peso del paquete<\/strong>:40<\/li>\n<li>\n<strong>\u00bfHay un tablero para escribir?<\/strong>:S\u00ed<\/li>\n<li>\n<strong>\u00bfHay un canal para cables?<\/strong>:S\u00ed<\/li>\n<\/ul>\n<p><img><\/p>","protected":false},"excerpt":{"rendered":"<p>Marca: Kou Benhan Modelo: JW-6566 Material: Tela Ordenar por color: Versi\u00f3n econ\u00f3mica [varias opciones] \u2013 pl\u00e1stico, Versi\u00f3n econ\u00f3mica [varias opciones] \u2013 tablero de madera 8026,<\/p>","protected":false},"featured_media":115289,"comment_status":"open","ping_status":"closed","template":"","meta":[],"product_brand":[],"product_cat":[30863,30971,30866],"product_tag":[],"class_list":{"0":"post-56157","1":"product","2":"type-product","3":"status-publish","4":"has-post-thumbnail","6":"product_cat-wholesales-cinema-theater","7":"product_cat-hp","8":"product_cat-wholesales-university-high-schools","10":"first","11":"instock","12":"taxable","13":"shipping-taxable","14":"purchasable","15":"product-type-variable"},"_links":{"self":[{"href":"https:\/\/nexgendecors.com\/es\/wp-json\/wp\/v2\/product\/56157","targetHints":{"allow":["GET"]}}],"collection":[{"href":"https:\/\/nexgendecors.com\/es\/wp-json\/wp\/v2\/product"}],"about":[{"href":"https:\/\/nexgendecors.com\/es\/wp-json\/wp\/v2\/types\/product"}],"replies":[{"embeddable":true,"href":"https:\/\/nexgendecors.com\/es\/wp-json\/wp\/v2\/comments?post=56157"}],"version-history":[{"count":0,"href":"https:\/\/nexgendecors.com\/es\/wp-json\/wp\/v2\/product\/56157\/revisions"}],"wp:featuredmedia":[{"embeddable":true,"href":"https:\/\/nexgendecors.com\/es\/wp-json\/wp\/v2\/media\/115289"}],"wp:attachment":[{"href":"https:\/\/nexgendecors.com\/es\/wp-json\/wp\/v2\/media?parent=56157"}],"wp:term":[{"taxonomy":"product_brand","embeddable":true,"href":"https:\/\/nexgendecors.com\/es\/wp-json\/wp\/v2\/product_brand?post=56157"},{"taxonomy":"product_cat","embeddable":true,"href":"https:\/\/nexgendecors.com\/es\/wp-json\/wp\/v2\/product_cat?post=56157"},{"taxonomy":"product_tag","embeddable":true,"href":"https:\/\/nexgendecors.com\/es\/wp-json\/wp\/v2\/product_tag?post=56157"}],"curies":[{"name":"wp","href":"https:\/\/api.w.org\/{rel}","templated":true}]}}