{"id":56295,"date":"2025-01-26T02:45:26","date_gmt":"2025-01-26T02:45:26","guid":{"rendered":"https:\/\/nexgendecors.com\/product\/fashion-paint-boss-desk-modern-simple-white-personality-manager-female-president-light-luxury-office-furniture-table-and-chair-combination\/"},"modified":"2025-04-06T08:34:18","modified_gmt":"2025-04-06T08:34:18","slug":"escritorio-de-jefe-con-pintura-de-moda-moderno-sencillo-blanco-con-personalidad-para-gerente-presidenta-muebles-de-oficina-ligeros-de-lujo-combinacion-de-mesa-y-silla","status":"publish","type":"product","link":"https:\/\/nexgendecors.com\/es\/product\/escritorio-de-jefe-con-pintura-de-moda-moderno-sencillo-blanco-con-personalidad-para-gerente-presidenta-muebles-de-oficina-ligeros-de-lujo-combinacion-de-mesa-y-silla\/","title":{"rendered":"Conjunto de escritorio y silla Boss blanco moderno para oficinas de lujo"},"content":{"rendered":"<ul>\n<li>\n<strong>marca<\/strong>:Muebles Tingyu<\/li>\n<li>\n<strong>modelo<\/strong>:A001<\/li>\n<li>\n<strong>Material<\/strong>:Madera<\/li>\n<li>\n<strong>estilo<\/strong>:Simple y moderno<\/li>\n<li>\n<strong>Origen<\/strong>:China continental<\/li>\n<li>\n<strong>ordenar por color<\/strong>:1,4 x 0,6 m (armario izquierdo), 1,4 x 0,6 m (armario derecho), 1,6 x 0,7 m (armario izquierdo), 1,6 x 0,7 m (armario derecho), 1,8 x 0,8 m (armario izquierdo), 1,8 x 0,8 m (armario derecho), 2,0 x 0,8 m (armario izquierdo), 2,0 x 0,8 m (armario derecho), 2,2 x 0,8 m (armario izquierdo), 2,2 x 0,8 m (armario derecho), 2,4 x 0,8 m (armario izquierdo), 2,4 x 0,8 m (armario derecho), sill\u00f3n de lujo a juego, sill\u00f3n de lujo a juego, archivador de 6 puertas de 2,4 x 0,4 x 2,0 m, archivador de 8 puertas de 3,2 x 0,4 x 2,0 m, combinaci\u00f3n de sof\u00e1 y mesa de centro 1+1+3+, personalizaci\u00f3n de tama\u00f1o, personalizaci\u00f3n de color, dep\u00f3sito personalizado<\/li>\n<li>\n<strong>Material del panel<\/strong>:Otro<\/li>\n<li>\n<strong>Normas ambientales<\/strong>:E1<\/li>\n<li>\n<strong>\u00bfEs personalizable?<\/strong>:S\u00ed<\/li>\n<li>\n<strong>\u00bfHay una mesa auxiliar?<\/strong>:S\u00ed<\/li>\n<li>\n<strong>Armar<\/strong>:S\u00ed<\/li>\n<li>\n<strong>\u00bfHay taxi disponible para transporte?<\/strong>:S\u00ed<\/li>\n<li>\n<strong>ancho<\/strong>:800 mm<\/li>\n<li>\n<strong>longitud<\/strong>:2000 mm<\/li>\n<\/ul>\n<p><img><\/p>","protected":false},"excerpt":{"rendered":"<p>Marca: Muebles Tingyu Modelo: A001 Material: Madera Estilo: Simple y moderno Origen: China continental Ordenar por color: 1,4 * 0,6 m (gabinete izquierdo), 1,4 * 0,6 m (gabinete derecho), 1,6 * 0,7 m (gabinete izquierdo),<\/p>","protected":false},"featured_media":115487,"comment_status":"open","ping_status":"closed","template":"","meta":[],"product_brand":[],"product_cat":[30971,30859],"product_tag":[],"class_list":{"0":"post-56295","1":"product","2":"type-product","3":"status-publish","4":"has-post-thumbnail","6":"product_cat-hp","7":"product_cat-wholesale-office","9":"first","10":"instock","11":"sale","12":"taxable","13":"shipping-taxable","14":"purchasable","15":"product-type-variable"},"_links":{"self":[{"href":"https:\/\/nexgendecors.com\/es\/wp-json\/wp\/v2\/product\/56295","targetHints":{"allow":["GET"]}}],"collection":[{"href":"https:\/\/nexgendecors.com\/es\/wp-json\/wp\/v2\/product"}],"about":[{"href":"https:\/\/nexgendecors.com\/es\/wp-json\/wp\/v2\/types\/product"}],"replies":[{"embeddable":true,"href":"https:\/\/nexgendecors.com\/es\/wp-json\/wp\/v2\/comments?post=56295"}],"version-history":[{"count":0,"href":"https:\/\/nexgendecors.com\/es\/wp-json\/wp\/v2\/product\/56295\/revisions"}],"wp:featuredmedia":[{"embeddable":true,"href":"https:\/\/nexgendecors.com\/es\/wp-json\/wp\/v2\/media\/115487"}],"wp:attachment":[{"href":"https:\/\/nexgendecors.com\/es\/wp-json\/wp\/v2\/media?parent=56295"}],"wp:term":[{"taxonomy":"product_brand","embeddable":true,"href":"https:\/\/nexgendecors.com\/es\/wp-json\/wp\/v2\/product_brand?post=56295"},{"taxonomy":"product_cat","embeddable":true,"href":"https:\/\/nexgendecors.com\/es\/wp-json\/wp\/v2\/product_cat?post=56295"},{"taxonomy":"product_tag","embeddable":true,"href":"https:\/\/nexgendecors.com\/es\/wp-json\/wp\/v2\/product_tag?post=56295"}],"curies":[{"name":"wp","href":"https:\/\/api.w.org\/{rel}","templated":true}]}}