{"id":56329,"date":"2025-01-26T02:45:30","date_gmt":"2025-01-26T02:45:30","guid":{"rendered":"https:\/\/nexgendecors.com\/product\/fdp-dry-erase-trapezoid-activity-school-and-classroom-kids-table-30-x-60-inch-chunky-toddler-legs-for-collaborative-spaces-adjustable-height-15-24-inches-whiteboard-top-red-edge-and-legs17120650106"},"modified":"2025-04-06T08:34:22","modified_gmt":"2025-04-06T08:34:22","slug":"mesa-de-actividades-trapezoidal-de-borrado-en-seco-fdp-para-ninos-en-escuelas-y-aulas-de-30-x-60-pulgadas-con-patas-gruesas-para-ninos-pequenos-para-espacios-colaborativos-altura-ajustable-tabler","status":"publish","type":"product","link":"https:\/\/nexgendecors.com\/es\/product\/mesa-de-actividades-trapezoidal-de-borrado-en-seco-fdp-para-ninos-en-escuelas-y-aulas-de-30-x-60-pulgadas-con-patas-gruesas-para-ninos-pequenos-para-espacios-colaborativos-altura-ajustable-tabler\/","title":{"rendered":"FDP Mesa Trapezoidal de Borrado en Seco - Escritorio Infantil Ajustable"},"content":{"rendered":"<p data-mce-fragment=\"1\">Nuestras mesas de actividades ajustables con forma de T y patas gruesas ofrecen un espacio de trabajo duradero y vers\u00e1til, ideal para diversos entornos, incluidos aulas, salas de juegos, iglesias, centros recreativos y hogares.<\/p>\n<p data-mce-fragment=\"1\">\ud83c\udfeb <strong data-mce-fragment=\"1\">Uso vers\u00e1til<\/strong>:Perfecto para que los ni\u00f1os trabajen y jueguen, se adapta a diversos entornos y actividades.<\/p>\n<p data-mce-fragment=\"1\">\ud83e\uddfc <strong data-mce-fragment=\"1\">F\u00e1cil de limpiar<\/strong>:La superficie de la mesa laminada se puede desinfectar f\u00e1cilmente entre actividades, lo que garantiza un entorno limpio e higi\u00e9nico.<\/p>\n<p data-mce-fragment=\"1\">\ud83d\udcaa <strong data-mce-fragment=\"1\">Construcci\u00f3n duradera<\/strong>Con una banda de borde moldeada en T, nuestras mesas est\u00e1n dise\u00f1adas para soportar el desgaste diario, lo que garantiza un uso duradero.<\/p>\n<p data-mce-fragment=\"1\">\ud83d\udccf <strong data-mce-fragment=\"1\">Patas ajustables<\/strong>Las patas de la mesa se pueden ajustar en incrementos de 1 pulgada, adapt\u00e1ndose a ni\u00f1os y beb\u00e9s en crecimiento para una mayor usabilidad.<\/p>\n<p data-mce-fragment=\"1\">\ud83e\ude91 <strong data-mce-fragment=\"1\">Opciones de silla<\/strong>:Comb\u00ednelo con nuestras sillas apilables escolares o sillas Contour (se venden por separado) para obtener una soluci\u00f3n de asientos completa.<\/p>\n<p data-mce-fragment=\"1\">\ud83d\udce6 <strong data-mce-fragment=\"1\">Nota<\/strong>El art\u00edculo se env\u00eda en varias cajas y los tiempos de entrega var\u00edan para cada caja.<\/p>\n<p data-mce-fragment=\"1\">Mejore su espacio con nuestras mesas de actividades ajustables con forma de T, que brindan un espacio de trabajo resistente y adaptable para las actividades y experiencias de aprendizaje de los ni\u00f1os.<\/p>\n<div><\/div>","protected":false},"excerpt":{"rendered":"<p>Nuestras mesas de actividades ajustables con forma de T y patas gruesas ofrecen un espacio de trabajo duradero y vers\u00e1til ideal para diversos entornos, incluidas las aulas,<\/p>","protected":false},"featured_media":115505,"comment_status":"open","ping_status":"closed","template":"","meta":[],"product_brand":[],"product_cat":[30900,30971,30866],"product_tag":[],"class_list":{"0":"post-56329","1":"product","2":"type-product","3":"status-publish","4":"has-post-thumbnail","6":"product_cat-bs-school","7":"product_cat-hp","8":"product_cat-wholesales-university-high-schools","10":"first","11":"instock","12":"taxable","13":"shipping-taxable","14":"purchasable","15":"product-type-variable"},"_links":{"self":[{"href":"https:\/\/nexgendecors.com\/es\/wp-json\/wp\/v2\/product\/56329","targetHints":{"allow":["GET"]}}],"collection":[{"href":"https:\/\/nexgendecors.com\/es\/wp-json\/wp\/v2\/product"}],"about":[{"href":"https:\/\/nexgendecors.com\/es\/wp-json\/wp\/v2\/types\/product"}],"replies":[{"embeddable":true,"href":"https:\/\/nexgendecors.com\/es\/wp-json\/wp\/v2\/comments?post=56329"}],"version-history":[{"count":0,"href":"https:\/\/nexgendecors.com\/es\/wp-json\/wp\/v2\/product\/56329\/revisions"}],"wp:featuredmedia":[{"embeddable":true,"href":"https:\/\/nexgendecors.com\/es\/wp-json\/wp\/v2\/media\/115505"}],"wp:attachment":[{"href":"https:\/\/nexgendecors.com\/es\/wp-json\/wp\/v2\/media?parent=56329"}],"wp:term":[{"taxonomy":"product_brand","embeddable":true,"href":"https:\/\/nexgendecors.com\/es\/wp-json\/wp\/v2\/product_brand?post=56329"},{"taxonomy":"product_cat","embeddable":true,"href":"https:\/\/nexgendecors.com\/es\/wp-json\/wp\/v2\/product_cat?post=56329"},{"taxonomy":"product_tag","embeddable":true,"href":"https:\/\/nexgendecors.com\/es\/wp-json\/wp\/v2\/product_tag?post=56329"}],"curies":[{"name":"wp","href":"https:\/\/api.w.org\/{rel}","templated":true}]}}