{"id":56351,"date":"2025-01-26T02:45:32","date_gmt":"2025-01-26T02:45:32","guid":{"rendered":"https:\/\/nexgendecors.com\/product\/feeding-chair-with-adjustable-backrest-meal-tray-high-chair-with-4-wheels-foldable-high-chair-with-double-detachable-trays1711880204512\/"},"modified":"2025-04-06T08:34:26","modified_gmt":"2025-04-06T08:34:26","slug":"feeding-chair-with-adjustable-backrest-meal-tray-high-chair-with-4-wheels-foldable-high-chair-with-double-detachable-trays1711880204512","status":"publish","type":"product","link":"https:\/\/nexgendecors.com\/es\/product\/feeding-chair-with-adjustable-backrest-meal-tray-high-chair-with-4-wheels-foldable-high-chair-with-double-detachable-trays1711880204512\/","title":{"rendered":"Silla de alimentaci\u00f3n ajustable con bandejas y ruedas desmontables"},"content":{"rendered":"<p data-mce-fragment=\"1\">\ud83d\udc76\ud83e\ude91 <strong data-mce-fragment=\"1\">Silla alta para ni\u00f1os moderna y vers\u00e1til<\/strong>Se transforma en una trona y mecedora para ni\u00f1os de entre 5 meses y 6 a\u00f1os.<\/p>\n<p data-mce-fragment=\"1\">\ud83d\udecb\ufe0f <strong data-mce-fragment=\"1\">C\u00f3modo y con soporte<\/strong>:Cuenta con un coj\u00edn tapizado extra\u00edble para un asiento c\u00f3modo, una bandeja ajustable de 3 posiciones para diferentes etapas de crecimiento y una pr\u00e1ctica canasta de almacenamiento.<\/p>\n<p data-mce-fragment=\"1\">\ud83c\udf7d\ufe0f <strong data-mce-fragment=\"1\">Experiencia gastron\u00f3mica familiar<\/strong>Permite que los beb\u00e9s se unan a las comidas familiares, fomentando sus habilidades sociales y su independencia. Olv\u00eddate de los paseos constantes con esta pr\u00e1ctica soluci\u00f3n.<\/p>\n<p data-mce-fragment=\"1\">\ud83d\udc4d <strong data-mce-fragment=\"1\">Seguro y protegido<\/strong>Equipado con un cintur\u00f3n de seguridad de 5 puntos para mayor estabilidad, garantiza que los beb\u00e9s disfruten de sus comidas con seguridad. La bandeja extra\u00edble de doble capa ofrece mayor versatilidad.<\/p>\n<p data-mce-fragment=\"1\">\ud83e\uddfc <strong data-mce-fragment=\"1\">F\u00e1cil de limpiar<\/strong>El acolchado de espuma suave de baja densidad se puede limpiar, mientras que el mantel individual sin BPA y la bandeja de comida extra\u00edble son aptos para lavavajillas, lo que simplifica la limpieza.<\/p>\n<p data-mce-fragment=\"1\">\ud83d\udc76\ud83e\ude91 <strong data-mce-fragment=\"1\">Silla alta para beb\u00e9<\/strong>Una soluci\u00f3n 5 en 1 adaptable como trona, silla de comedor o mecedora. Apta para ni\u00f1os de 1 a 6 a\u00f1os, con ruedas extra\u00edbles para mayor comodidad.<\/p>\n<p data-mce-fragment=\"1\">\ud83c\udf7d\ufe0f <strong data-mce-fragment=\"1\">Bandeja de alimentaci\u00f3n ajustable<\/strong>Altura ajustable para adaptarse a la mayor\u00eda de las mesas de comedor, con bandeja de doble capa para comer y jugar. Respaldo ajustable en 3 niveles para mayor comodidad.<\/p>\n<p data-mce-fragment=\"1\">\ud83d\udd12 <strong data-mce-fragment=\"1\">Robusto y seguro<\/strong>La estructura triangular y el tubo de acero engrosado garantizan la estabilidad, con una capacidad de carga de hasta 82 kg. Las ruedas con freno evitan el deslizamiento.<\/p>\n<p data-mce-fragment=\"1\">\ud83c\udf31 <strong data-mce-fragment=\"1\">Materiales respetuosos con el medio ambiente<\/strong>:La cubierta de cuero PU suave y la bandeja de pl\u00e1stico PP de calidad alimentaria priorizan la seguridad y el crecimiento del beb\u00e9.<\/p>\n<p data-mce-fragment=\"1\">\ud83e\uddfd <strong data-mce-fragment=\"1\">Proceso de limpieza simple<\/strong>El coj\u00edn de PU f\u00e1cil de limpiar y los componentes aptos para lavavajillas agilizan el mantenimiento para una crianza sin complicaciones.<\/p>","protected":false},"excerpt":{"rendered":"<p>\ud83d\udc76\ud83e\ude91 Trona moderna y vers\u00e1til para ni\u00f1os: se transforma en una trona y mecedora para ni\u00f1os peque\u00f1os, ideal para ni\u00f1os a partir de 5 meses.<\/p>","protected":false},"featured_media":115525,"comment_status":"open","ping_status":"closed","template":"","meta":[],"product_brand":[],"product_cat":[30971,30836,30849],"product_tag":[],"class_list":{"0":"post-56351","1":"product","2":"type-product","3":"status-publish","4":"has-post-thumbnail","6":"product_cat-hp","7":"product_cat-kids-chairs","8":"product_cat-kindergarten-school-furniture","10":"first","11":"instock","12":"taxable","13":"shipping-taxable","14":"purchasable","15":"product-type-variable"},"_links":{"self":[{"href":"https:\/\/nexgendecors.com\/es\/wp-json\/wp\/v2\/product\/56351","targetHints":{"allow":["GET"]}}],"collection":[{"href":"https:\/\/nexgendecors.com\/es\/wp-json\/wp\/v2\/product"}],"about":[{"href":"https:\/\/nexgendecors.com\/es\/wp-json\/wp\/v2\/types\/product"}],"replies":[{"embeddable":true,"href":"https:\/\/nexgendecors.com\/es\/wp-json\/wp\/v2\/comments?post=56351"}],"version-history":[{"count":0,"href":"https:\/\/nexgendecors.com\/es\/wp-json\/wp\/v2\/product\/56351\/revisions"}],"wp:featuredmedia":[{"embeddable":true,"href":"https:\/\/nexgendecors.com\/es\/wp-json\/wp\/v2\/media\/115525"}],"wp:attachment":[{"href":"https:\/\/nexgendecors.com\/es\/wp-json\/wp\/v2\/media?parent=56351"}],"wp:term":[{"taxonomy":"product_brand","embeddable":true,"href":"https:\/\/nexgendecors.com\/es\/wp-json\/wp\/v2\/product_brand?post=56351"},{"taxonomy":"product_cat","embeddable":true,"href":"https:\/\/nexgendecors.com\/es\/wp-json\/wp\/v2\/product_cat?post=56351"},{"taxonomy":"product_tag","embeddable":true,"href":"https:\/\/nexgendecors.com\/es\/wp-json\/wp\/v2\/product_tag?post=56351"}],"curies":[{"name":"wp","href":"https:\/\/api.w.org\/{rel}","templated":true}]}}