{"id":56413,"date":"2025-01-26T02:45:55","date_gmt":"2025-01-26T02:45:55","guid":{"rendered":"https:\/\/nexgendecors.com\/product\/fennavia-art-minimalist-home-round-coffee-table-christine-modern-light-luxury-living-room-wooden-tea-table-solid\/"},"modified":"2025-03-08T14:28:46","modified_gmt":"2025-03-08T14:28:46","slug":"mesa-de-centro-redonda-minimalista-de-fennavia-art-christine-moderna-ligera-de-lujo-para-sala-de-estar-mesa-de-te-de-madera-maciza","status":"publish","type":"product","link":"https:\/\/nexgendecors.com\/es\/product\/mesa-de-centro-redonda-minimalista-de-fennavia-art-christine-moderna-ligera-de-lujo-para-sala-de-estar-mesa-de-te-de-madera-maciza\/","title":{"rendered":"Mesa de centro redonda minimalista moderna Fennavia ART"},"content":{"rendered":"<ul>\n<li>\n<strong>marca<\/strong>:ARTE FINNAVIAN<\/li>\n<li>\n<strong>modelo<\/strong>:Christine<\/li>\n<li>\n<strong>tama\u00f1o<\/strong>:1,2 \u00d7 0,6 \u00d7 0,4 m<\/li>\n<li>\n<strong>estilo<\/strong>:minimalismo italiano<\/li>\n<li>\n<strong>Armar<\/strong>:No<\/li>\n<li>\n<strong>Distritos y condados<\/strong>:Distrito Sur de la Ciudad<\/li>\n<li>\n<strong>ciudad<\/strong>:Ciudad de Dongguan<\/li>\n<li>\n<strong>volumen del paquete<\/strong>:0.1<\/li>\n<li>\n<strong>\u00bfEs personalizable?<\/strong>:No<\/li>\n<li>\n<strong>Material<\/strong>:Tablero multicapa de madera maciza<\/li>\n<li>\n<strong>Posicionamiento de estilo<\/strong>:Estilo art\u00edstico<\/li>\n<li>\n<strong>Entrega\/instalaci\u00f3n disponible<\/strong>:Foshan Zhengzhou Guiyang Guangzhou Fuzhou Harbin Xiamen Chongqing Changzhou Suzhou Xi&#039;an Shenzhen Nanjing Changsha Beijing Qingdao Wuxi Chengdu Shanghai Wuhan Nanning Shenyang Dalian Taizhou Dongguan Tianjin Otros Jinhua Hangzhou Nanchang Ningbo Wenzhou<\/li>\n<li>\n<strong>N\u00famero de puertas<\/strong>:Sin puerta<\/li>\n<li>\n<strong>ordenar por color<\/strong>:mesa de centro<\/li>\n<li>\n<strong><\/strong>:<\/li>\n<\/ul>\n<p><img><\/p>","protected":false},"excerpt":{"rendered":"<p>Marca: FINNNAVIAN ART Modelo: Christine Tama\u00f1o: 1,2 \u00d7 0,6 \u00d7 0,4 m Estilo: minimalismo italiano Ensamblaje: no Distritos y condados: Distrito de la Ciudad Sur Ciudad: ciudad de Dongguan Volumen del paquete: 0,1 \u00bfEs personalizable?: no Material: s\u00f3lido<\/p>","protected":false},"featured_media":115647,"comment_status":"open","ping_status":"closed","template":"","meta":[],"product_brand":[],"product_cat":[30862,30971,30850,30857],"product_tag":[],"class_list":{"0":"post-56413","1":"product","2":"type-product","3":"status-publish","4":"has-post-thumbnail","6":"product_cat-wholesales-hotels","7":"product_cat-hp","8":"product_cat-wholesale-furniture","9":"product_cat-wholesale-sofa-table","11":"first","12":"instock","13":"taxable","14":"shipping-taxable","15":"purchasable","16":"product-type-simple"},"_links":{"self":[{"href":"https:\/\/nexgendecors.com\/es\/wp-json\/wp\/v2\/product\/56413","targetHints":{"allow":["GET"]}}],"collection":[{"href":"https:\/\/nexgendecors.com\/es\/wp-json\/wp\/v2\/product"}],"about":[{"href":"https:\/\/nexgendecors.com\/es\/wp-json\/wp\/v2\/types\/product"}],"replies":[{"embeddable":true,"href":"https:\/\/nexgendecors.com\/es\/wp-json\/wp\/v2\/comments?post=56413"}],"version-history":[{"count":0,"href":"https:\/\/nexgendecors.com\/es\/wp-json\/wp\/v2\/product\/56413\/revisions"}],"wp:featuredmedia":[{"embeddable":true,"href":"https:\/\/nexgendecors.com\/es\/wp-json\/wp\/v2\/media\/115647"}],"wp:attachment":[{"href":"https:\/\/nexgendecors.com\/es\/wp-json\/wp\/v2\/media?parent=56413"}],"wp:term":[{"taxonomy":"product_brand","embeddable":true,"href":"https:\/\/nexgendecors.com\/es\/wp-json\/wp\/v2\/product_brand?post=56413"},{"taxonomy":"product_cat","embeddable":true,"href":"https:\/\/nexgendecors.com\/es\/wp-json\/wp\/v2\/product_cat?post=56413"},{"taxonomy":"product_tag","embeddable":true,"href":"https:\/\/nexgendecors.com\/es\/wp-json\/wp\/v2\/product_tag?post=56413"}],"curies":[{"name":"wp","href":"https:\/\/api.w.org\/{rel}","templated":true}]}}