{"id":56416,"date":"2025-01-26T02:45:59","date_gmt":"2025-01-26T02:45:59","guid":{"rendered":"https:\/\/nexgendecors.com\/product\/fennavia-art-modern-designer-home-glass-coffee-table-custom-italian-creative-personality-tea-table\/"},"modified":"2025-04-06T08:34:56","modified_gmt":"2025-04-06T08:34:56","slug":"fennavia-art-modern-designer-home-glass-coffee-table-custom-italian-creative-personality-tea-table","status":"publish","type":"product","link":"https:\/\/nexgendecors.com\/es\/product\/fennavia-art-modern-designer-home-glass-coffee-table-custom-italian-creative-personality-tea-table\/","title":{"rendered":"Mesa de centro moderna de cristal Fennavia ART \u2013 Dise\u00f1o italiano"},"content":{"rendered":"<ul>\n<li>\n<strong>marca<\/strong>:ARTE FINNAVIAN<\/li>\n<li>\n<strong>modelo<\/strong>:Custom<\/li>\n<li>\n<strong>tama\u00f1o<\/strong>:1.2&#215;0.64&#215;0.38m<\/li>\n<li>\n<strong>estilo<\/strong>:Moderno y sencillo<\/li>\n<li>\n<strong>Armar<\/strong>:No<\/li>\n<li>\n<strong>Distritos y condados<\/strong>:Distrito Sur de la Ciudad<\/li>\n<li>\n<strong>ciudad<\/strong>:Ciudad de Dongguan<\/li>\n<li>\n<strong>Material de acabado<\/strong>:Vaso<\/li>\n<li>\n<strong>volumen del paquete<\/strong>:1<\/li>\n<li>\n<strong>\u00bfEs personalizable?<\/strong>:No<\/li>\n<li>\n<strong>forma<\/strong>:irregular shape<\/li>\n<li>\n<strong>Material<\/strong>:Vaso<\/li>\n<li>\n<strong>Posicionamiento de estilo<\/strong>:Estilo art\u00edstico<\/li>\n<li>\n<strong>Entrega\/instalaci\u00f3n disponible<\/strong>:Foshan Zhengzhou Guiyang Guangzhou Fuzhou Harbin Xiamen Chongqing Changzhou Suzhou Xi&#039;an Shenzhen Nanjing Changsha Beijing Qingdao Wuxi Chengdu Shanghai Wuhan Nanning Shenyang Dalian Taizhou Dongguan Tianjin Otros Jinhua Hangzhou Nanchang Ningbo Wenzhou<\/li>\n<li>\n<strong>N\u00famero de puertas<\/strong>:Sin puerta<\/li>\n<li>\n<strong>ordenar por color<\/strong>:mesa de centro<\/li>\n<li>\n<strong><\/strong>:<\/li>\n<\/ul>\n<p><img><\/p>","protected":false},"excerpt":{"rendered":"<p>Marca: FINNNAVIAN ART Modelo: Personalizado Tama\u00f1o: 1,2 \u00d7 0,64 \u00d7 0,38 m Estilo: Moderno y sencillo Ensamblaje: no Distritos y condados: Distrito de la ciudad sur Ciudad: Ciudad de Dongguan Material de acabado: Vidrio Volumen del paquete: 1 Is<\/p>","protected":false},"featured_media":115653,"comment_status":"open","ping_status":"closed","template":"","meta":[],"product_brand":[],"product_cat":[30862,30971,30850,30857],"product_tag":[],"class_list":{"0":"post-56416","1":"product","2":"type-product","3":"status-publish","4":"has-post-thumbnail","6":"product_cat-wholesales-hotels","7":"product_cat-hp","8":"product_cat-wholesale-furniture","9":"product_cat-wholesale-sofa-table","11":"first","12":"instock","13":"taxable","14":"shipping-taxable","15":"purchasable","16":"product-type-simple"},"_links":{"self":[{"href":"https:\/\/nexgendecors.com\/es\/wp-json\/wp\/v2\/product\/56416","targetHints":{"allow":["GET"]}}],"collection":[{"href":"https:\/\/nexgendecors.com\/es\/wp-json\/wp\/v2\/product"}],"about":[{"href":"https:\/\/nexgendecors.com\/es\/wp-json\/wp\/v2\/types\/product"}],"replies":[{"embeddable":true,"href":"https:\/\/nexgendecors.com\/es\/wp-json\/wp\/v2\/comments?post=56416"}],"version-history":[{"count":0,"href":"https:\/\/nexgendecors.com\/es\/wp-json\/wp\/v2\/product\/56416\/revisions"}],"wp:featuredmedia":[{"embeddable":true,"href":"https:\/\/nexgendecors.com\/es\/wp-json\/wp\/v2\/media\/115653"}],"wp:attachment":[{"href":"https:\/\/nexgendecors.com\/es\/wp-json\/wp\/v2\/media?parent=56416"}],"wp:term":[{"taxonomy":"product_brand","embeddable":true,"href":"https:\/\/nexgendecors.com\/es\/wp-json\/wp\/v2\/product_brand?post=56416"},{"taxonomy":"product_cat","embeddable":true,"href":"https:\/\/nexgendecors.com\/es\/wp-json\/wp\/v2\/product_cat?post=56416"},{"taxonomy":"product_tag","embeddable":true,"href":"https:\/\/nexgendecors.com\/es\/wp-json\/wp\/v2\/product_tag?post=56416"}],"curies":[{"name":"wp","href":"https:\/\/api.w.org\/{rel}","templated":true}]}}