{"id":56532,"date":"2025-01-26T02:46:24","date_gmt":"2025-01-26T02:46:24","guid":{"rendered":"https:\/\/nexgendecors.com\/product\/financial-desk-staff-desk-and-chair-combination-double-sitting-office-supervisor-desk-with-high-cabinet-accounting-desk\/"},"modified":"2025-04-06T08:35:28","modified_gmt":"2025-04-06T08:35:28","slug":"financial-desk-staff-desk-and-chair-combination-double-sitting-office-supervisor-desk-with-high-cabinet-accounting-desk","status":"publish","type":"product","link":"https:\/\/nexgendecors.com\/es\/product\/financial-desk-staff-desk-and-chair-combination-double-sitting-office-supervisor-desk-with-high-cabinet-accounting-desk\/","title":{"rendered":"Escritorio de supervisor con dos asientos y gabinete alto"},"content":{"rendered":"<ul>\n<li>\n<strong>marca<\/strong>:Canci\u00f3n de la temporada de poes\u00eda<\/li>\n<li>\n<strong>modelo<\/strong>:BGZ-010<\/li>\n<li>\n<strong>estilo<\/strong>:Simple y moderno<\/li>\n<li>\n<strong>Armar<\/strong>:S\u00ed<\/li>\n<li>\n<strong>\u00bfEst\u00e1 disponible la preventa?<\/strong>:S\u00ed<\/li>\n<li>\n<strong>Caracter\u00edsticas adicionales<\/strong>:puede moverse<\/li>\n<li>\n<strong>Tipos de tableros artificiales<\/strong>:Tablero de part\u00edculas\/tablero de melamina<\/li>\n<li>\n<strong>\u00bfEs personalizable?<\/strong>:S\u00ed<\/li>\n<li>\n<strong>longitud<\/strong>:150 cm<\/li>\n<li>\n<strong>Material<\/strong>:Paneles a base de madera<\/li>\n<li>\n<strong>Detalles de las instrucciones de instalaci\u00f3n<\/strong>:Video con instrucciones de instalaci\u00f3n proporcionado<\/li>\n<li>\n<strong>\u00bfHay taxi disponible para transporte?<\/strong>:No<\/li>\n<li>\n<strong>Si tener una pantalla<\/strong>:S\u00ed<\/li>\n<li>\n<strong>ordenar por color<\/strong>:[1.5 meters] single seat [free delivery] [1.5 meters] single seat + movable cabinet [free delivery] [1.5 meters] single seat + chair [free delivery] [1.5 meters] single seat + movable cabinet + chair [free delivery] [1.5 meters] T-shaped two-person seat [free delivery] [1.5 meters] T-shaped two-person seat + movable cabinet [free delivery] [1.5 meters] T-shaped two-person seat + chair [free delivery] [1.5 meters] T-shaped two-person seat + movable cabinet + chair [free delivery] [1.5 meters] F-shaped two-person seat [free delivery] [1.5 meters] F-type two-person seat + movable cabinet [free delivery] [1.5 meters] F-type two-person seat + chair [free delivery] [1.5 meters] F-type two-person seat + movable cabinet + chair [free delivery] [1.5 meters] F-type three-person seat [free delivery] [1.5m] F-type three-person seat + movable cabinet [free delivery] [1.5m] F-type three-person seat + chair [free delivery] [1.5m] F-type three-person seat + movable cabinet + chair [free delivery] [1.7m] single seat [free delivery] [1.7m] single seat + mobile cabinet [free delivery] [1.7m] single seat + chair [free delivery] [1.7m] single seat + mobile cabinet + chair [free delivery]<\/li>\n<li>\n<strong><\/strong>:<\/li>\n<\/ul>","protected":false},"excerpt":{"rendered":"<p>Marca: Poetry Season Song Modelo: BGZ-010 Estilo: Simple y moderno Ensamblaje: S\u00ed \u00bfHay preventa disponible?: S\u00ed Caracter\u00edsticas adicionales: se puede mover Tipos de tableros artificiales: Tablero de part\u00edculas \/ Tablero de melamina<\/p>","protected":false},"featured_media":115794,"comment_status":"open","ping_status":"closed","template":"","meta":[],"product_brand":[],"product_cat":[30971,30859],"product_tag":[],"class_list":{"0":"post-56532","1":"product","2":"type-product","3":"status-publish","4":"has-post-thumbnail","6":"product_cat-hp","7":"product_cat-wholesale-office","9":"first","10":"instock","11":"sale","12":"taxable","13":"shipping-taxable","14":"purchasable","15":"product-type-variable"},"_links":{"self":[{"href":"https:\/\/nexgendecors.com\/es\/wp-json\/wp\/v2\/product\/56532","targetHints":{"allow":["GET"]}}],"collection":[{"href":"https:\/\/nexgendecors.com\/es\/wp-json\/wp\/v2\/product"}],"about":[{"href":"https:\/\/nexgendecors.com\/es\/wp-json\/wp\/v2\/types\/product"}],"replies":[{"embeddable":true,"href":"https:\/\/nexgendecors.com\/es\/wp-json\/wp\/v2\/comments?post=56532"}],"version-history":[{"count":0,"href":"https:\/\/nexgendecors.com\/es\/wp-json\/wp\/v2\/product\/56532\/revisions"}],"wp:featuredmedia":[{"embeddable":true,"href":"https:\/\/nexgendecors.com\/es\/wp-json\/wp\/v2\/media\/115794"}],"wp:attachment":[{"href":"https:\/\/nexgendecors.com\/es\/wp-json\/wp\/v2\/media?parent=56532"}],"wp:term":[{"taxonomy":"product_brand","embeddable":true,"href":"https:\/\/nexgendecors.com\/es\/wp-json\/wp\/v2\/product_brand?post=56532"},{"taxonomy":"product_cat","embeddable":true,"href":"https:\/\/nexgendecors.com\/es\/wp-json\/wp\/v2\/product_cat?post=56532"},{"taxonomy":"product_tag","embeddable":true,"href":"https:\/\/nexgendecors.com\/es\/wp-json\/wp\/v2\/product_tag?post=56532"}],"curies":[{"name":"wp","href":"https:\/\/api.w.org\/{rel}","templated":true}]}}