{"id":56748,"date":"2025-01-26T02:46:58","date_gmt":"2025-01-26T02:46:58","guid":{"rendered":"https:\/\/nexgendecors.com\/product\/folding-lazy-sofa-bed-tatami-dual-purpose-human-dog-house-living-room-small-apartment-functional-sofa-2024-new\/"},"modified":"2025-04-06T08:35:56","modified_gmt":"2025-04-06T08:35:56","slug":"folding-lazy-sofa-bed-tatami-dual-purpose-human-dog-house-living-room-small-apartment-functional-sofa-2024-new","status":"publish","type":"product","link":"https:\/\/nexgendecors.com\/es\/product\/folding-lazy-sofa-bed-tatami-dual-purpose-human-dog-house-living-room-small-apartment-functional-sofa-2024-new\/","title":{"rendered":"Sof\u00e1 cama tatami de doble prop\u00f3sito para espacios peque\u00f1os"},"content":{"rendered":"<ul>\n<li>\n<strong>marca<\/strong>:Kashiti<\/li>\n<li>\n<strong>modelo<\/strong>:Y2202Y.<\/li>\n<li>\n<strong>estilo<\/strong>:Simple y moderno<\/li>\n<li>\n<strong>Armar<\/strong>:No<\/li>\n<li>\n<strong>Distritos y condados<\/strong>:Nanhai District<\/li>\n<li>\n<strong>Adecuado<\/strong>:Adultos<\/li>\n<li>\n<strong>\u00bfEst\u00e1 disponible la preventa?<\/strong>:No<\/li>\n<li>\n<strong>\u00bfEs reemplazable?<\/strong>:No<\/li>\n<li>\n<strong>Caracter\u00edsticas adicionales<\/strong>:Plegable<\/li>\n<li>\n<strong>Packing length<\/strong>:1.8m-2m<\/li>\n<li>\n<strong>volumen del paquete<\/strong>:1<\/li>\n<li>\n<strong>Relleno<\/strong>:Esponja de espuma de alta elasticidad<\/li>\n<li>\n<strong>\u00bfEs personalizable?<\/strong>:No<\/li>\n<li>\n<strong>Material<\/strong>:Cuero<\/li>\n<li>\n<strong>Estructura del mobiliario<\/strong>:Estructura<\/li>\n<li>\n<strong>patr\u00f3n<\/strong>:Otro<\/li>\n<li>\n<strong>\u00bfHay taxi disponible para transporte?<\/strong>:S\u00ed<\/li>\n<li>\n<strong>Sofa frame<\/strong>:emulsi\u00f3n<\/li>\n<li>\n<strong>Posicionamiento de estilo<\/strong>:Estilo art\u00edstico<\/li>\n<li>\n<strong>ordenar por color<\/strong>:Get 1 fabric cleaner\/1 leather cleaning cream for free when you purchase, worry-free cleaning, hurry up! .[Off-white &#8211; Eighth Generation Cat Scratching Leather] 1.22m single seat (sponge seat bag) .[Calm black &#8211; Eighth Generation Cat Scratching Leather] 1.22m single seat (sponge seat bag) .[Off-white &#8211; Five-Protection Technology Flannel] 1.22m single seat (sponge seat bag) .[Caramel Brown &#8211; Five-Protection Technology Flannel] 1.22m single seat (sponge seat bag) .[Calm black &#8211; Eighth Generation Cat Scratching Leather] 1.72m double seat (sponge seat bag) .[Off-white &#8211; Eighth Generation Cat Scratching Leather] 1.72m double seat (sponge seat bag) .[Off-white &#8211; Five-Protection Technology Flannel] 1.72m double seat (sponge seat bag) .[Caramel Brown &#8211; Five-Protection Technology Flannel] 1.72m double seat (sponge seat bag) .[Calm black &#8211; Eighth Generation Cat Scratching Leather] 2.22m three-person seat (sponge seat bag) .[Off-white &#8211; Eighth Generation Cat Scratching Leather] 2.22m three-seater (sponge seat bag) .[Off-white &#8211; Five-defense technology flannel] 2.22m three-seater (sponge seat bag) .[Caramel brown &#8211; Five-defense technology flannel] 2.22m three-seater (sponge seat bag) .[Off-white &#8211; Eighth Generation Cat Scratching Leather] 1.22m single seat (latex seat bag) .[Calm black &#8211; Eighth Generation Cat Scratching Leather] 1.22m single seat (latex seat bag) .[Off-white &#8211; Five-defense technology flannel] 1.22m single seat (latex seat bag) .[Caramel brown &#8211; Five-defense technology flannel] 1.22m single seat (latex seat bag) .[Calm black &#8211; Eighth Generation Cat Scratching Leather] 1.72m double seat (latex seat bag) .[Off-white &#8211; Eighth Generation Cat Scratching Leather] 1.72m double seat (latex seat bag) .[Off-white &#8211; five-defense technology flannel] 1.72 meters double seat (latex seat bag) .[Caramel brown &#8211; five-defense technology flannel] 1.72 meters double seat (latex seat bag) .[Calm black &#8211; eighth generation cat scratching leather] 2.22 meters three-person seat (latex seat bag) .[Off-white &#8211; eighth generation cat scratching leather] 2.22 meters three-person seat (latex seat bag) .[Off-white &#8211; five-defense technology flannel] 2.22 meters three-person seat (latex seat bag) .[Caramel brown &#8211; five-defense technology flannel] 2.22 meters three-person seat (latex seat bag)<\/li>\n<\/ul>\n<p><img><\/p>","protected":false},"excerpt":{"rendered":"<p>brand:Kashiti model:Y2202Y. style:Simple and modern Assemble:no Districts and counties:Nanhai District Suitable:Adults Is pre-sale available?:no Is it replaceable?:no Additional features:Foldable Packing<\/p>","protected":false},"featured_media":116161,"comment_status":"open","ping_status":"closed","template":"","meta":[],"product_brand":[],"product_cat":[30858,30971,30850],"product_tag":[],"class_list":{"0":"post-56748","1":"product","2":"type-product","3":"status-publish","4":"has-post-thumbnail","6":"product_cat-wholesale-bedroom","7":"product_cat-hp","8":"product_cat-wholesale-furniture","10":"first","11":"instock","12":"taxable","13":"shipping-taxable","14":"purchasable","15":"product-type-variable"},"_links":{"self":[{"href":"https:\/\/nexgendecors.com\/es\/wp-json\/wp\/v2\/product\/56748","targetHints":{"allow":["GET"]}}],"collection":[{"href":"https:\/\/nexgendecors.com\/es\/wp-json\/wp\/v2\/product"}],"about":[{"href":"https:\/\/nexgendecors.com\/es\/wp-json\/wp\/v2\/types\/product"}],"replies":[{"embeddable":true,"href":"https:\/\/nexgendecors.com\/es\/wp-json\/wp\/v2\/comments?post=56748"}],"version-history":[{"count":0,"href":"https:\/\/nexgendecors.com\/es\/wp-json\/wp\/v2\/product\/56748\/revisions"}],"wp:featuredmedia":[{"embeddable":true,"href":"https:\/\/nexgendecors.com\/es\/wp-json\/wp\/v2\/media\/116161"}],"wp:attachment":[{"href":"https:\/\/nexgendecors.com\/es\/wp-json\/wp\/v2\/media?parent=56748"}],"wp:term":[{"taxonomy":"product_brand","embeddable":true,"href":"https:\/\/nexgendecors.com\/es\/wp-json\/wp\/v2\/product_brand?post=56748"},{"taxonomy":"product_cat","embeddable":true,"href":"https:\/\/nexgendecors.com\/es\/wp-json\/wp\/v2\/product_cat?post=56748"},{"taxonomy":"product_tag","embeddable":true,"href":"https:\/\/nexgendecors.com\/es\/wp-json\/wp\/v2\/product_tag?post=56748"}],"curies":[{"name":"wp","href":"https:\/\/api.w.org\/{rel}","templated":true}]}}