{"id":56776,"date":"2025-01-26T02:47:00","date_gmt":"2025-01-26T02:47:00","guid":{"rendered":"https:\/\/nexgendecors.com\/product\/foshan-boss-desk-office-desk-and-chair-combination-manager-desk-president-desk-simple-modern-office-furniture-large-desk-solid-wood\/"},"modified":"2025-04-06T08:36:00","modified_gmt":"2025-04-06T08:36:00","slug":"escritorio-de-jefe-foshan-escritorio-de-oficina-y-silla-combinados-escritorio-de-gerente-escritorio-de-presidente-muebles-de-oficina-modernos-y-sencillos-escritorio-grande-de-madera-maciza","status":"publish","type":"product","link":"https:\/\/nexgendecors.com\/es\/product\/escritorio-de-jefe-foshan-escritorio-de-oficina-y-silla-combinados-escritorio-de-gerente-escritorio-de-presidente-muebles-de-oficina-modernos-y-sencillos-escritorio-grande-de-madera-maciza\/","title":{"rendered":"Conjunto de escritorio y silla de gerente de madera maciza moderna de Foshan"},"content":{"rendered":"<ul>\n<li>\n<strong>marca<\/strong>:Yashang<\/li>\n<li>\n<strong>modelo<\/strong>:Yashang<\/li>\n<li>\n<strong>estilo<\/strong>:Simple y moderno<\/li>\n<li>\n<strong>Peso del paquete<\/strong>:200 kilos<\/li>\n<li>\n<strong>Armar<\/strong>:No<\/li>\n<li>\n<strong>ancho<\/strong>:900 mm<\/li>\n<li>\n<strong>\u00bfHay una mesa auxiliar?<\/strong>:S\u00ed<\/li>\n<li>\n<strong>provincia<\/strong>:Provincia de Guangdong<\/li>\n<li>\n<strong>Servicio en la ciudad<\/strong>:Entrega a domicilio por vendedores locales<\/li>\n<li>\n<strong>\u00bfEs personalizable?<\/strong>:No<\/li>\n<li>\n<strong>longitud<\/strong>:2000 mm<\/li>\n<li>\n<strong>Origen<\/strong>:China continental<\/li>\n<li>\n<strong>Material del panel<\/strong>:Paneles a base de madera<\/li>\n<li>\n<strong>Material<\/strong>Tablero de melamina<\/li>\n<li>\n<strong>Detalles de las instrucciones de instalaci\u00f3n<\/strong>:Video con instrucciones de instalaci\u00f3n proporcionado<\/li>\n<li>\n<strong>\u00bfHay taxi disponible para transporte?<\/strong>:No<\/li>\n<li>\n<strong>Normas ambientales<\/strong>:E1<\/li>\n<li>\n<strong>ordenar por color<\/strong>Escritorio Boss de 1,8 m con engrosamiento de gabinete lateral con env\u00edo gratuito, escritorio Boss de 2,0 m con engrosamiento de gabinete lateral con instalaci\u00f3n de env\u00edo gratuito, escritorio Boss de 2,2 m con engrosamiento de gabinete lateral con instalaci\u00f3n de env\u00edo gratuito, escritorio Boss de 2,4 m con engrosamiento de gabinete lateral con instalaci\u00f3n de env\u00edo gratuito, escritorio Boss de 2,6 m con engrosamiento de gabinete lateral con instalaci\u00f3n de env\u00edo gratuito, escritorio Boss de 2,8 m con engrosamiento de gabinete lateral con instalaci\u00f3n de env\u00edo gratuito, escritorio Boss de 3,0 m con engrosamiento de gabinete lateral con instalaci\u00f3n de env\u00edo gratuito, mesa de 1,8 m + gabinete lateral + silla (instalaci\u00f3n de env\u00edo gratuito), mesa de 2,0 m + gabinete lateral + silla (instalaci\u00f3n de env\u00edo gratuito), mesa de 2,2 m + gabinete lateral + silla (instalaci\u00f3n de env\u00edo gratuito), mesa de 2,4 m + gabinete lateral + silla (instalaci\u00f3n de env\u00edo gratuito), mesa de 2,6 m + gabinete lateral + silla (instalaci\u00f3n de env\u00edo gratuito), mesa de 2,8 m + gabinete lateral + silla (instalaci\u00f3n de env\u00edo gratuito), mesa de 3,0 m + gabinete lateral + silla (instalaci\u00f3n de env\u00edo gratuito) ), Mesa de 1,8 m + silla + gabinete lateral + 2 m Librer\u00eda, env\u00edo e instalaci\u00f3n gratis, mesa de 2,0 m + silla + mueble auxiliar + librer\u00eda de 2 m, env\u00edo e instalaci\u00f3n gratis, mesa de 2,0 m + silla + mueble auxiliar + librer\u00eda de 2,4 m, env\u00edo e instalaci\u00f3n gratis, mesa de 2,2 m + silla + mueble auxiliar + librer\u00eda de 2,4 m, env\u00edo e instalaci\u00f3n gratis, mesa de 2,4 m + silla + mueble auxiliar + librer\u00eda de 2,4 m, env\u00edo e instalaci\u00f3n gratis, mesa de 2,4 m + silla + mueble auxiliar + librer\u00eda de 2,8 m, env\u00edo e instalaci\u00f3n gratis, mesa de 2,6 m + silla + mueble auxiliar + librer\u00eda de 2,8 m, env\u00edo e instalaci\u00f3n gratis, mesa de 2,6 m + silla + mueble auxiliar + librer\u00eda de 3,2 m, env\u00edo e instalaci\u00f3n gratis, mesa de 2,8 m + silla + mueble auxiliar + librer\u00eda de 3,2 m, env\u00edo e instalaci\u00f3n gratis, mesa de 3,0 m + silla + mueble auxiliar + librer\u00eda de 3,2 m, env\u00edo e instalaci\u00f3n gratis, sesi\u00f3n fotogr\u00e1fica especial personalizada y servicio al cliente<\/li>\n<li>\n<strong><\/strong>:<\/li>\n<\/ul>\n<p><img><\/p>","protected":false},"excerpt":{"rendered":"<p>brand:Yashang model:Yashang style:Simple and modern Package weight:200kg Assemble:no width:900mm Is there a side table?:yes province:Guangdong Province In-city service:Home delivery by<\/p>","protected":false},"featured_media":116192,"comment_status":"open","ping_status":"closed","template":"","meta":[],"product_brand":[],"product_cat":[30971,30859],"product_tag":[],"class_list":{"0":"post-56776","1":"product","2":"type-product","3":"status-publish","4":"has-post-thumbnail","6":"product_cat-hp","7":"product_cat-wholesale-office","9":"first","10":"instock","11":"sale","12":"taxable","13":"shipping-taxable","14":"purchasable","15":"product-type-variable"},"_links":{"self":[{"href":"https:\/\/nexgendecors.com\/es\/wp-json\/wp\/v2\/product\/56776","targetHints":{"allow":["GET"]}}],"collection":[{"href":"https:\/\/nexgendecors.com\/es\/wp-json\/wp\/v2\/product"}],"about":[{"href":"https:\/\/nexgendecors.com\/es\/wp-json\/wp\/v2\/types\/product"}],"replies":[{"embeddable":true,"href":"https:\/\/nexgendecors.com\/es\/wp-json\/wp\/v2\/comments?post=56776"}],"version-history":[{"count":0,"href":"https:\/\/nexgendecors.com\/es\/wp-json\/wp\/v2\/product\/56776\/revisions"}],"wp:featuredmedia":[{"embeddable":true,"href":"https:\/\/nexgendecors.com\/es\/wp-json\/wp\/v2\/media\/116192"}],"wp:attachment":[{"href":"https:\/\/nexgendecors.com\/es\/wp-json\/wp\/v2\/media?parent=56776"}],"wp:term":[{"taxonomy":"product_brand","embeddable":true,"href":"https:\/\/nexgendecors.com\/es\/wp-json\/wp\/v2\/product_brand?post=56776"},{"taxonomy":"product_cat","embeddable":true,"href":"https:\/\/nexgendecors.com\/es\/wp-json\/wp\/v2\/product_cat?post=56776"},{"taxonomy":"product_tag","embeddable":true,"href":"https:\/\/nexgendecors.com\/es\/wp-json\/wp\/v2\/product_tag?post=56776"}],"curies":[{"name":"wp","href":"https:\/\/api.w.org\/{rel}","templated":true}]}}