{"id":56804,"date":"2025-01-26T02:47:02","date_gmt":"2025-01-26T02:47:02","guid":{"rendered":"https:\/\/nexgendecors.com\/product\/fotosok-buffet-cabinet-rattan-kitchen-cabinet-with-3-doors-and-3-drawers-sideboard-with-storage-and-adjustable-shelves-buffet-table-for-dining-room-living-room-hallway1711876934295\/"},"modified":"2025-04-06T08:36:04","modified_gmt":"2025-04-06T08:36:04","slug":"fotosok-buffet-cabinet-rattan-kitchen-cabinet-with-3-doors-and-3-drawers-sideboard-with-storage-and-adjustable-shelves-buffet-table-for-dining-room-living-room-hallway1711876934295","status":"publish","type":"product","link":"https:\/\/nexgendecors.com\/es\/product\/fotosok-buffet-cabinet-rattan-kitchen-cabinet-with-3-doors-and-3-drawers-sideboard-with-storage-and-adjustable-shelves-buffet-table-for-dining-room-living-room-hallway1711876934295\/","title":{"rendered":"FOTOSOK Mueble buffet de rat\u00e1n con estantes ajustables"},"content":{"rendered":"<p data-mce-fragment=\"1\"><strong data-mce-fragment=\"1\">\ud83c\udf3f Handmade Rattan Buffet Cabinet: Stylish &#038; Functional \ud83c\udf3f<\/strong><\/p>\n<p data-mce-fragment=\"1\">\ud83c\udf8b <strong data-mce-fragment=\"1\">Artisanal Rattan Design<\/strong>:<\/p>\n<ul data-mce-fragment=\"1\">\n<li data-mce-fragment=\"1\">Breathable &#038; Durable Rattan Material \ud83c\udf43<\/li>\n<li data-mce-fragment=\"1\">Combines particleboard with handmade rattan for a unique look.<\/li>\n<li data-mce-fragment=\"1\">Classic white finish &#038; black round handles for an elegant touch.<\/li>\n<\/ul>\n<p data-mce-fragment=\"1\">\ud83d\udce6 <strong data-mce-fragment=\"1\">Spacious Storage Capacity<\/strong>:<\/p>\n<ul data-mce-fragment=\"1\">\n<li data-mce-fragment=\"1\">Dimensions: 15.7&#8243;D x 47.2&#8243;W x 32&#8243;H \ud83d\udccf<\/li>\n<li data-mce-fragment=\"1\">Features a generous top, 3 drawers, and 3 doors.<\/li>\n<li data-mce-fragment=\"1\">Perfect for storing spice jars, wine bottles, cutlery, food, and small appliances.<\/li>\n<\/ul>\n<p data-mce-fragment=\"1\">\ud83d\udd27 <strong data-mce-fragment=\"1\">Flexible &#038; Stable Structure<\/strong>:<\/p>\n<ul data-mce-fragment=\"1\">\n<li data-mce-fragment=\"1\">3 Adjustable Internal Shelves \ud83d\udee0\ufe0f<\/li>\n<li data-mce-fragment=\"1\">Heightened base design for enhanced stability.<\/li>\n<li data-mce-fragment=\"1\">Thickened metal slides for smoother, more stable drawer operation.<\/li>\n<\/ul>\n<p data-mce-fragment=\"1\">\ud83c\udfe0 <strong data-mce-fragment=\"1\">Versatile &#038; Practical<\/strong>:<\/p>\n<ul data-mce-fragment=\"1\">\n<li data-mce-fragment=\"1\">Ideal as a kitchen buffet or coffee table \ud83c\udf7d\ufe0f<\/li>\n<li data-mce-fragment=\"1\">Perfect for kitchens, living rooms, or casual event spaces.<\/li>\n<li data-mce-fragment=\"1\">Elevate your home decor with this stylish and functional piece.<\/li>\n<\/ul>\n<p data-mce-fragment=\"1\">\ud83d\udee0\ufe0f <strong data-mce-fragment=\"1\">Montaje sin esfuerzo<\/strong>:<\/p>\n<ul data-mce-fragment=\"1\">\n<li data-mce-fragment=\"1\">Easy-to-follow instructions &#038; labeled spare parts \ud83d\udd16<\/li>\n<li data-mce-fragment=\"1\">Recommended for 2 people for quicker assembly.<\/li>\n<li data-mce-fragment=\"1\">Make your space beautiful without the hassle!<\/li>\n<\/ul>\n<p data-mce-fragment=\"1\">Transform your living space with our elegant and functional rattan buffet cabinet. <strong data-mce-fragment=\"1\">Add to cart now and organize in style!<\/strong><\/p>\n<div><\/div>","protected":false},"excerpt":{"rendered":"<p>\ud83c\udf3f Armario Buffet de Rat\u00e1n Hecho a Mano: Elegante y funcional \ud83c\udf3f \ud83c\udf8b Dise\u00f1o artesanal de rat\u00e1n: Material de rat\u00e1n transpirable y duradero \ud83c\udf43 Combina<\/p>","protected":false},"featured_media":116196,"comment_status":"open","ping_status":"closed","template":"","meta":[],"product_brand":[],"product_cat":[30821,30971,30846,32],"product_tag":[],"class_list":{"0":"post-56804","1":"product","2":"type-product","3":"status-publish","4":"has-post-thumbnail","6":"product_cat-console-table","7":"product_cat-hp","8":"product_cat-living-room","9":"product_cat-residential-furniture","11":"first","12":"outofstock","13":"taxable","14":"shipping-taxable","15":"purchasable","16":"product-type-simple"},"_links":{"self":[{"href":"https:\/\/nexgendecors.com\/es\/wp-json\/wp\/v2\/product\/56804","targetHints":{"allow":["GET"]}}],"collection":[{"href":"https:\/\/nexgendecors.com\/es\/wp-json\/wp\/v2\/product"}],"about":[{"href":"https:\/\/nexgendecors.com\/es\/wp-json\/wp\/v2\/types\/product"}],"replies":[{"embeddable":true,"href":"https:\/\/nexgendecors.com\/es\/wp-json\/wp\/v2\/comments?post=56804"}],"version-history":[{"count":0,"href":"https:\/\/nexgendecors.com\/es\/wp-json\/wp\/v2\/product\/56804\/revisions"}],"wp:featuredmedia":[{"embeddable":true,"href":"https:\/\/nexgendecors.com\/es\/wp-json\/wp\/v2\/media\/116196"}],"wp:attachment":[{"href":"https:\/\/nexgendecors.com\/es\/wp-json\/wp\/v2\/media?parent=56804"}],"wp:term":[{"taxonomy":"product_brand","embeddable":true,"href":"https:\/\/nexgendecors.com\/es\/wp-json\/wp\/v2\/product_brand?post=56804"},{"taxonomy":"product_cat","embeddable":true,"href":"https:\/\/nexgendecors.com\/es\/wp-json\/wp\/v2\/product_cat?post=56804"},{"taxonomy":"product_tag","embeddable":true,"href":"https:\/\/nexgendecors.com\/es\/wp-json\/wp\/v2\/product_tag?post=56804"}],"curies":[{"name":"wp","href":"https:\/\/api.w.org\/{rel}","templated":true}]}}