{"id":56975,"date":"2025-01-26T02:47:30","date_gmt":"2025-01-26T02:47:30","guid":{"rendered":"https:\/\/nexgendecors.com\/product\/french-cream-style-five-drawer-chest-of-drawers-bedroom-six-drawer-chest-of-drawers-light-luxury-porch-chest-of-drawers-small-household-living-room-decorative-cabinet-2\/"},"modified":"2025-04-06T08:36:16","modified_gmt":"2025-04-06T08:36:16","slug":"french-cream-style-five-drawer-chest-of-drawers-bedroom-six-drawer-chest-of-drawers-light-luxury-porch-chest-of-drawers-small-household-living-room-decorative-cabinet-2","status":"publish","type":"product","link":"https:\/\/nexgendecors.com\/es\/product\/french-cream-style-five-drawer-chest-of-drawers-bedroom-six-drawer-chest-of-drawers-light-luxury-porch-chest-of-drawers-small-household-living-room-decorative-cabinet-2\/","title":{"rendered":"C\u00f3moda francesa de cinco cajones en color crema: dise\u00f1o ligero y lujoso"},"content":{"rendered":"<ul>\n<li>\n<strong>marca<\/strong>:otro\/otro<\/li>\n<li>\n<strong>modelo<\/strong>:sjhfdui41<\/li>\n<li>\n<strong>Material<\/strong>:Madera<\/li>\n<li>\n<strong>estilo<\/strong>:Estilo Crema<\/li>\n<li>\n<strong>Instalaci\u00f3n<\/strong>:Embalar<\/li>\n<li>\n<strong>ordenar por color<\/strong>:Chest of drawers, 1.2m chest of drawers, 1.4m chest of drawers, 1.6m chest of drawers<\/li>\n<li>\n<strong>\u00bfEs personalizable?<\/strong>:S\u00ed<\/li>\n<li>\n<strong>Adecuado<\/strong>:Adultos<\/li>\n<li>\n<strong>N\u00famero de peleas<\/strong>:5 buckets<\/li>\n<li>\n<strong>Armar<\/strong>:No<\/li>\n<\/ul>\n<p><img><\/p>","protected":false},"excerpt":{"rendered":"<p>Marca: otro\/otro Modelo: sjhfdui41 Material: Madera Estilo: Estilo crema Instalaci\u00f3n: Paquete Ordenar por color: C\u00f3moda, C\u00f3moda de 1,2 m, C\u00f3moda de 1,4 m, C\u00f3moda de 1,6 m<\/p>","protected":false},"featured_media":116290,"comment_status":"open","ping_status":"closed","template":"","meta":[],"product_brand":[],"product_cat":[30858,30862,30971,30850,30851],"product_tag":[],"class_list":{"0":"post-56975","1":"product","2":"type-product","3":"status-publish","4":"has-post-thumbnail","6":"product_cat-wholesale-bedroom","7":"product_cat-wholesales-hotels","8":"product_cat-hp","9":"product_cat-wholesale-furniture","10":"product_cat-wholesale-cabinets","12":"first","13":"instock","14":"taxable","15":"shipping-taxable","16":"purchasable","17":"product-type-variable"},"_links":{"self":[{"href":"https:\/\/nexgendecors.com\/es\/wp-json\/wp\/v2\/product\/56975","targetHints":{"allow":["GET"]}}],"collection":[{"href":"https:\/\/nexgendecors.com\/es\/wp-json\/wp\/v2\/product"}],"about":[{"href":"https:\/\/nexgendecors.com\/es\/wp-json\/wp\/v2\/types\/product"}],"replies":[{"embeddable":true,"href":"https:\/\/nexgendecors.com\/es\/wp-json\/wp\/v2\/comments?post=56975"}],"version-history":[{"count":0,"href":"https:\/\/nexgendecors.com\/es\/wp-json\/wp\/v2\/product\/56975\/revisions"}],"wp:featuredmedia":[{"embeddable":true,"href":"https:\/\/nexgendecors.com\/es\/wp-json\/wp\/v2\/media\/116290"}],"wp:attachment":[{"href":"https:\/\/nexgendecors.com\/es\/wp-json\/wp\/v2\/media?parent=56975"}],"wp:term":[{"taxonomy":"product_brand","embeddable":true,"href":"https:\/\/nexgendecors.com\/es\/wp-json\/wp\/v2\/product_brand?post=56975"},{"taxonomy":"product_cat","embeddable":true,"href":"https:\/\/nexgendecors.com\/es\/wp-json\/wp\/v2\/product_cat?post=56975"},{"taxonomy":"product_tag","embeddable":true,"href":"https:\/\/nexgendecors.com\/es\/wp-json\/wp\/v2\/product_tag?post=56975"}],"curies":[{"name":"wp","href":"https:\/\/api.w.org\/{rel}","templated":true}]}}