{"id":57270,"date":"2025-01-26T02:48:08","date_gmt":"2025-01-26T02:48:08","guid":{"rendered":"https:\/\/nexgendecors.com\/product\/fushi-yamashita-big-eyes-smile-shoe-changing-stool-green-dopamine-cute-small-stool-chair-childrens-chair-bench\/"},"modified":"2025-04-06T08:37:01","modified_gmt":"2025-04-06T08:37:01","slug":"fushi-yamashita-taburete-para-cambiar-zapatos-con-ojos-grandes-y-sonrisa-dopamina-verde-lindo-taburete-pequeno-silla-para-ninos-banco","status":"publish","type":"product","link":"https:\/\/nexgendecors.com\/es\/product\/fushi-yamashita-taburete-para-cambiar-zapatos-con-ojos-grandes-y-sonrisa-dopamina-verde-lindo-taburete-pequeno-silla-para-ninos-banco\/","title":{"rendered":"Fushi Yamashita Bonito taburete verde para cambiar los zapatos a los ni\u00f1os"},"content":{"rendered":"<ul>\n<li>\n<strong>marca<\/strong>:otro\/otro<\/li>\n<li>\n<strong>modelo<\/strong>:354654<\/li>\n<li>\n<strong>elementos populares<\/strong>:otro<\/li>\n<li>\n<strong>\u00bfEs personalizable?<\/strong>:No<\/li>\n<li>\n<strong>Distritos y condados<\/strong>\u00c1rea de Dongcheng<\/li>\n<li>\n<strong>Material<\/strong>:pl\u00e1stico<\/li>\n<li>\n<strong>Origen<\/strong>Pek\u00edn<\/li>\n<li>\n<strong>ciudad<\/strong>Pek\u00edn<\/li>\n<li>\n<strong>\u00bfHay taxi disponible para transporte?<\/strong>:S\u00ed<\/li>\n<li>\n<strong>Posicionamiento de estilo<\/strong>:Estilo art\u00edstico<\/li>\n<li>\n<strong>ordenar por color<\/strong>:Verde (taburete para cambiar zapatos) Polystone, Negro (taburete para cambiar zapatos) Polystone, Amarillo (taburete para cambiar zapatos) Polystone, Azul (taburete para cambiar zapatos) Polystone, Modelo infantil Bonnie 26*26*35cm Material PP, Almohada Bass Woody cada uno<\/li>\n<li>\n<strong><\/strong>:<\/li>\n<\/ul>\n<p><img><\/p>","protected":false},"excerpt":{"rendered":"<p>marca:otro\/otro modelo:354654 elementos populares:otro \u00bfEs personalizable?:no Distritos y condados:zona de Dongcheng Material:pl\u00e1stico Origen:Pek\u00edn ciudad:Pek\u00edn \u00bfHay taxi disponible para el transporte?:s\u00ed Estilo<\/p>","protected":false},"featured_media":116541,"comment_status":"open","ping_status":"closed","template":"","meta":[],"product_brand":[],"product_cat":[30899,30971,30849],"product_tag":[],"class_list":{"0":"post-57270","1":"product","2":"type-product","3":"status-publish","4":"has-post-thumbnail","6":"product_cat-bs-kindergarten","7":"product_cat-hp","8":"product_cat-kindergarten-school-furniture","10":"first","11":"instock","12":"taxable","13":"shipping-taxable","14":"purchasable","15":"product-type-variable"},"_links":{"self":[{"href":"https:\/\/nexgendecors.com\/es\/wp-json\/wp\/v2\/product\/57270","targetHints":{"allow":["GET"]}}],"collection":[{"href":"https:\/\/nexgendecors.com\/es\/wp-json\/wp\/v2\/product"}],"about":[{"href":"https:\/\/nexgendecors.com\/es\/wp-json\/wp\/v2\/types\/product"}],"replies":[{"embeddable":true,"href":"https:\/\/nexgendecors.com\/es\/wp-json\/wp\/v2\/comments?post=57270"}],"version-history":[{"count":0,"href":"https:\/\/nexgendecors.com\/es\/wp-json\/wp\/v2\/product\/57270\/revisions"}],"wp:featuredmedia":[{"embeddable":true,"href":"https:\/\/nexgendecors.com\/es\/wp-json\/wp\/v2\/media\/116541"}],"wp:attachment":[{"href":"https:\/\/nexgendecors.com\/es\/wp-json\/wp\/v2\/media?parent=57270"}],"wp:term":[{"taxonomy":"product_brand","embeddable":true,"href":"https:\/\/nexgendecors.com\/es\/wp-json\/wp\/v2\/product_brand?post=57270"},{"taxonomy":"product_cat","embeddable":true,"href":"https:\/\/nexgendecors.com\/es\/wp-json\/wp\/v2\/product_cat?post=57270"},{"taxonomy":"product_tag","embeddable":true,"href":"https:\/\/nexgendecors.com\/es\/wp-json\/wp\/v2\/product_tag?post=57270"}],"curies":[{"name":"wp","href":"https:\/\/api.w.org\/{rel}","templated":true}]}}