{"id":57317,"date":"2025-01-26T02:48:16","date_gmt":"2025-01-26T02:48:16","guid":{"rendered":"https:\/\/nexgendecors.com\/product\/net-red-feather-small-tile-bathroom-wall-brick-milk-tea-restaurant-art-background-wall-brick-balcony-magic-color-handmade-brick\/"},"modified":"2025-04-15T11:18:11","modified_gmt":"2025-04-15T11:18:11","slug":"red-roja-pluma-pequena-azulejo-bano-pared-ladrillo-leche-te-restaurante-arte-fondo-pared-ladrillo-balcon-color-magico-ladrillo-hecho-a-mano","status":"publish","type":"product","link":"https:\/\/nexgendecors.com\/es\/product\/red-roja-pluma-pequena-azulejo-bano-pared-ladrillo-leche-te-restaurante-arte-fondo-pared-ladrillo-balcon-color-magico-ladrillo-hecho-a-mano\/","title":{"rendered":"Mosaico de plumas FYLLO: Colecci\u00f3n de plumaje elegante"},"content":{"rendered":"<div id=\"J_BrandAttr\">\n<div class=\"name\">\n<div class=\"name\"><span>Un magn\u00edfico dise\u00f1o de azulejos naturalistas que evoca una pluma o una hoja de palma. Su elecci\u00f3n de color y acabado de esmalte transformar\u00e1 este dise\u00f1o en diferentes estilos de decoraci\u00f3n.<\/span><\/div>\n<div class=\"name\">\n<span><\/span>\n<\/div>\n<div class=\"name\">\n<span><strong>Tama\u00f1o de una pieza individual:<\/strong><br \/><\/span><\/p>\n<ul>\n<li><span>Hoja 90x185mm<\/span><\/li>\n<\/ul>\n<p><span><strong>Colores disponibles:<\/strong><br \/><\/span><\/p>\n<ul>\n<li><span>P\u00farpura | Dorado | Verde oscuro<\/span><\/li>\n<\/ul>\n<p><span><strong>INFORMACI\u00d3N DEL PRODUCTO:<\/strong><br \/><\/span><\/p>\n<ul>\n<li><span>\u00c1reas adecuadas: Ba\u00f1o, Cocina, Tocador, Lavander\u00eda, Interior<\/span><\/li>\n<li><span>Hecho de cer\u00e1mica<\/span><\/li>\n<li><span>Acabado brillante<\/span><\/li>\n<li><span>Esmalte craquelado<\/span><\/li>\n<li><span>Borde no rectificado<\/span><\/li>\n<li><span>62 piezas por caja<\/span><\/li>\n<li><span>102 baldosas para un metro cuadrado<\/span><\/li>\n<li><span>Se recomienda sellar<\/span><\/li>\n<li><span>F\u00e1cil de limpiar y mantener.<\/span><\/li>\n<\/ul>\n<\/div>\n<p>\n<\/div>\n<\/div>\n<ul id=\"J_AttrUL\"><!-- \u5065\u5b57\u53f7\u76f8\u5173--><\/ul>","protected":false},"excerpt":{"rendered":"<p>Un precioso dise\u00f1o de azulejo naturalista, que recuerda a una pluma o a una hoja de palmera. Color de esmalte y acabado a elegir<\/p>","protected":false},"featured_media":116582,"comment_status":"open","ping_status":"closed","template":"","meta":[],"product_brand":[],"product_cat":[30894,30971,30986,30878],"product_tag":[],"class_list":{"0":"post-57317","1":"product","2":"type-product","3":"status-publish","4":"has-post-thumbnail","6":"product_cat-bs-wall-panels","7":"product_cat-hp","8":"product_cat-tiles-wall-bricks","9":"product_cat-wall-panel","11":"first","12":"instock","13":"sale","14":"taxable","15":"shipping-taxable","16":"purchasable","17":"product-type-variable"},"_links":{"self":[{"href":"https:\/\/nexgendecors.com\/es\/wp-json\/wp\/v2\/product\/57317","targetHints":{"allow":["GET"]}}],"collection":[{"href":"https:\/\/nexgendecors.com\/es\/wp-json\/wp\/v2\/product"}],"about":[{"href":"https:\/\/nexgendecors.com\/es\/wp-json\/wp\/v2\/types\/product"}],"replies":[{"embeddable":true,"href":"https:\/\/nexgendecors.com\/es\/wp-json\/wp\/v2\/comments?post=57317"}],"version-history":[{"count":0,"href":"https:\/\/nexgendecors.com\/es\/wp-json\/wp\/v2\/product\/57317\/revisions"}],"wp:featuredmedia":[{"embeddable":true,"href":"https:\/\/nexgendecors.com\/es\/wp-json\/wp\/v2\/media\/116582"}],"wp:attachment":[{"href":"https:\/\/nexgendecors.com\/es\/wp-json\/wp\/v2\/media?parent=57317"}],"wp:term":[{"taxonomy":"product_brand","embeddable":true,"href":"https:\/\/nexgendecors.com\/es\/wp-json\/wp\/v2\/product_brand?post=57317"},{"taxonomy":"product_cat","embeddable":true,"href":"https:\/\/nexgendecors.com\/es\/wp-json\/wp\/v2\/product_cat?post=57317"},{"taxonomy":"product_tag","embeddable":true,"href":"https:\/\/nexgendecors.com\/es\/wp-json\/wp\/v2\/product_tag?post=57317"}],"curies":[{"name":"wp","href":"https:\/\/api.w.org\/{rel}","templated":true}]}}