{"id":57331,"date":"2025-01-26T02:48:20","date_gmt":"2025-01-26T02:48:20","guid":{"rendered":"https:\/\/nexgendecors.com\/product\/gad-banana-sofa-cafe-bar-outdoor-table-and-chair-combination-clear-bar-bbq-restaurant-terrace-outdoor-long-table\/"},"modified":"2025-04-06T08:37:17","modified_gmt":"2025-04-06T08:37:17","slug":"gad-banana-sofa-cafe-bar-outdoor-table-and-chair-combination-clear-bar-bbq-restaurant-terrace-outdoor-long-table","status":"publish","type":"product","link":"https:\/\/nexgendecors.com\/es\/product\/gad-banana-sofa-cafe-bar-outdoor-table-and-chair-combination-clear-bar-bbq-restaurant-terrace-outdoor-long-table\/","title":{"rendered":"Conjunto de mesa y sillas de bar para exteriores GAD Banana: un elegante conjunto para barbacoa"},"content":{"rendered":"<ul>\n<li>\n<strong>marca<\/strong>:ESTUDIO GAD<\/li>\n<li>\n<strong>modelo<\/strong>:GA-58919<\/li>\n<li>\n<strong>estilo<\/strong>:Industrial style<\/li>\n<li>\n<strong>Origen<\/strong>:Provincia de Fujian<\/li>\n<li>\n<strong>Tipo de paquete<\/strong>:Est\u00e1ndar oficial<\/li>\n<li>\n<strong>ordenar por color<\/strong>:Banana sofa chair without cushions black, banana sofa chair cushions black, bird of paradise sofa chair without cushions black, bird of paradise sofa chair cushions black, horizon sofa chair without cushions black, horizon sofa chair cushions black, cheese sofa chair black, dragonfly chair black, rhino sunflower outdoor chair (aluminum alloy) black, spring feather chair black, meteorite chair plastic wood black, cheese chair black, bird of paradise chair black, claw chair black, prismatic square table 70*70*65 high black, prismatic square table 70*70*75 high black, plastic wood square table 70*70*65 high, plastic wood square table 70*70*75 high, prism outdoor long table 140X67X75 high (for outdoor chairs), prism outdoor long table 160X67X68 high (for outdoor sofa chairs), hole square table 70*70*65 high black, hole square table 70*70*75 high black, hole outdoor long table 140X67X75 high (for outdoor chairs), hole outdoor long table 160X67X68 high (for outdoor sofa chairs), prism square table 70+ banana sofa chair 2 without cushions in black, prismatic square table 70 + 4 banana sofa chairs without cushions in black, prismatic square table 70 + 2 banana sofa chairs with cushions in black, prismatic square table 70 + 4 banana sofa chairs with cushions in black, prismatic long table 160 + 4 banana sofa chairs with cushions in black, prismatic square table 70 + 4 bird of paradise sofa chairs with cushions, prismatic long table 160 + 4 bird of paradise sofa chairs with cushions in black, prismatic square table 70 + 4 bird of paradise chairs with cushions in black, prismatic long table 140 + 4 bird of paradise chairs with cushions in black, prismatic square table 7 0+Rhino sunflower outdoor chair (aluminum alloy) 4 black, prism long table 140+Rhino sunflower chair 4 black, prism square table 70+Dragonfly chair 4 black, prism square table 70+Spring feather chair 4 black, prism square table 70+Meteorite chair 4 black, plastic wood square table 70+Meteorite chair 4 black, prism square table 70+Paw chair 4 black, hole square table 70+Cheese chair 4 black, hole long table 140+Cheese chair 4 black, hole square table 70+Cheese sofa chair 4 black, hole long table 160+Cheese sofa chair 4 black, custom<\/li>\n<\/ul>\n<p><img><\/p>","protected":false},"excerpt":{"rendered":"<p>Marca: GAD STUDIO Modelo: GA-58919 Estilo: Estilo industrial Origen: Provincia de Fujian Tipo de paquete: Est\u00e1ndar oficial Ordenar por color: Sill\u00f3n tipo banana sin cojines negro, sof\u00e1 tipo banana<\/p>","protected":false},"featured_media":116609,"comment_status":"open","ping_status":"closed","template":"","meta":[],"product_brand":[],"product_cat":[30897,30971,30856,30860],"product_tag":[],"class_list":{"0":"post-57331","1":"product","2":"type-product","3":"status-publish","4":"has-post-thumbnail","6":"product_cat-bs-restaurant","7":"product_cat-hp","8":"product_cat-outdoor-furniture","9":"product_cat-wholesale-restaurant","11":"first","12":"instock","13":"sale","14":"taxable","15":"shipping-taxable","16":"purchasable","17":"product-type-variable"},"_links":{"self":[{"href":"https:\/\/nexgendecors.com\/es\/wp-json\/wp\/v2\/product\/57331","targetHints":{"allow":["GET"]}}],"collection":[{"href":"https:\/\/nexgendecors.com\/es\/wp-json\/wp\/v2\/product"}],"about":[{"href":"https:\/\/nexgendecors.com\/es\/wp-json\/wp\/v2\/types\/product"}],"replies":[{"embeddable":true,"href":"https:\/\/nexgendecors.com\/es\/wp-json\/wp\/v2\/comments?post=57331"}],"version-history":[{"count":0,"href":"https:\/\/nexgendecors.com\/es\/wp-json\/wp\/v2\/product\/57331\/revisions"}],"wp:featuredmedia":[{"embeddable":true,"href":"https:\/\/nexgendecors.com\/es\/wp-json\/wp\/v2\/media\/116609"}],"wp:attachment":[{"href":"https:\/\/nexgendecors.com\/es\/wp-json\/wp\/v2\/media?parent=57331"}],"wp:term":[{"taxonomy":"product_brand","embeddable":true,"href":"https:\/\/nexgendecors.com\/es\/wp-json\/wp\/v2\/product_brand?post=57331"},{"taxonomy":"product_cat","embeddable":true,"href":"https:\/\/nexgendecors.com\/es\/wp-json\/wp\/v2\/product_cat?post=57331"},{"taxonomy":"product_tag","embeddable":true,"href":"https:\/\/nexgendecors.com\/es\/wp-json\/wp\/v2\/product_tag?post=57331"}],"curies":[{"name":"wp","href":"https:\/\/api.w.org\/{rel}","templated":true}]}}